{"id":6602,"date":"2025-09-08T13:28:53","date_gmt":"2025-09-08T18:28:53","guid":{"rendered":"https:\/\/absolutlaprairie.ca\/?post_type=product&#038;p=6602"},"modified":"2025-09-08T13:28:53","modified_gmt":"2025-09-08T18:28:53","slug":"gamma-boosted-super-torque-clipper","status":"publish","type":"product","link":"https:\/\/absolutlaprairie.ca\/en\/product\/gamma-boosted-super-torque-clipper\/","title":{"rendered":"Gamma+ Boosted Super-Torque Clipper"},"content":{"rendered":"<ul>\n<li><strong><span dir=\"auto\">MOTEUR SUPER TORQUE<\/span><\/strong><span dir=\"auto\">\u00a0avec un fonctionnement silencieux \u00e0 7 200 tr\/min<\/span><\/li>\n<li><strong><span dir=\"auto\">Les lames DOUBLE BLACK DIAMOND CARBON DLC<\/span><\/strong><span dir=\"auto\">\u00a0sont enti\u00e8rement r\u00e9glables, sans espace pour une coupe et une finition au plus pr\u00e8s.<\/span><br \/>\n<span dir=\"auto\">RECHARGEABLE PAR USB POUR UNE AUTONOMIE SANS FIL DE 3 HEURES AVEC UN C\u00c2BLE USB UNIVERSEL<\/span><\/li>\n<li><strong><span dir=\"auto\">COULEURS DE COUVERCLE PERSONNALISABLES<\/span><\/strong><span dir=\"auto\">\u00a0et\u00a0<strong>LEVIER FLOTTANT\u00a0<\/strong><\/span><strong><span dir=\"auto\">R\u00c9GLABLE<\/span><\/strong>\u00a0<span dir=\"auto\">pour un r\u00e9glage de coupe en douceur<\/span><\/li>\n<li><strong><span dir=\"auto\">COMPREND<\/span><\/strong><span dir=\"auto\">\u00a0:<\/span>\n<ul>\n<li><span dir=\"auto\">Tondeuse,<\/span><\/li>\n<li><span dir=\"auto\">Lame de d\u00e9lav\u00e9 Black Diamond Carbon,<\/span><\/li>\n<li><span dir=\"auto\">Fraise \u00e0 dents fines et profondes noires,<\/span><\/li>\n<li><span dir=\"auto\">8 protections magn\u00e9tiques Dub (1\/16\u201d, 1\/8\u201d, 3\/16\u201d, 1\/4\u201d, 3\/8\u201d, 1\/2\u201d, 5\/8\u201d, 3\/4\u201d),<\/span><\/li>\n<li><span dir=\"auto\">kit de nettoyage et d&#8217;entretien,<\/span><\/li>\n<li><span dir=\"auto\">mini tournevis<\/span><\/li>\n<li><span dir=\"auto\">Support de charge<\/span><\/li>\n<\/ul>\n<\/li>\n<\/ul>\n","protected":false},"excerpt":{"rendered":"<p>MOTEUR SUPER TORQUE\u00a0avec un fonctionnement silencieux \u00e0 7 200 tr\/min Les lames DOUBLE BLACK DIAMOND CARBON DLC\u00a0sont enti\u00e8rement r\u00e9glables, sans espace pour une coupe et une finition au plus pr\u00e8s. RECHARGEABLE PAR USB POUR UNE AUTONOMIE SANS FIL DE 3 HEURES AVEC UN C\u00c2BLE USB UNIVERSEL COULEURS DE COUVERCLE PERSONNALISABLES\u00a0et\u00a0LEVIER FLOTTANT\u00a0R\u00c9GLABLE\u00a0pour un r\u00e9glage de coupe [&hellip;]<\/p>\n","protected":false},"featured_media":6605,"comment_status":"open","ping_status":"closed","template":"","meta":{"_acf_changed":false,"_seopress_robots_primary_cat":"","_seopress_titles_title":"","_seopress_titles_desc":"","_seopress_robots_index":""},"product_brand":[],"product_cat":[69],"product_tag":[],"class_list":{"0":"post-6602","1":"product","2":"type-product","3":"status-publish","4":"has-post-thumbnail","6":"product_cat-tondeuse-sechoir","8":"first","9":"instock","10":"taxable","11":"shipping-taxable","12":"purchasable","13":"product-type-simple"},"acf":[],"_links":{"self":[{"href":"https:\/\/absolutlaprairie.ca\/en\/wp-json\/wp\/v2\/product\/6602","targetHints":{"allow":["GET"]}}],"collection":[{"href":"https:\/\/absolutlaprairie.ca\/en\/wp-json\/wp\/v2\/product"}],"about":[{"href":"https:\/\/absolutlaprairie.ca\/en\/wp-json\/wp\/v2\/types\/product"}],"replies":[{"embeddable":true,"href":"https:\/\/absolutlaprairie.ca\/en\/wp-json\/wp\/v2\/comments?post=6602"}],"wp:featuredmedia":[{"embeddable":true,"href":"https:\/\/absolutlaprairie.ca\/en\/wp-json\/wp\/v2\/media\/6605"}],"wp:attachment":[{"href":"https:\/\/absolutlaprairie.ca\/en\/wp-json\/wp\/v2\/media?parent=6602"}],"wp:term":[{"taxonomy":"product_brand","embeddable":true,"href":"https:\/\/absolutlaprairie.ca\/en\/wp-json\/wp\/v2\/product_brand?post=6602"},{"taxonomy":"product_cat","embeddable":true,"href":"https:\/\/absolutlaprairie.ca\/en\/wp-json\/wp\/v2\/product_cat?post=6602"},{"taxonomy":"product_tag","embeddable":true,"href":"https:\/\/absolutlaprairie.ca\/en\/wp-json\/wp\/v2\/product_tag?post=6602"}],"curies":[{"name":"wp","href":"https:\/\/api.w.org\/{rel}","templated":true}]}}