{"id":6592,"date":"2025-09-08T13:13:49","date_gmt":"2025-09-08T18:13:49","guid":{"rendered":"https:\/\/absolutlaprairie.ca\/?post_type=product&#038;p=6592"},"modified":"2025-09-08T13:13:49","modified_gmt":"2025-09-08T18:13:49","slug":"babylisspro-x-tomb45-wireless-charging-clipper","status":"publish","type":"product","link":"https:\/\/absolutlaprairie.ca\/en\/product\/babylisspro-x-tomb45-wireless-charging-clipper\/","title":{"rendered":"BaBylissPRO x Tomb45 &#8211; Wireless Charging Clipper"},"content":{"rendered":"<p>Cette collaboration r\u00e9unit deux leaders avec un objectif commun\u00a0: r\u00e9volutionner les outils et la formation des barbiers du monde entier. Alliant innovation et expertise, BaBylissPRO et Tomb45 ont cr\u00e9\u00e9 des outils con\u00e7us pour des performances optimales et dot\u00e9s de fonctionnalit\u00e9s innovantes. Con\u00e7us avec des barbiers, pour des barbiers, chaque d\u00e9tail est pens\u00e9 pour am\u00e9liorer l&#8217;exp\u00e9rience de coupe. Deux forces. Une mission. Fa\u00e7onner l&#8217;avenir, ensemble.<\/p>\n","protected":false},"excerpt":{"rendered":"<p>Cette collaboration r\u00e9unit deux leaders avec un objectif commun\u00a0: r\u00e9volutionner les outils et la formation des barbiers du monde entier. Alliant innovation et expertise, BaBylissPRO et Tomb45 ont cr\u00e9\u00e9 des outils con\u00e7us pour des performances optimales et dot\u00e9s de fonctionnalit\u00e9s innovantes. Con\u00e7us avec des barbiers, pour des barbiers, chaque d\u00e9tail est pens\u00e9 pour am\u00e9liorer l&#8217;exp\u00e9rience [&hellip;]<\/p>\n","protected":false},"featured_media":6595,"comment_status":"open","ping_status":"closed","template":"","meta":{"_acf_changed":false,"_seopress_robots_primary_cat":"","_seopress_titles_title":"","_seopress_titles_desc":"","_seopress_robots_index":""},"product_brand":[],"product_cat":[69],"product_tag":[],"class_list":{"0":"post-6592","1":"product","2":"type-product","3":"status-publish","4":"has-post-thumbnail","6":"product_cat-tondeuse-sechoir","8":"first","9":"instock","10":"taxable","11":"shipping-taxable","12":"purchasable","13":"product-type-simple"},"acf":[],"_links":{"self":[{"href":"https:\/\/absolutlaprairie.ca\/en\/wp-json\/wp\/v2\/product\/6592","targetHints":{"allow":["GET"]}}],"collection":[{"href":"https:\/\/absolutlaprairie.ca\/en\/wp-json\/wp\/v2\/product"}],"about":[{"href":"https:\/\/absolutlaprairie.ca\/en\/wp-json\/wp\/v2\/types\/product"}],"replies":[{"embeddable":true,"href":"https:\/\/absolutlaprairie.ca\/en\/wp-json\/wp\/v2\/comments?post=6592"}],"wp:featuredmedia":[{"embeddable":true,"href":"https:\/\/absolutlaprairie.ca\/en\/wp-json\/wp\/v2\/media\/6595"}],"wp:attachment":[{"href":"https:\/\/absolutlaprairie.ca\/en\/wp-json\/wp\/v2\/media?parent=6592"}],"wp:term":[{"taxonomy":"product_brand","embeddable":true,"href":"https:\/\/absolutlaprairie.ca\/en\/wp-json\/wp\/v2\/product_brand?post=6592"},{"taxonomy":"product_cat","embeddable":true,"href":"https:\/\/absolutlaprairie.ca\/en\/wp-json\/wp\/v2\/product_cat?post=6592"},{"taxonomy":"product_tag","embeddable":true,"href":"https:\/\/absolutlaprairie.ca\/en\/wp-json\/wp\/v2\/product_tag?post=6592"}],"curies":[{"name":"wp","href":"https:\/\/api.w.org\/{rel}","templated":true}]}}