{"id":6587,"date":"2025-09-08T13:08:53","date_gmt":"2025-09-08T18:08:53","guid":{"rendered":"https:\/\/absolutlaprairie.ca\/?post_type=product&#038;p=6587"},"modified":"2025-09-08T13:08:53","modified_gmt":"2025-09-08T18:08:53","slug":"babylisspro-fxone-lo-profx-clipper-black","status":"publish","type":"product","link":"https:\/\/absolutlaprairie.ca\/en\/product\/babylisspro-fxone-lo-profx-clipper-black\/","title":{"rendered":"BaBylissPRO &#8211; FXONE Lo\/ProFX Clipper (Black)"},"content":{"rendered":"<h4 class=\"section-title\"><span dir=\"auto\">Description<\/span><\/h4>\n<div class=\"section-content\">\n<div class=\"product-description \">\n<div class=\"rte-content\">\n<p><b><span dir=\"auto\">BaBylissPRO &#8211; Tondeuse FXONE Lo-ProFX<\/span><\/b><\/p>\n<p><span dir=\"auto\">La tondeuse BaBylissPRO FXONE\u2122 Lo-ProFX haute performance \u00e0 profil bas, couleur argent (mod\u00e8le FX829), est une tondeuse \u00e0 cheveux sans fil de qualit\u00e9 professionnelle, con\u00e7ue pour la pr\u00e9cision et l&#8217;efficacit\u00e9. Elle est \u00e9quip\u00e9e d&#8217;une batterie lithium-ion interchangeable, compatible avec tous les outils FXONE, offrant jusqu&#8217;\u00e0 2,5 heures d&#8217;autonomie. Elle est aliment\u00e9e par un moteur sans balais N1 tournant \u00e0 6\u00a0800 tr\/min, \u00e9quip\u00e9 de doubles roulements \u00e0 billes pour une efficacit\u00e9 et une long\u00e9vit\u00e9 accrues. Elle est \u00e9quip\u00e9e d&#8217;une lame en titane bleu moul\u00e9e par injection (MIM), dot\u00e9e d&#8217;un r\u00e9servoir d&#8217;huile int\u00e9gr\u00e9 pour une lubrification constante, garantissant des temp\u00e9ratures de lame basses et un r\u00e9glage sans jeu pour une coupe pr\u00e9cise. Parmi les autres caract\u00e9ristiques, citons un levier de r\u00e9glage extensible verrouillable \u00e0 5 positions, un capot de protection m\u00e9tallique ultra-plat et une poign\u00e9e ergonomique pour une prise en main confortable. L&#8217;ensemble comprend six sabots, un chargeur de batterie bi-tension et une garantie limit\u00e9e de 2 ans.\u00a0<\/span><\/p>\n<ul>\n<li><span dir=\"auto\">Moteur brushless N1 (6\u00a0800 tr\/min) : Double roulement \u00e0 billes pour plus d&#8217;efficacit\u00e9 &#8211; Longue dur\u00e9e de vie<\/span><\/li>\n<li><span dir=\"auto\">Lame de coupe en titane bleu moul\u00e9e par injection de m\u00e9tal (MIM) : R\u00e9servoir d&#8217;huile int\u00e9gr\u00e9 pour une lubrification constante &#8211; Temp\u00e9rature de lame inf\u00e9rieure &#8211; Z\u00e9ro \u00e9cart r\u00e9glable<\/span><\/li>\n<li><span dir=\"auto\">Batterie lithium-ion interchangeable : Jusqu&#8217;\u00e0 2,5 heures d&#8217;autonomie &#8211; Bouton de d\u00e9verrouillage rapide de la batterie &#8211; Indicateur de batterie \u00e0 anneau LED \u00e0 4 niveaux<\/span><\/li>\n<li><span dir=\"auto\">Contr\u00f4le de l&#8217;allongement et du c\u00f4ne de verrouillage \u00e0 5 crans<\/span><\/li>\n<li><span dir=\"auto\">Comprend 6 guides de coupe : 1\/16\u201d, 1\/8\u201d, 3\/16\u201d, 1\/4\u201d, 3\/8\u201d, 1\/2\u201d<\/span><\/li>\n<li><span dir=\"auto\">Poign\u00e9e ergonomique<\/span><\/li>\n<li><span dir=\"auto\">Comprend une batterie (FXBB24) et une base de charge double tension (FXTRAVL)<\/span><\/li>\n<li><span dir=\"auto\">Lame de rechange : FX8022BL (vendue s\u00e9par\u00e9ment)<\/span><\/li>\n<li><span dir=\"auto\">Garantie : 2 ans<\/span><\/li>\n<\/ul>\n<\/div>\n<\/div>\n<\/div>\n","protected":false},"excerpt":{"rendered":"<p>Description BaBylissPRO &#8211; Tondeuse FXONE Lo-ProFX La tondeuse BaBylissPRO FXONE\u2122 Lo-ProFX haute performance \u00e0 profil bas, couleur argent (mod\u00e8le FX829), est une tondeuse \u00e0 cheveux sans fil de qualit\u00e9 professionnelle, con\u00e7ue pour la pr\u00e9cision et l&#8217;efficacit\u00e9. Elle est \u00e9quip\u00e9e d&#8217;une batterie lithium-ion interchangeable, compatible avec tous les outils FXONE, offrant jusqu&#8217;\u00e0 2,5 heures d&#8217;autonomie. Elle [&hellip;]<\/p>\n","protected":false},"featured_media":6590,"comment_status":"open","ping_status":"closed","template":"","meta":{"_acf_changed":false,"_seopress_robots_primary_cat":"","_seopress_titles_title":"","_seopress_titles_desc":"","_seopress_robots_index":""},"product_brand":[],"product_cat":[69],"product_tag":[],"class_list":{"0":"post-6587","1":"product","2":"type-product","3":"status-publish","4":"has-post-thumbnail","6":"product_cat-tondeuse-sechoir","8":"first","9":"instock","10":"taxable","11":"shipping-taxable","12":"purchasable","13":"product-type-simple"},"acf":[],"_links":{"self":[{"href":"https:\/\/absolutlaprairie.ca\/en\/wp-json\/wp\/v2\/product\/6587","targetHints":{"allow":["GET"]}}],"collection":[{"href":"https:\/\/absolutlaprairie.ca\/en\/wp-json\/wp\/v2\/product"}],"about":[{"href":"https:\/\/absolutlaprairie.ca\/en\/wp-json\/wp\/v2\/types\/product"}],"replies":[{"embeddable":true,"href":"https:\/\/absolutlaprairie.ca\/en\/wp-json\/wp\/v2\/comments?post=6587"}],"wp:featuredmedia":[{"embeddable":true,"href":"https:\/\/absolutlaprairie.ca\/en\/wp-json\/wp\/v2\/media\/6590"}],"wp:attachment":[{"href":"https:\/\/absolutlaprairie.ca\/en\/wp-json\/wp\/v2\/media?parent=6587"}],"wp:term":[{"taxonomy":"product_brand","embeddable":true,"href":"https:\/\/absolutlaprairie.ca\/en\/wp-json\/wp\/v2\/product_brand?post=6587"},{"taxonomy":"product_cat","embeddable":true,"href":"https:\/\/absolutlaprairie.ca\/en\/wp-json\/wp\/v2\/product_cat?post=6587"},{"taxonomy":"product_tag","embeddable":true,"href":"https:\/\/absolutlaprairie.ca\/en\/wp-json\/wp\/v2\/product_tag?post=6587"}],"curies":[{"name":"wp","href":"https:\/\/api.w.org\/{rel}","templated":true}]}}