{"id":6582,"date":"2025-09-08T12:24:26","date_gmt":"2025-09-08T17:24:26","guid":{"rendered":"https:\/\/absolutlaprairie.ca\/?post_type=product&#038;p=6582"},"modified":"2025-09-08T12:24:27","modified_gmt":"2025-09-08T17:24:27","slug":"babylisspro-fxone-lo-profx-low-profile-clipper-red","status":"publish","type":"product","link":"https:\/\/absolutlaprairie.ca\/en\/product\/babylisspro-fxone-lo-profx-low-profile-clipper-red\/","title":{"rendered":"BaBylissPRO &#8211; FXONE Lo\/ProFX Low-Profile Clipper (Red)"},"content":{"rendered":"<div id=\"faq-heading1-01\" class=\"mb-2 border-bottom\">\n<div class=\"card-header border pr-0 border-0\"><button class=\"btn-header-link px-0 row collapsed\" data-target=\"#faq-collapse1-01\" aria-expanded=\"false\" aria-controls=\"faq-collapse1-01\"><span class=\"px-0 col-6\">Description<\/span><\/button><\/div>\n<div class=\"card-body\">\n<div id=\"collapsible-description-null\" class=\"value content\">\n<p><u><strong>Premier sur le march\u00e9 !<\/strong><\/u>\u00a0 Nous vous pr\u00e9sentons\u00a0<em>la gamme\u00a0<strong>FXONE\u00a0<\/strong><\/em>!\u00a0 Une pile. Une s\u00e9lection infini d\u2019outils. La gamme versatile\u00a0<strong>FXONE\u00a0<\/strong>avec une seule pile compatible avec tous les outils\u00a0<strong>FXONE.<\/strong>\u00a0Comprend l&#8217;outil, pile et socle de charge.<\/p>\n<\/div>\n<\/div>\n<\/div>\n<div id=\"faq-heading2-01\" class=\"mb-2 border-bottom\">\n<div class=\"card-header border pr-0 border-0\"><button class=\"btn-header-link px-0 row collapsed\" data-toggle=\"collapse\" data-target=\"#faq-collapse2-01\" aria-expanded=\"false\" aria-controls=\"faq-collapse2-01\"><span class=\"d-none d-lg-block col-6 px-0\">Caract\u00e9ristiques et avantages<\/span><\/button><\/div>\n<div class=\"card-body\">\n<div class=\"features-list\">\n<ul>\n<li style=\"list-style-type: none;\">\n<ul>\n<li>Moteur sans balais N1 (6 800 tr\/min)\n<ul>&#8211; Deux roulements \u00e0 billes pour davantage d\u2019efficacit\u00e9 &#8211; Longue dur\u00e9e de vie<\/ul>\n<\/li>\n<\/ul>\n<\/li>\n<\/ul>\n<ul>\n<li style=\"list-style-type: none;\">\n<ul>\n<li>Lame pour d\u00e9grad\u00e9s moul\u00e9e par injection de m\u00e9tal (MIM) avec rev\u00eatement en titane noir\n<ul>&#8211; R\u00e9servoir d\u2019huile int\u00e9gr\u00e9 pour une lubrification constante &#8211; Faible temp\u00e9rature &#8211; R\u00e9glable \u00e0 z\u00e9ro<\/ul>\n<\/li>\n<\/ul>\n<\/li>\n<\/ul>\n<ul>\n<li style=\"list-style-type: none;\">\n<ul>\n<li>Batterie lithium ion interchangeable\n<ul>&#8211; Jusqu\u2019\u00e0 2,5 heures d\u2019autonomie &#8211; Bouton de lib\u00e9ration rapide &#8211; Indicateur DEL de niveau de charge \u00e0 4 niveaux<\/ul>\n<\/li>\n<\/ul>\n<\/li>\n<\/ul>\n<ul>\n<li>Levier de r\u00e9glage de la hauteur de coupe \u00e0 5 positions verrouillables, extensible<\/li>\n<li>Comprend 6 guides de coupe : 1\/16 po, 1\/8 po, 3\/16 po, 1\/4 po, 3\/8 po, 1\/2 po<\/li>\n<li>Prise ergonomique<\/li>\n<li>Comprend pile (FXBB24) et socle de charge bitension rouge (FXTRAVLMR)<\/li>\n<li>Lame de remplacement : FX8022B (vendue s\u00e9par\u00e9ment)<\/li>\n<\/ul>\n<\/div>\n<\/div>\n<\/div>\n","protected":false},"excerpt":{"rendered":"<p>Description Premier sur le march\u00e9 !\u00a0 Nous vous pr\u00e9sentons\u00a0la gamme\u00a0FXONE\u00a0!\u00a0 Une pile. Une s\u00e9lection infini d\u2019outils. La gamme versatile\u00a0FXONE\u00a0avec une seule pile compatible avec tous les outils\u00a0FXONE.\u00a0Comprend l&#8217;outil, pile et socle de charge. Caract\u00e9ristiques et avantages Moteur sans balais N1 (6 800 tr\/min) &#8211; Deux roulements \u00e0 billes pour davantage d\u2019efficacit\u00e9 &#8211; Longue dur\u00e9e de [&hellip;]<\/p>\n","protected":false},"featured_media":6585,"comment_status":"open","ping_status":"closed","template":"","meta":{"_acf_changed":false,"_seopress_robots_primary_cat":"","_seopress_titles_title":"","_seopress_titles_desc":"","_seopress_robots_index":""},"product_brand":[],"product_cat":[69],"product_tag":[],"class_list":{"0":"post-6582","1":"product","2":"type-product","3":"status-publish","4":"has-post-thumbnail","6":"product_cat-tondeuse-sechoir","8":"first","9":"instock","10":"taxable","11":"shipping-taxable","12":"purchasable","13":"product-type-simple"},"acf":[],"_links":{"self":[{"href":"https:\/\/absolutlaprairie.ca\/en\/wp-json\/wp\/v2\/product\/6582","targetHints":{"allow":["GET"]}}],"collection":[{"href":"https:\/\/absolutlaprairie.ca\/en\/wp-json\/wp\/v2\/product"}],"about":[{"href":"https:\/\/absolutlaprairie.ca\/en\/wp-json\/wp\/v2\/types\/product"}],"replies":[{"embeddable":true,"href":"https:\/\/absolutlaprairie.ca\/en\/wp-json\/wp\/v2\/comments?post=6582"}],"wp:featuredmedia":[{"embeddable":true,"href":"https:\/\/absolutlaprairie.ca\/en\/wp-json\/wp\/v2\/media\/6585"}],"wp:attachment":[{"href":"https:\/\/absolutlaprairie.ca\/en\/wp-json\/wp\/v2\/media?parent=6582"}],"wp:term":[{"taxonomy":"product_brand","embeddable":true,"href":"https:\/\/absolutlaprairie.ca\/en\/wp-json\/wp\/v2\/product_brand?post=6582"},{"taxonomy":"product_cat","embeddable":true,"href":"https:\/\/absolutlaprairie.ca\/en\/wp-json\/wp\/v2\/product_cat?post=6582"},{"taxonomy":"product_tag","embeddable":true,"href":"https:\/\/absolutlaprairie.ca\/en\/wp-json\/wp\/v2\/product_tag?post=6582"}],"curies":[{"name":"wp","href":"https:\/\/api.w.org\/{rel}","templated":true}]}}