{"id":6577,"date":"2025-09-08T12:18:23","date_gmt":"2025-09-08T17:18:23","guid":{"rendered":"https:\/\/absolutlaprairie.ca\/?post_type=product&#038;p=6577"},"modified":"2025-09-08T12:18:23","modified_gmt":"2025-09-08T17:18:23","slug":"babylisspro-lo-profx-compact-series-clipper","status":"publish","type":"product","link":"https:\/\/absolutlaprairie.ca\/en\/product\/babylisspro-lo-profx-compact-series-clipper\/","title":{"rendered":"BaBylissPRO &#8211; Lo\/ProFX Compact Series Clipper"},"content":{"rendered":"<p><span dir=\"auto\">D\u00e9couvrez une coupe de cheveux d&#8217;un niveau sup\u00e9rieur avec la\u00a0<\/span><strong><span dir=\"auto\">tondeuse compacte BaBylissPRO\u00ae Lo-ProFX<\/span><\/strong><span dir=\"auto\">\u00a0. Con\u00e7ue pour les professionnels comme pour les particuliers, cette tondeuse compacte est dot\u00e9e d&#8217;un\u00a0<\/span><em><span dir=\"auto\">bo\u00eetier m\u00e9tallique discret<\/span><\/em><span dir=\"auto\">\u00a0,\u00a0<\/span><em><span dir=\"auto\">d&#8217;une lame en graphite<\/span><\/em><span dir=\"auto\">\u00a0et d&#8217;un\u00a0<\/span><em><span dir=\"auto\">moteur sans balais \u00e0 couple \u00e9lev\u00e9<\/span><\/em><span dir=\"auto\">\u00a0pour une pr\u00e9cision et un contr\u00f4le de coupe imbattables.<\/span><\/p>\n<h3><span dir=\"auto\">Avantages de la tondeuse BaBylissPRO Lo-ProFX Compact Series<\/span><\/h3>\n<ul>\n<li><span dir=\"auto\">Conception compacte et ergonomique pour un style confortable et pr\u00e9cis<\/span><\/li>\n<li><span dir=\"auto\">Le moteur sans balais \u00e0 couple \u00e9lev\u00e9 fournit une puissance puissante et constante<\/span><\/li>\n<li><span dir=\"auto\">La lame en graphite offre des performances fluides et sans accroc<\/span><\/li>\n<li><span dir=\"auto\">Jusqu&#8217;\u00e0 4 heures d&#8217;utilisation sans fil avec batterie lithium-ion<\/span><\/li>\n<li><span dir=\"auto\">Parfait pour les fondus, l&#8217;effilage, le m\u00e9lange et l&#8217;\u00e9limination du volume<\/span><\/li>\n<li><span dir=\"auto\">Comprend plusieurs peignes pour un toilettage polyvalent<\/span><\/li>\n<\/ul>\n","protected":false},"excerpt":{"rendered":"<p>D\u00e9couvrez une coupe de cheveux d&#8217;un niveau sup\u00e9rieur avec la\u00a0tondeuse compacte BaBylissPRO\u00ae Lo-ProFX\u00a0. Con\u00e7ue pour les professionnels comme pour les particuliers, cette tondeuse compacte est dot\u00e9e d&#8217;un\u00a0bo\u00eetier m\u00e9tallique discret\u00a0,\u00a0d&#8217;une lame en graphite\u00a0et d&#8217;un\u00a0moteur sans balais \u00e0 couple \u00e9lev\u00e9\u00a0pour une pr\u00e9cision et un contr\u00f4le de coupe imbattables. Avantages de la tondeuse BaBylissPRO Lo-ProFX Compact Series Conception [&hellip;]<\/p>\n","protected":false},"featured_media":6580,"comment_status":"open","ping_status":"closed","template":"","meta":{"_acf_changed":false,"_seopress_robots_primary_cat":"","_seopress_titles_title":"","_seopress_titles_desc":"","_seopress_robots_index":""},"product_brand":[],"product_cat":[69],"product_tag":[],"class_list":{"0":"post-6577","1":"product","2":"type-product","3":"status-publish","4":"has-post-thumbnail","6":"product_cat-tondeuse-sechoir","8":"first","9":"instock","10":"taxable","11":"shipping-taxable","12":"purchasable","13":"product-type-simple"},"acf":[],"_links":{"self":[{"href":"https:\/\/absolutlaprairie.ca\/en\/wp-json\/wp\/v2\/product\/6577","targetHints":{"allow":["GET"]}}],"collection":[{"href":"https:\/\/absolutlaprairie.ca\/en\/wp-json\/wp\/v2\/product"}],"about":[{"href":"https:\/\/absolutlaprairie.ca\/en\/wp-json\/wp\/v2\/types\/product"}],"replies":[{"embeddable":true,"href":"https:\/\/absolutlaprairie.ca\/en\/wp-json\/wp\/v2\/comments?post=6577"}],"wp:featuredmedia":[{"embeddable":true,"href":"https:\/\/absolutlaprairie.ca\/en\/wp-json\/wp\/v2\/media\/6580"}],"wp:attachment":[{"href":"https:\/\/absolutlaprairie.ca\/en\/wp-json\/wp\/v2\/media?parent=6577"}],"wp:term":[{"taxonomy":"product_brand","embeddable":true,"href":"https:\/\/absolutlaprairie.ca\/en\/wp-json\/wp\/v2\/product_brand?post=6577"},{"taxonomy":"product_cat","embeddable":true,"href":"https:\/\/absolutlaprairie.ca\/en\/wp-json\/wp\/v2\/product_cat?post=6577"},{"taxonomy":"product_tag","embeddable":true,"href":"https:\/\/absolutlaprairie.ca\/en\/wp-json\/wp\/v2\/product_tag?post=6577"}],"curies":[{"name":"wp","href":"https:\/\/api.w.org\/{rel}","templated":true}]}}