{"id":6567,"date":"2025-09-06T14:13:52","date_gmt":"2025-09-06T19:13:52","guid":{"rendered":"https:\/\/absolutlaprairie.ca\/?post_type=product&#038;p=6567"},"modified":"2025-11-19T19:23:46","modified_gmt":"2025-11-20T00:23:46","slug":"babylisspro-fxone-goldfx-double-foil-shaver","status":"publish","type":"product","link":"https:\/\/absolutlaprairie.ca\/en\/product\/babylisspro-fxone-goldfx-double-foil-shaver\/","title":{"rendered":"BaBylissPRO &#8211; FXONE GOLDFX Double Foil Shaver"},"content":{"rendered":"<div id=\"faq-heading1-01\" class=\"mb-2 border-bottom\">\n<div class=\"card-header border pr-0 border-0\"><button class=\"btn-header-link px-0 row collapsed\" data-target=\"#faq-collapse1-01\" aria-expanded=\"false\" aria-controls=\"faq-collapse1-01\"><span class=\"px-0 col-6\"><span dir=\"auto\">Description<\/span><\/span><\/button><\/div>\n<div class=\"card-body\">\n<div id=\"collapsible-description-null\" class=\"value content\">\n<p><span dir=\"auto\">Le rasoir \u00e0 double feuille FXONE GOLDFX est un rasoir de qualit\u00e9 professionnelle avec une batterie de remplacement.<\/span><\/p>\n<p><span dir=\"auto\">D\u00e9couvrez le nouveau moteur N1 sans balais avec double roulement \u00e0 billes pour une efficacit\u00e9 accrue. La batterie lithium interchangeable avec bouton de d\u00e9verrouillage rapide offre jusqu&#8217;\u00e0 3 heures d&#8217;autonomie. Rasez de pr\u00e8s et de pr\u00e8s le cou, le visage et la racine des cheveux gr\u00e2ce \u00e0 la t\u00eate \u00e0 grille pivotante verrouillable et aux grilles en titane dor\u00e9 hypoallerg\u00e9niques.<\/span><\/p>\n<\/div>\n<\/div>\n<\/div>\n<div id=\"faq-heading2-01\" class=\"mb-2 border-bottom\">\n<div class=\"card-header border pr-0 border-0\"><button class=\"btn-header-link px-0 row collapsed\" data-toggle=\"collapse\" data-target=\"#faq-collapse2-01\" aria-expanded=\"false\" aria-controls=\"faq-collapse2-01\"><span class=\"d-none d-lg-block col-6 px-0\"><span dir=\"auto\">Caract\u00e9ristiques et avantages<\/span><\/span><\/button><\/div>\n<div class=\"card-body\">\n<div class=\"features-list\">\n<ul>\n<li><span dir=\"auto\">Moteur sans balais N1 (10 000 tr\/min)<\/span><\/li>\n<li><span dir=\"auto\">Double roulement \u00e0 billes pour plus d&#8217;efficacit\u00e9<\/span><\/li>\n<li><span dir=\"auto\">Longue vie<\/span><\/li>\n<li><span dir=\"auto\">T\u00eate de feuille pivotante avec fonction de verrouillage<\/span><\/li>\n<li><span dir=\"auto\">Syst\u00e8me \u00e0 double feuille d\u00e9cal\u00e9e<\/span><\/li>\n<li><span dir=\"auto\">Feuilles de titane dor\u00e9 hypoallerg\u00e9niques<\/span><\/li>\n<li><span dir=\"auto\">Lames de coupe doubles<\/span><\/li>\n<li><span dir=\"auto\">Pack de batteries lithium-ion interchangeables<\/span><\/li>\n<li><span dir=\"auto\">4 heures d&#8217;autonomie<\/span><\/li>\n<li><span dir=\"auto\">Bouton de lib\u00e9ration rapide de la batterie<\/span><\/li>\n<li><span dir=\"auto\">Indicateur de batterie \u00e0 anneau LED \u00e0 4 niveaux<\/span><\/li>\n<li><span dir=\"auto\">Bo\u00eetier ergonomique enti\u00e8rement en m\u00e9tal avec capuchon magn\u00e9tique<\/span><\/li>\n<li><span dir=\"auto\">Embout conique avec crochet de suspension cach\u00e9<\/span><\/li>\n<li><span dir=\"auto\">Comprend une batterie (FXBB24) et une base de charge double tension (FXTRAVBG)<\/span><\/li>\n<li><span dir=\"auto\">Feuilles de remplacement : FX79RF2G (vendues s\u00e9par\u00e9ment)<\/span><\/li>\n<\/ul>\n<\/div>\n<\/div>\n<\/div>\n","protected":false},"excerpt":{"rendered":"<p>Description Le rasoir \u00e0 double feuille FXONE GOLDFX est un rasoir de qualit\u00e9 professionnelle avec une batterie de remplacement. D\u00e9couvrez le nouveau moteur N1 sans balais avec double roulement \u00e0 billes pour une efficacit\u00e9 accrue. La batterie lithium interchangeable avec bouton de d\u00e9verrouillage rapide offre jusqu&#8217;\u00e0 3 heures d&#8217;autonomie. Rasez de pr\u00e8s et de pr\u00e8s [&hellip;]<\/p>\n","protected":false},"featured_media":6570,"comment_status":"open","ping_status":"closed","template":"","meta":{"_acf_changed":false,"_seopress_robots_primary_cat":"none","_seopress_titles_title":"","_seopress_titles_desc":"","_seopress_robots_index":""},"product_brand":[],"product_cat":[69],"product_tag":[108],"class_list":{"0":"post-6567","1":"product","2":"type-product","3":"status-publish","4":"has-post-thumbnail","6":"product_cat-tondeuse-sechoir","7":"product_tag-shavers-2","9":"first","10":"instock","11":"taxable","12":"shipping-taxable","13":"purchasable","14":"product-type-simple"},"acf":[],"_links":{"self":[{"href":"https:\/\/absolutlaprairie.ca\/en\/wp-json\/wp\/v2\/product\/6567","targetHints":{"allow":["GET"]}}],"collection":[{"href":"https:\/\/absolutlaprairie.ca\/en\/wp-json\/wp\/v2\/product"}],"about":[{"href":"https:\/\/absolutlaprairie.ca\/en\/wp-json\/wp\/v2\/types\/product"}],"replies":[{"embeddable":true,"href":"https:\/\/absolutlaprairie.ca\/en\/wp-json\/wp\/v2\/comments?post=6567"}],"wp:featuredmedia":[{"embeddable":true,"href":"https:\/\/absolutlaprairie.ca\/en\/wp-json\/wp\/v2\/media\/6570"}],"wp:attachment":[{"href":"https:\/\/absolutlaprairie.ca\/en\/wp-json\/wp\/v2\/media?parent=6567"}],"wp:term":[{"taxonomy":"product_brand","embeddable":true,"href":"https:\/\/absolutlaprairie.ca\/en\/wp-json\/wp\/v2\/product_brand?post=6567"},{"taxonomy":"product_cat","embeddable":true,"href":"https:\/\/absolutlaprairie.ca\/en\/wp-json\/wp\/v2\/product_cat?post=6567"},{"taxonomy":"product_tag","embeddable":true,"href":"https:\/\/absolutlaprairie.ca\/en\/wp-json\/wp\/v2\/product_tag?post=6567"}],"curies":[{"name":"wp","href":"https:\/\/api.w.org\/{rel}","templated":true}]}}