{"id":6556,"date":"2025-09-06T14:01:46","date_gmt":"2025-09-06T19:01:46","guid":{"rendered":"https:\/\/absolutlaprairie.ca\/?post_type=product&#038;p=6556"},"modified":"2025-09-06T14:02:41","modified_gmt":"2025-09-06T19:02:41","slug":"babylisspro-foilfx-cord-cordless-metal-double-foil-shaver-silver","status":"publish","type":"product","link":"https:\/\/absolutlaprairie.ca\/en\/product\/babylisspro-foilfx-cord-cordless-metal-double-foil-shaver-silver\/","title":{"rendered":"BaBylissPRO &#8211; FOILFX Cord\/Cordless Metal Double-Foil Shaver (Silver)"},"content":{"rendered":"<div id=\"faq-heading1-01\" class=\"mb-2 border-bottom\">\n<div class=\"card-header border pr-0 border-0\"><button class=\"btn-header-link px-0 row collapsed\" data-target=\"#faq-collapse1-01\" aria-expanded=\"false\" aria-controls=\"faq-collapse1-01\"><span class=\"px-0 col-6\"><span dir=\"auto\">Description<\/span><\/span><\/button><\/div>\n<div class=\"card-body\">\n<div id=\"collapsible-description-null\" class=\"value content\"><span dir=\"auto\">Rasoir professionnel \u00e0 grille m\u00e9tallique, grand format, \u00e9quip\u00e9 d&#8217;un puissant moteur rotatif. Il offre un rasage de pr\u00e8s et de pr\u00e9cision sur le visage, le cou et la racine des cheveux, et estompe parfaitement les poils sur les zones chauves.<\/span><\/div>\n<\/div>\n<\/div>\n<div id=\"faq-heading2-01\" class=\"mb-2 border-bottom\">\n<div class=\"card-header border pr-0 border-0\"><button class=\"btn-header-link px-0 row collapsed\" data-toggle=\"collapse\" data-target=\"#faq-collapse2-01\" aria-expanded=\"false\" aria-controls=\"faq-collapse2-01\"><span class=\"d-none d-lg-block col-6 px-0\"><span dir=\"auto\">Caract\u00e9ristiques et avantages<\/span><\/span><\/button><\/div>\n<div class=\"card-body\">\n<div class=\"features-list\">\n<ul>\n<li><span dir=\"auto\">Fonctionnement avec ou sans fil (jusqu&#8217;\u00e0 3 heures d&#8217;autonomie)<\/span><\/li>\n<li><span dir=\"auto\">Syst\u00e8me de double feuille d\u00e9cal\u00e9e<\/span><\/li>\n<li><span dir=\"auto\">Syst\u00e8me de coupe au comptoir<\/span><\/li>\n<li><span dir=\"auto\">Feuilles de titane hypoallerg\u00e9niques de couleur or<\/span><\/li>\n<li><span dir=\"auto\">Moteur rotatif puissant<\/span><\/li>\n<li><span dir=\"auto\">Bo\u00eetier en m\u00e9tal dor\u00e9<\/span><\/li>\n<li><span dir=\"auto\">Pochette de rangement incluse<\/span><\/li>\n<li><span dir=\"auto\">Garantie limit\u00e9e de 2 ans<\/span><\/li>\n<\/ul>\n<\/div>\n<\/div>\n<\/div>\n","protected":false},"excerpt":{"rendered":"<p>Description Rasoir professionnel \u00e0 grille m\u00e9tallique, grand format, \u00e9quip\u00e9 d&#8217;un puissant moteur rotatif. Il offre un rasage de pr\u00e8s et de pr\u00e9cision sur le visage, le cou et la racine des cheveux, et estompe parfaitement les poils sur les zones chauves. Caract\u00e9ristiques et avantages Fonctionnement avec ou sans fil (jusqu&#8217;\u00e0 3 heures d&#8217;autonomie) Syst\u00e8me de [&hellip;]<\/p>\n","protected":false},"featured_media":6557,"comment_status":"open","ping_status":"closed","template":"","meta":{"_acf_changed":false,"_seopress_robots_primary_cat":"none","_seopress_titles_title":"","_seopress_titles_desc":"","_seopress_robots_index":""},"product_brand":[],"product_cat":[69],"product_tag":[],"class_list":{"0":"post-6556","1":"product","2":"type-product","3":"status-publish","4":"has-post-thumbnail","6":"product_cat-tondeuse-sechoir","8":"first","9":"instock","10":"taxable","11":"shipping-taxable","12":"purchasable","13":"product-type-simple"},"acf":[],"_links":{"self":[{"href":"https:\/\/absolutlaprairie.ca\/en\/wp-json\/wp\/v2\/product\/6556","targetHints":{"allow":["GET"]}}],"collection":[{"href":"https:\/\/absolutlaprairie.ca\/en\/wp-json\/wp\/v2\/product"}],"about":[{"href":"https:\/\/absolutlaprairie.ca\/en\/wp-json\/wp\/v2\/types\/product"}],"replies":[{"embeddable":true,"href":"https:\/\/absolutlaprairie.ca\/en\/wp-json\/wp\/v2\/comments?post=6556"}],"wp:featuredmedia":[{"embeddable":true,"href":"https:\/\/absolutlaprairie.ca\/en\/wp-json\/wp\/v2\/media\/6557"}],"wp:attachment":[{"href":"https:\/\/absolutlaprairie.ca\/en\/wp-json\/wp\/v2\/media?parent=6556"}],"wp:term":[{"taxonomy":"product_brand","embeddable":true,"href":"https:\/\/absolutlaprairie.ca\/en\/wp-json\/wp\/v2\/product_brand?post=6556"},{"taxonomy":"product_cat","embeddable":true,"href":"https:\/\/absolutlaprairie.ca\/en\/wp-json\/wp\/v2\/product_cat?post=6556"},{"taxonomy":"product_tag","embeddable":true,"href":"https:\/\/absolutlaprairie.ca\/en\/wp-json\/wp\/v2\/product_tag?post=6556"}],"curies":[{"name":"wp","href":"https:\/\/api.w.org\/{rel}","templated":true}]}}