{"id":6543,"date":"2025-09-06T13:47:34","date_gmt":"2025-09-06T18:47:34","guid":{"rendered":"https:\/\/absolutlaprairie.ca\/?post_type=product&#038;p=6543"},"modified":"2025-09-06T13:47:35","modified_gmt":"2025-09-06T18:47:35","slug":"babylisspro-goldfx-clipper-charging-base","status":"publish","type":"product","link":"https:\/\/absolutlaprairie.ca\/en\/product\/babylisspro-goldfx-clipper-charging-base\/","title":{"rendered":"BaBylissPRO &#8211; GOLDFX Clipper Charging Base"},"content":{"rendered":"<div id=\"faq-heading1-01\" class=\"mb-2 border-bottom\">\n<div class=\"card-header border pr-0 border-0\"><button class=\"btn-header-link px-0 row collapsed\" data-target=\"#faq-collapse1-01\" aria-expanded=\"false\" aria-controls=\"faq-collapse1-01\"><span class=\"px-0 col-6\"><span dir=\"auto\">Description<\/span><\/span><\/button><\/div>\n<div class=\"card-body\">\n<div id=\"collapsible-description-null\" class=\"value content\"><span dir=\"auto\">Disponible en 3 couleurs : Or, Or Rose et Argent.<\/span><\/div>\n<\/div>\n<\/div>\n<div id=\"faq-heading2-01\" class=\"mb-2 border-bottom\">\n<div class=\"card-header border pr-0 border-0\"><button class=\"btn-header-link px-0 row collapsed\" data-toggle=\"collapse\" data-target=\"#faq-collapse2-01\" aria-expanded=\"false\" aria-controls=\"faq-collapse2-01\"><span class=\"d-none d-lg-block col-6 px-0\"><span dir=\"auto\">Caract\u00e9ristiques et avantages<\/span><\/span><\/button><\/div>\n<div class=\"card-body\">\n<div class=\"features-list\">\n<ul>\n<li><span dir=\"auto\">Base en m\u00e9tal solide pour l&#8217;\u00e9quilibre et le poids<\/span><\/li>\n<li><span dir=\"auto\">Mat\u00e9riau m\u00e9tallique molet\u00e9<\/span><\/li>\n<li><span dir=\"auto\">L&#8217;adaptateur de coupe-courant se branche sur la base de chargement (adaptateur non inclus)<\/span><\/li>\n<li><span dir=\"auto\">Convient \u00e0 toutes les tondeuses FX870 (y compris les versions \u00e0 poign\u00e9e en caoutchouc)<\/span><\/li>\n<li><span dir=\"auto\">Garantie de 2 ans<\/span><\/li>\n<\/ul>\n<\/div>\n<\/div>\n<\/div>\n","protected":false},"excerpt":{"rendered":"<p>Description Disponible en 3 couleurs : Or, Or Rose et Argent. Caract\u00e9ristiques et avantages Base en m\u00e9tal solide pour l&#8217;\u00e9quilibre et le poids Mat\u00e9riau m\u00e9tallique molet\u00e9 L&#8217;adaptateur de coupe-courant se branche sur la base de chargement (adaptateur non inclus) Convient \u00e0 toutes les tondeuses FX870 (y compris les versions \u00e0 poign\u00e9e en caoutchouc) Garantie de [&hellip;]<\/p>\n","protected":false},"featured_media":6546,"comment_status":"open","ping_status":"closed","template":"","meta":{"_acf_changed":false,"_seopress_robots_primary_cat":"","_seopress_titles_title":"","_seopress_titles_desc":"","_seopress_robots_index":""},"product_brand":[],"product_cat":[73],"product_tag":[],"class_list":{"0":"post-6543","1":"product","2":"type-product","3":"status-publish","4":"has-post-thumbnail","6":"product_cat-accessoires_coiffure","8":"first","9":"instock","10":"taxable","11":"shipping-taxable","12":"purchasable","13":"product-type-simple"},"acf":[],"_links":{"self":[{"href":"https:\/\/absolutlaprairie.ca\/en\/wp-json\/wp\/v2\/product\/6543","targetHints":{"allow":["GET"]}}],"collection":[{"href":"https:\/\/absolutlaprairie.ca\/en\/wp-json\/wp\/v2\/product"}],"about":[{"href":"https:\/\/absolutlaprairie.ca\/en\/wp-json\/wp\/v2\/types\/product"}],"replies":[{"embeddable":true,"href":"https:\/\/absolutlaprairie.ca\/en\/wp-json\/wp\/v2\/comments?post=6543"}],"wp:featuredmedia":[{"embeddable":true,"href":"https:\/\/absolutlaprairie.ca\/en\/wp-json\/wp\/v2\/media\/6546"}],"wp:attachment":[{"href":"https:\/\/absolutlaprairie.ca\/en\/wp-json\/wp\/v2\/media?parent=6543"}],"wp:term":[{"taxonomy":"product_brand","embeddable":true,"href":"https:\/\/absolutlaprairie.ca\/en\/wp-json\/wp\/v2\/product_brand?post=6543"},{"taxonomy":"product_cat","embeddable":true,"href":"https:\/\/absolutlaprairie.ca\/en\/wp-json\/wp\/v2\/product_cat?post=6543"},{"taxonomy":"product_tag","embeddable":true,"href":"https:\/\/absolutlaprairie.ca\/en\/wp-json\/wp\/v2\/product_tag?post=6543"}],"curies":[{"name":"wp","href":"https:\/\/api.w.org\/{rel}","templated":true}]}}