{"id":6538,"date":"2025-09-06T13:44:43","date_gmt":"2025-09-06T18:44:43","guid":{"rendered":"https:\/\/absolutlaprairie.ca\/?post_type=product&#038;p=6538"},"modified":"2025-09-06T13:44:44","modified_gmt":"2025-09-06T18:44:44","slug":"babylisspro-silverfx-clipper-charging-base","status":"publish","type":"product","link":"https:\/\/absolutlaprairie.ca\/en\/product\/babylisspro-silverfx-clipper-charging-base\/","title":{"rendered":"BabylissPRO &#8211; SILVERFX Clipper Charging Base"},"content":{"rendered":"<h4 class=\"section-title\"><span dir=\"auto\">Description<\/span><\/h4>\n<div class=\"section-content\">\n<div class=\"product-description \">\n<div class=\"rte-content\">\n<p><b><span dir=\"auto\">Base de chargement pour tondeuse BabylissPRO SilverFX<\/span><\/b><\/p>\n<p><span dir=\"auto\">La base de chargement de la tondeuse BabylissPRO SilverFX\u00a0\u00a0<\/span><span dir=\"auto\">est une<\/span><span dir=\"auto\">\u00a0base de chargement en m\u00e9tal solide pour l&#8217;\u00e9quilibre et le poids qui s&#8217;adapte \u00e0 toutes les tondeuses FX870.<\/span><\/p>\n<ul>\n<li><span dir=\"auto\">Mat\u00e9riau m\u00e9tallique molet\u00e9<\/span><\/li>\n<li><span dir=\"auto\">L&#8217;adaptateur de coupe-courant se branche sur la base de chargement (adaptateur non inclus)<\/span><\/li>\n<li><span dir=\"auto\">Convient \u00e0 toutes les tondeuses FX870 (y compris les versions \u00e0 poign\u00e9e en caoutchouc)<\/span><\/li>\n<li><span dir=\"auto\">Garantie de 2 ans<\/span><\/li>\n<\/ul>\n<\/div>\n<\/div>\n<\/div>\n","protected":false},"excerpt":{"rendered":"<p>Description Base de chargement pour tondeuse BabylissPRO SilverFX La base de chargement de la tondeuse BabylissPRO SilverFX\u00a0\u00a0est une\u00a0base de chargement en m\u00e9tal solide pour l&#8217;\u00e9quilibre et le poids qui s&#8217;adapte \u00e0 toutes les tondeuses FX870. Mat\u00e9riau m\u00e9tallique molet\u00e9 L&#8217;adaptateur de coupe-courant se branche sur la base de chargement (adaptateur non inclus) Convient \u00e0 toutes les [&hellip;]<\/p>\n","protected":false},"featured_media":6541,"comment_status":"open","ping_status":"closed","template":"","meta":{"_acf_changed":false,"_seopress_robots_primary_cat":"","_seopress_titles_title":"","_seopress_titles_desc":"","_seopress_robots_index":""},"product_brand":[],"product_cat":[73],"product_tag":[],"class_list":{"0":"post-6538","1":"product","2":"type-product","3":"status-publish","4":"has-post-thumbnail","6":"product_cat-accessoires_coiffure","8":"first","9":"instock","10":"taxable","11":"shipping-taxable","12":"purchasable","13":"product-type-simple"},"acf":[],"_links":{"self":[{"href":"https:\/\/absolutlaprairie.ca\/en\/wp-json\/wp\/v2\/product\/6538","targetHints":{"allow":["GET"]}}],"collection":[{"href":"https:\/\/absolutlaprairie.ca\/en\/wp-json\/wp\/v2\/product"}],"about":[{"href":"https:\/\/absolutlaprairie.ca\/en\/wp-json\/wp\/v2\/types\/product"}],"replies":[{"embeddable":true,"href":"https:\/\/absolutlaprairie.ca\/en\/wp-json\/wp\/v2\/comments?post=6538"}],"wp:featuredmedia":[{"embeddable":true,"href":"https:\/\/absolutlaprairie.ca\/en\/wp-json\/wp\/v2\/media\/6541"}],"wp:attachment":[{"href":"https:\/\/absolutlaprairie.ca\/en\/wp-json\/wp\/v2\/media?parent=6538"}],"wp:term":[{"taxonomy":"product_brand","embeddable":true,"href":"https:\/\/absolutlaprairie.ca\/en\/wp-json\/wp\/v2\/product_brand?post=6538"},{"taxonomy":"product_cat","embeddable":true,"href":"https:\/\/absolutlaprairie.ca\/en\/wp-json\/wp\/v2\/product_cat?post=6538"},{"taxonomy":"product_tag","embeddable":true,"href":"https:\/\/absolutlaprairie.ca\/en\/wp-json\/wp\/v2\/product_tag?post=6538"}],"curies":[{"name":"wp","href":"https:\/\/api.w.org\/{rel}","templated":true}]}}