{"id":6533,"date":"2025-09-06T13:39:54","date_gmt":"2025-09-06T18:39:54","guid":{"rendered":"https:\/\/absolutlaprairie.ca\/?post_type=product&#038;p=6533"},"modified":"2025-09-06T13:40:36","modified_gmt":"2025-09-06T18:40:36","slug":"babylisspro-lo-profx-clipper-charging-base","status":"publish","type":"product","link":"https:\/\/absolutlaprairie.ca\/en\/product\/babylisspro-lo-profx-clipper-charging-base\/","title":{"rendered":"BaBylissPRO &#8211; LO\/PROFX Clipper Charging Base"},"content":{"rendered":"<div id=\"faq-heading1-01\" class=\"mb-2 border-bottom\">\n<div class=\"card-header border pr-0 border-0\"><button class=\"btn-header-link px-0 row collapsed\" data-target=\"#faq-collapse1-01\" aria-expanded=\"false\" aria-controls=\"faq-collapse1-01\"><span class=\"px-0 col-6\"><span dir=\"auto\">Description<\/span><\/span><\/button><\/div>\n<div class=\"card-body\">\n<div id=\"collapsible-description-null\" class=\"value content\">\n<p><span dir=\"auto\">Optimisez votre espace de travail avec la base de chargement pour tondeuse Lo ProFX. Con\u00e7ue pour votre confort, elle offre un support solide et vertical \u00e0 la tondeuse BaBylissPRO\u00ae LoPROFX High Performance Low Profile. Gardez votre tondeuse charg\u00e9e et pr\u00eate \u00e0 r\u00e9aliser des coupes exceptionnelles sans interruption.<\/span><\/p>\n<p>&nbsp;<\/p>\n<\/div>\n<\/div>\n<\/div>\n<div id=\"faq-heading2-01\" class=\"mb-2 border-bottom\">\n<div class=\"card-header border pr-0 border-0\"><button class=\"btn-header-link px-0 row collapsed\" data-toggle=\"collapse\" data-target=\"#faq-collapse2-01\" aria-expanded=\"false\" aria-controls=\"faq-collapse2-01\"><span class=\"d-none d-lg-block col-6 px-0\"><span dir=\"auto\">Caract\u00e9ristiques et avantages<\/span><\/span><\/button><\/div>\n<div class=\"card-body\">\n<div class=\"features-list\">\n<ul>\n<li><span dir=\"auto\">Base solide pour l&#8217;\u00e9quilibre et la stabilit\u00e9<\/span><\/li>\n<li><span dir=\"auto\">Maintient l&#8217;unit\u00e9 verticale et s\u00e9curis\u00e9e<\/span><\/li>\n<li><span dir=\"auto\">L&#8217;adaptateur de coupe-courant se branche sur la base de chargement (adaptateur non inclus)<\/span><\/li>\n<li><span dir=\"auto\">Convient \u00e0 la tondeuse FX825<\/span><\/li>\n<li><span dir=\"auto\">Garantie limit\u00e9e de 2 ans<\/span><\/li>\n<\/ul>\n<\/div>\n<\/div>\n<\/div>\n","protected":false},"excerpt":{"rendered":"<p>Description Optimisez votre espace de travail avec la base de chargement pour tondeuse Lo ProFX. Con\u00e7ue pour votre confort, elle offre un support solide et vertical \u00e0 la tondeuse BaBylissPRO\u00ae LoPROFX High Performance Low Profile. Gardez votre tondeuse charg\u00e9e et pr\u00eate \u00e0 r\u00e9aliser des coupes exceptionnelles sans interruption. &nbsp; Caract\u00e9ristiques et avantages Base solide pour [&hellip;]<\/p>\n","protected":false},"featured_media":6536,"comment_status":"open","ping_status":"closed","template":"","meta":{"_acf_changed":false,"_seopress_robots_primary_cat":"none","_seopress_titles_title":"","_seopress_titles_desc":"","_seopress_robots_index":""},"product_brand":[],"product_cat":[73],"product_tag":[],"class_list":{"0":"post-6533","1":"product","2":"type-product","3":"status-publish","4":"has-post-thumbnail","6":"product_cat-accessoires_coiffure","8":"first","9":"instock","10":"taxable","11":"shipping-taxable","12":"purchasable","13":"product-type-simple"},"acf":[],"_links":{"self":[{"href":"https:\/\/absolutlaprairie.ca\/en\/wp-json\/wp\/v2\/product\/6533","targetHints":{"allow":["GET"]}}],"collection":[{"href":"https:\/\/absolutlaprairie.ca\/en\/wp-json\/wp\/v2\/product"}],"about":[{"href":"https:\/\/absolutlaprairie.ca\/en\/wp-json\/wp\/v2\/types\/product"}],"replies":[{"embeddable":true,"href":"https:\/\/absolutlaprairie.ca\/en\/wp-json\/wp\/v2\/comments?post=6533"}],"wp:featuredmedia":[{"embeddable":true,"href":"https:\/\/absolutlaprairie.ca\/en\/wp-json\/wp\/v2\/media\/6536"}],"wp:attachment":[{"href":"https:\/\/absolutlaprairie.ca\/en\/wp-json\/wp\/v2\/media?parent=6533"}],"wp:term":[{"taxonomy":"product_brand","embeddable":true,"href":"https:\/\/absolutlaprairie.ca\/en\/wp-json\/wp\/v2\/product_brand?post=6533"},{"taxonomy":"product_cat","embeddable":true,"href":"https:\/\/absolutlaprairie.ca\/en\/wp-json\/wp\/v2\/product_cat?post=6533"},{"taxonomy":"product_tag","embeddable":true,"href":"https:\/\/absolutlaprairie.ca\/en\/wp-json\/wp\/v2\/product_tag?post=6533"}],"curies":[{"name":"wp","href":"https:\/\/api.w.org\/{rel}","templated":true}]}}