{"id":6530,"date":"2025-09-06T13:34:35","date_gmt":"2025-09-06T18:34:35","guid":{"rendered":"https:\/\/absolutlaprairie.ca\/?post_type=product&#038;p=6530"},"modified":"2025-09-06T13:37:09","modified_gmt":"2025-09-06T18:37:09","slug":"babylisspro-goldfx-trimmer-charging-base","status":"publish","type":"product","link":"https:\/\/absolutlaprairie.ca\/en\/product\/babylisspro-goldfx-trimmer-charging-base\/","title":{"rendered":"BaBylissPRO &#8211; GOLDFX Trimmer Charging Base"},"content":{"rendered":"<div id=\"faq-heading1-01\" class=\"mb-2 border-bottom\">\n<div class=\"card-header border pr-0 border-0\">\n<h3><button class=\"btn-header-link px-0 row collapsed\" data-toggle=\"collapse\" data-target=\"#faq-collapse1-01\" aria-expanded=\"false\" aria-controls=\"faq-collapse1-01\"><span class=\"px-0 col-6\"><span dir=\"auto\">Description<\/span><\/span><i class=\"custom_arrow custom_arrow_up\"><\/i><\/button><\/h3>\n<\/div>\n<div id=\"faq-collapse1-01\" class=\"collapse show\" aria-labelledby=\"faq-heading1-01\">\n<div class=\"card-body\">\n<div id=\"collapsible-description-null\" class=\"value content\"><span dir=\"auto\">Disponible en 3 couleurs : Or, Or rose et Argent<\/span><\/div>\n<\/div>\n<\/div>\n<\/div>\n<div id=\"faq-heading2-01\" class=\"mb-2 border-bottom\">\n<div class=\"card-header border pr-0 border-0\">\n<h2><button class=\"btn-header-link px-0 row collapsed\" data-toggle=\"collapse\" data-target=\"#faq-collapse2-01\" aria-expanded=\"false\" aria-controls=\"faq-collapse2-01\"><span class=\"d-none d-lg-block col-6 px-0\"><span dir=\"auto\">Caract\u00e9ristiques et avantages<\/span><\/span><i class=\"custom_arrow custom_arrow_up\"><\/i><\/button><\/h2>\n<\/div>\n<div id=\"faq-collapse2-01\" class=\"collapse show\" aria-labelledby=\"faq-heading2-01\">\n<div class=\"card-body\">\n<ul id=\"collapsible-details-null\" class=\"b-features\">\n<li class=\"b-features__item\"><span dir=\"auto\">Base en m\u00e9tal solide pour l&#8217;\u00e9quilibre et le poids<\/span><\/li>\n<li class=\"b-features__item\"><span dir=\"auto\">Poign\u00e9e en m\u00e9tal molet\u00e9e<\/span><\/li>\n<li class=\"b-features__item\"><span dir=\"auto\">Convient \u00e0 toutes les tondeuses FX787<\/span><\/li>\n<li class=\"b-features__item\"><span dir=\"auto\">Adaptateur non inclus (la base de chargement fonctionnera avec l&#8217;adaptateur de tondeuse actuel mod\u00e8le #FXCORD)<\/span><\/li>\n<\/ul>\n<\/div>\n<\/div>\n<\/div>\n","protected":false},"excerpt":{"rendered":"<p>Description Disponible en 3 couleurs : Or, Or rose et Argent Caract\u00e9ristiques et avantages Base en m\u00e9tal solide pour l&#8217;\u00e9quilibre et le poids Poign\u00e9e en m\u00e9tal molet\u00e9e Convient \u00e0 toutes les tondeuses FX787 Adaptateur non inclus (la base de chargement fonctionnera avec l&#8217;adaptateur de tondeuse actuel mod\u00e8le #FXCORD)<\/p>\n","protected":false},"featured_media":6531,"comment_status":"open","ping_status":"closed","template":"","meta":{"_acf_changed":false,"_seopress_robots_primary_cat":"none","_seopress_titles_title":"","_seopress_titles_desc":"","_seopress_robots_index":""},"product_brand":[],"product_cat":[73],"product_tag":[],"class_list":{"0":"post-6530","1":"product","2":"type-product","3":"status-publish","4":"has-post-thumbnail","6":"product_cat-accessoires_coiffure","8":"first","9":"instock","10":"taxable","11":"shipping-taxable","12":"purchasable","13":"product-type-simple"},"acf":[],"_links":{"self":[{"href":"https:\/\/absolutlaprairie.ca\/en\/wp-json\/wp\/v2\/product\/6530","targetHints":{"allow":["GET"]}}],"collection":[{"href":"https:\/\/absolutlaprairie.ca\/en\/wp-json\/wp\/v2\/product"}],"about":[{"href":"https:\/\/absolutlaprairie.ca\/en\/wp-json\/wp\/v2\/types\/product"}],"replies":[{"embeddable":true,"href":"https:\/\/absolutlaprairie.ca\/en\/wp-json\/wp\/v2\/comments?post=6530"}],"wp:featuredmedia":[{"embeddable":true,"href":"https:\/\/absolutlaprairie.ca\/en\/wp-json\/wp\/v2\/media\/6531"}],"wp:attachment":[{"href":"https:\/\/absolutlaprairie.ca\/en\/wp-json\/wp\/v2\/media?parent=6530"}],"wp:term":[{"taxonomy":"product_brand","embeddable":true,"href":"https:\/\/absolutlaprairie.ca\/en\/wp-json\/wp\/v2\/product_brand?post=6530"},{"taxonomy":"product_cat","embeddable":true,"href":"https:\/\/absolutlaprairie.ca\/en\/wp-json\/wp\/v2\/product_cat?post=6530"},{"taxonomy":"product_tag","embeddable":true,"href":"https:\/\/absolutlaprairie.ca\/en\/wp-json\/wp\/v2\/product_tag?post=6530"}],"curies":[{"name":"wp","href":"https:\/\/api.w.org\/{rel}","templated":true}]}}