{"id":6509,"date":"2025-09-06T13:16:20","date_gmt":"2025-09-06T18:16:20","guid":{"rendered":"https:\/\/absolutlaprairie.ca\/?post_type=product&#038;p=6509"},"modified":"2025-09-06T13:16:21","modified_gmt":"2025-09-06T18:16:21","slug":"babylisspro-fxone-black-universal-battery-charging-stand","status":"publish","type":"product","link":"https:\/\/absolutlaprairie.ca\/en\/product\/babylisspro-fxone-black-universal-battery-charging-stand\/","title":{"rendered":"BaBylissPRO &#8211; FXONE Black Universal Battery Charging Stand"},"content":{"rendered":"<div id=\"faq-heading1-01\" class=\"mb-2 border-bottom\">\n<div>Description<\/div>\n<div class=\"card-body\">\n<div id=\"collapsible-description-null\" class=\"value content\"><span dir=\"auto\">Support de charge de batterie universel qui s&#8217;adapte \u00e0 toutes les batteries FXONE et SnapFX\u00a0!<\/span><\/div>\n<\/div>\n<\/div>\n<div id=\"faq-heading2-01\" class=\"mb-2 border-bottom\">\n<div class=\"card-header border pr-0 border-0\"><\/div>\n<div>Caract\u00e9ristiques et avantages<\/div>\n<div class=\"card-body\">\n<div class=\"features-list\">\n<ul>\n<li><span dir=\"auto\">Base de charge universelle \u00e0 double tension<\/span><\/li>\n<li><span dir=\"auto\">Convient \u00e0 toutes les batteries FXONE et SnapFX<\/span><\/li>\n<li><span dir=\"auto\">Ports de charge USB-C et standard*<\/span><\/li>\n<li><span dir=\"auto\">Utiliser comme chargeur de voyage et mini support<\/span><\/li>\n<\/ul>\n<p><i><span dir=\"auto\">*N\u00e9cessite un c\u00e2ble USB-C ou un cordon d&#8217;alimentation universel (non inclus)<\/span><\/i><\/div>\n<\/div>\n<\/div>\n","protected":false},"excerpt":{"rendered":"<p>Description Support de charge de batterie universel qui s&#8217;adapte \u00e0 toutes les batteries FXONE et SnapFX\u00a0! Caract\u00e9ristiques et avantages Base de charge universelle \u00e0 double tension Convient \u00e0 toutes les batteries FXONE et SnapFX Ports de charge USB-C et standard* Utiliser comme chargeur de voyage et mini support *N\u00e9cessite un c\u00e2ble USB-C ou un cordon [&hellip;]<\/p>\n","protected":false},"featured_media":6512,"comment_status":"open","ping_status":"closed","template":"","meta":{"_acf_changed":false,"_seopress_robots_primary_cat":"","_seopress_titles_title":"","_seopress_titles_desc":"","_seopress_robots_index":""},"product_brand":[],"product_cat":[73],"product_tag":[],"class_list":{"0":"post-6509","1":"product","2":"type-product","3":"status-publish","4":"has-post-thumbnail","6":"product_cat-accessoires_coiffure","8":"first","9":"instock","10":"taxable","11":"shipping-taxable","12":"purchasable","13":"product-type-simple"},"acf":[],"_links":{"self":[{"href":"https:\/\/absolutlaprairie.ca\/en\/wp-json\/wp\/v2\/product\/6509","targetHints":{"allow":["GET"]}}],"collection":[{"href":"https:\/\/absolutlaprairie.ca\/en\/wp-json\/wp\/v2\/product"}],"about":[{"href":"https:\/\/absolutlaprairie.ca\/en\/wp-json\/wp\/v2\/types\/product"}],"replies":[{"embeddable":true,"href":"https:\/\/absolutlaprairie.ca\/en\/wp-json\/wp\/v2\/comments?post=6509"}],"wp:featuredmedia":[{"embeddable":true,"href":"https:\/\/absolutlaprairie.ca\/en\/wp-json\/wp\/v2\/media\/6512"}],"wp:attachment":[{"href":"https:\/\/absolutlaprairie.ca\/en\/wp-json\/wp\/v2\/media?parent=6509"}],"wp:term":[{"taxonomy":"product_brand","embeddable":true,"href":"https:\/\/absolutlaprairie.ca\/en\/wp-json\/wp\/v2\/product_brand?post=6509"},{"taxonomy":"product_cat","embeddable":true,"href":"https:\/\/absolutlaprairie.ca\/en\/wp-json\/wp\/v2\/product_cat?post=6509"},{"taxonomy":"product_tag","embeddable":true,"href":"https:\/\/absolutlaprairie.ca\/en\/wp-json\/wp\/v2\/product_tag?post=6509"}],"curies":[{"name":"wp","href":"https:\/\/api.w.org\/{rel}","templated":true}]}}