{"id":6504,"date":"2025-09-04T17:21:15","date_gmt":"2025-09-04T22:21:15","guid":{"rendered":"https:\/\/absolutlaprairie.ca\/?post_type=product&#038;p=6504"},"modified":"2025-09-04T17:21:15","modified_gmt":"2025-09-04T22:21:15","slug":"babyliss-pro-premium-trimmer-guards","status":"publish","type":"product","link":"https:\/\/absolutlaprairie.ca\/en\/product\/babyliss-pro-premium-trimmer-guards\/","title":{"rendered":"Babyliss PRO &#8211; Premium Trimmer Guards"},"content":{"rendered":"<h3><strong><span dir=\"auto\">D\u00c9TAILS<\/span><\/strong><\/h3>\n<ul>\n<li><span dir=\"auto\">Nylon renforc\u00e9 de fibre de verre pour plus de r\u00e9sistance et de durabilit\u00e9, ne frotte pas lorsque la lame de la tondeuse est \u00e0 z\u00e9ro \u00e9cartement<\/span><\/li>\n<li><span dir=\"auto\">Clip en m\u00e9tal dor\u00e9 pour fixer fermement la protection \u00e0 l&#8217;unit\u00e9<\/span><\/li>\n<li><span dir=\"auto\">4 peignes de tailles diff\u00e9rentes<\/span><\/li>\n<li><span dir=\"auto\">Les accessoires du peigne sont noirs<\/span><\/li>\n<li><span dir=\"auto\">Compatible avec : FX797, FX787, FX726<\/span><\/li>\n<\/ul>\n","protected":false},"excerpt":{"rendered":"<p>D\u00c9TAILS Nylon renforc\u00e9 de fibre de verre pour plus de r\u00e9sistance et de durabilit\u00e9, ne frotte pas lorsque la lame de la tondeuse est \u00e0 z\u00e9ro \u00e9cartement Clip en m\u00e9tal dor\u00e9 pour fixer fermement la protection \u00e0 l&#8217;unit\u00e9 4 peignes de tailles diff\u00e9rentes Les accessoires du peigne sont noirs Compatible avec : FX797, FX787, FX726<\/p>\n","protected":false},"featured_media":6507,"comment_status":"open","ping_status":"closed","template":"","meta":{"_acf_changed":false,"_seopress_robots_primary_cat":"","_seopress_titles_title":"","_seopress_titles_desc":"","_seopress_robots_index":""},"product_brand":[],"product_cat":[73],"product_tag":[],"class_list":{"0":"post-6504","1":"product","2":"type-product","3":"status-publish","4":"has-post-thumbnail","6":"product_cat-accessoires_coiffure","8":"first","9":"instock","10":"taxable","11":"shipping-taxable","12":"purchasable","13":"product-type-simple"},"acf":[],"_links":{"self":[{"href":"https:\/\/absolutlaprairie.ca\/en\/wp-json\/wp\/v2\/product\/6504","targetHints":{"allow":["GET"]}}],"collection":[{"href":"https:\/\/absolutlaprairie.ca\/en\/wp-json\/wp\/v2\/product"}],"about":[{"href":"https:\/\/absolutlaprairie.ca\/en\/wp-json\/wp\/v2\/types\/product"}],"replies":[{"embeddable":true,"href":"https:\/\/absolutlaprairie.ca\/en\/wp-json\/wp\/v2\/comments?post=6504"}],"wp:featuredmedia":[{"embeddable":true,"href":"https:\/\/absolutlaprairie.ca\/en\/wp-json\/wp\/v2\/media\/6507"}],"wp:attachment":[{"href":"https:\/\/absolutlaprairie.ca\/en\/wp-json\/wp\/v2\/media?parent=6504"}],"wp:term":[{"taxonomy":"product_brand","embeddable":true,"href":"https:\/\/absolutlaprairie.ca\/en\/wp-json\/wp\/v2\/product_brand?post=6504"},{"taxonomy":"product_cat","embeddable":true,"href":"https:\/\/absolutlaprairie.ca\/en\/wp-json\/wp\/v2\/product_cat?post=6504"},{"taxonomy":"product_tag","embeddable":true,"href":"https:\/\/absolutlaprairie.ca\/en\/wp-json\/wp\/v2\/product_tag?post=6504"}],"curies":[{"name":"wp","href":"https:\/\/api.w.org\/{rel}","templated":true}]}}