{"id":6489,"date":"2025-09-04T17:09:49","date_gmt":"2025-09-04T22:09:49","guid":{"rendered":"https:\/\/absolutlaprairie.ca\/?post_type=product&#038;p=6489"},"modified":"2025-09-04T17:09:49","modified_gmt":"2025-09-04T22:09:49","slug":"pro-clipper-guides-10pcs","status":"publish","type":"product","link":"https:\/\/absolutlaprairie.ca\/en\/product\/pro-clipper-guides-10pcs\/","title":{"rendered":"Pro Clipper Guides &#8211; 10pcs"},"content":{"rendered":"<div class=\"expand-collapse-header flex justify-between items-center w-100\">\n<h3 class=\"w-100 ma0 pa3 f5 lh-copy normal\"><span dir=\"auto\">D\u00e9tails du produit<\/span><\/h3>\n<\/div>\n<div class=\"w_zz0G expand-collapse-content\" data-testid=\"ui-collapse-panel\">\n<div class=\"ph3 pb4 pt1\">\n<div class=\"nb3\" data-testid=\"product-description-content\">\n<div class=\"mb3\">\n<div class=\"dangerous-html mb3\">\n<ul>\n<li><span dir=\"auto\">Cr\u00e9ez une coiffure diff\u00e9rente : que vous soyez un nouvel apprenant ou un tondeuse \u00e0 cheveux exp\u00e9riment\u00e9, les guides de peignes de tondeuse \u00e0 cheveux professionnels sont d&#8217;une grande aide pour vous.<\/span><\/li>\n<li><span dir=\"auto\">Quantit\u00e9 : les guides de peignes de tondeuse sont disponibles en 10 pi\u00e8ces dans une vari\u00e9t\u00e9 de tailles, avec un r\u00e9glage pr\u00e9cis et une longueur fiable, vous pouvez choisir librement la taille que vous aimez.<\/span><\/li>\n<li><span dir=\"auto\">Facile \u00e0 utiliser : chaque guide de peigne bleu a un num\u00e9ro imprim\u00e9 dessus, ce qui le rend plus facile \u00e0 utiliser car vous pouvez facilement faire correspondre la tondeuse \u00e0 cheveux \u00e0 la mesure.<\/span><\/li>\n<li><span dir=\"auto\">Facile \u00e0 installer : le peigne de guidage bleu est facile \u00e0 installer et \u00e0 retirer en fixant simplement le peigne de guidage \u00e0 la lame de la tondeuse et en poussant pour le fixer.<\/span><\/li>\n<li><span dir=\"auto\">Portable : Les peignes-guides professionnels sont l\u00e9gers et suffisamment compacts pour se glisser facilement dans un sac. Les dents arrondies du peigne pr\u00e9viennent les blessures du cuir chevelu et sont s\u00fbres et confortables \u00e0 utiliser.<\/span><\/li>\n<\/ul>\n<p>&nbsp;<\/p>\n<ul>\n<li><span dir=\"auto\">Type d&#8217;article : Peignes-guides pour tondeuse \u00e0 cheveux<\/span><\/li>\n<li><span dir=\"auto\">Mat\u00e9riau : ABS<\/span><\/li>\n<li><span dir=\"auto\">Quantit\u00e9 : 10 pi\u00e8ces<\/span><\/li>\n<li><span dir=\"auto\">Taille : environ 1,5 mm \/ 0,1 po, 3 mm \/ 0,1 po, 4,5 mm \/ 0,2 po, 6 mm \/ 0,2 po, 10 mm \/ 0,4 po, 13 mm \/ 0,5 po, 16 mm \/ 0,6 po, 19 mm \/ 0,7 po, 22 mm \/ 0,9 po, 25 mm \/ 1 po<\/span><\/li>\n<li><span dir=\"auto\">10 x<\/span><\/li>\n<li><span dir=\"auto\">Peignes-guides<\/span><\/li>\n<li><span dir=\"auto\">1 x sac de rangement<\/span><\/li>\n<\/ul>\n<\/div>\n<\/div>\n<div class=\"mb3 f6 mid-gray lh-title overflow-visible db\">\n<div class=\"dangerous-html mb3\"><span dir=\"auto\">Lot de 10 peignes de coupe bleus pour tondeuse \u00e0 cheveux, accessoire professionnel pour barbier<\/span><\/div>\n<\/div>\n<\/div>\n<\/div>\n<\/div>\n","protected":false},"excerpt":{"rendered":"<p>D\u00e9tails du produit Cr\u00e9ez une coiffure diff\u00e9rente : que vous soyez un nouvel apprenant ou un tondeuse \u00e0 cheveux exp\u00e9riment\u00e9, les guides de peignes de tondeuse \u00e0 cheveux professionnels sont d&#8217;une grande aide pour vous. Quantit\u00e9 : les guides de peignes de tondeuse sont disponibles en 10 pi\u00e8ces dans une vari\u00e9t\u00e9 de tailles, avec un [&hellip;]<\/p>\n","protected":false},"featured_media":6492,"comment_status":"open","ping_status":"closed","template":"","meta":{"_acf_changed":false,"_seopress_robots_primary_cat":"","_seopress_titles_title":"","_seopress_titles_desc":"","_seopress_robots_index":""},"product_brand":[],"product_cat":[73],"product_tag":[],"class_list":{"0":"post-6489","1":"product","2":"type-product","3":"status-publish","4":"has-post-thumbnail","6":"product_cat-accessoires_coiffure","8":"first","9":"instock","10":"taxable","11":"shipping-taxable","12":"purchasable","13":"product-type-simple"},"acf":[],"_links":{"self":[{"href":"https:\/\/absolutlaprairie.ca\/en\/wp-json\/wp\/v2\/product\/6489","targetHints":{"allow":["GET"]}}],"collection":[{"href":"https:\/\/absolutlaprairie.ca\/en\/wp-json\/wp\/v2\/product"}],"about":[{"href":"https:\/\/absolutlaprairie.ca\/en\/wp-json\/wp\/v2\/types\/product"}],"replies":[{"embeddable":true,"href":"https:\/\/absolutlaprairie.ca\/en\/wp-json\/wp\/v2\/comments?post=6489"}],"wp:featuredmedia":[{"embeddable":true,"href":"https:\/\/absolutlaprairie.ca\/en\/wp-json\/wp\/v2\/media\/6492"}],"wp:attachment":[{"href":"https:\/\/absolutlaprairie.ca\/en\/wp-json\/wp\/v2\/media?parent=6489"}],"wp:term":[{"taxonomy":"product_brand","embeddable":true,"href":"https:\/\/absolutlaprairie.ca\/en\/wp-json\/wp\/v2\/product_brand?post=6489"},{"taxonomy":"product_cat","embeddable":true,"href":"https:\/\/absolutlaprairie.ca\/en\/wp-json\/wp\/v2\/product_cat?post=6489"},{"taxonomy":"product_tag","embeddable":true,"href":"https:\/\/absolutlaprairie.ca\/en\/wp-json\/wp\/v2\/product_tag?post=6489"}],"curies":[{"name":"wp","href":"https:\/\/api.w.org\/{rel}","templated":true}]}}