{"id":6484,"date":"2025-09-04T17:05:02","date_gmt":"2025-09-04T22:05:02","guid":{"rendered":"https:\/\/absolutlaprairie.ca\/?post_type=product&#038;p=6484"},"modified":"2025-09-04T17:05:02","modified_gmt":"2025-09-04T22:05:02","slug":"babylisspro-lo-profx-compact-series-trimmer","status":"publish","type":"product","link":"https:\/\/absolutlaprairie.ca\/en\/product\/babylisspro-lo-profx-compact-series-trimmer\/","title":{"rendered":"BaBylissPRO &#8211; LO\/PROFX Compact Series Trimmer"},"content":{"rendered":"<div id=\"faq-heading1-01\" class=\"mb-2 border-bottom\">\n<h3>Description<\/h3>\n<div class=\"card-body\">\n<div id=\"collapsible-description-null\" class=\"value content\">\n<p><b><span dir=\"auto\">Con\u00e7u pour allier pr\u00e9cision, puissance et endurance dans un format compact,<\/span><\/b><\/p>\n<p><span dir=\"auto\">le coupe-bordures compact haute performance LO-PROFX COMPACT SERIES est dot\u00e9 d&#8217;un capot m\u00e9tallique ultra-plat et d&#8217;un bo\u00eetier ergonomique. Il est aliment\u00e9 par un moteur CC haute vitesse de 6\u00a0800 tr\/min et une batterie lithium-ion haute capacit\u00e9. Son bo\u00eetier en aluminium anodis\u00e9 est durable et r\u00e9sistant aux rayures.<\/span><\/p>\n<p><span dir=\"auto\">LoPROFX, l&#8217;outil id\u00e9al pour une sensation de coupe optimale, une puissance et des performances optimales. Un format compact pour une puissance et des fonctionnalit\u00e9s optimales.<\/span><\/p>\n<\/div>\n<\/div>\n<\/div>\n<h3>Caract\u00e9ristiques et avantages<\/h3>\n<div id=\"faq-heading2-01\" class=\"mb-2 border-bottom\">\n<div class=\"card-body\">\n<div class=\"features-list\"><span dir=\"auto\">\u2022 Fonctionnement sans fil<\/span><br \/>\n<span dir=\"auto\">\u2022 Moteur CC haute vitesse \u2013 6\u00a0800 tr\/min<\/span><br \/>\n<span dir=\"auto\">\u2022 Lame en T \u00e0 dents profondes en graphite noir \u2013 R\u00e9glable sans espace<\/span><br \/>\n<span dir=\"auto\">\u2022 Batterie lithium-ion haute capacit\u00e9 \u2013 Jusqu&#8217;\u00e0 2 heures d&#8217;autonomie<\/span><br \/>\n<span dir=\"auto\">\u2022 Bo\u00eetier en aluminium anodis\u00e9 durable et r\u00e9sistant aux rayures<\/span><br \/>\n<span dir=\"auto\">\u2022 Compatible USB-C (cordon inclus)<\/span><br \/>\n<span dir=\"auto\">\u2022 Support de charge 3 en 1 inclus \u2013 Compatible avec tous les outils de la s\u00e9rie LO-PROFX COMPACT<\/span><br \/>\n<span dir=\"auto\">\u2022 Lame de rechange : FX707B2 (vendue s\u00e9par\u00e9ment)<\/span><br \/>\n<span dir=\"auto\">\u2022 Double tension<\/span><br \/>\n<span dir=\"auto\">\u2022 Garantie de 2 ans<\/span><\/div>\n<\/div>\n<\/div>\n","protected":false},"excerpt":{"rendered":"<p>Description Con\u00e7u pour allier pr\u00e9cision, puissance et endurance dans un format compact, le coupe-bordures compact haute performance LO-PROFX COMPACT SERIES est dot\u00e9 d&#8217;un capot m\u00e9tallique ultra-plat et d&#8217;un bo\u00eetier ergonomique. Il est aliment\u00e9 par un moteur CC haute vitesse de 6\u00a0800 tr\/min et une batterie lithium-ion haute capacit\u00e9. Son bo\u00eetier en aluminium anodis\u00e9 est durable [&hellip;]<\/p>\n","protected":false},"featured_media":6487,"comment_status":"open","ping_status":"closed","template":"","meta":{"_acf_changed":false,"_seopress_robots_primary_cat":"","_seopress_titles_title":"","_seopress_titles_desc":"","_seopress_robots_index":""},"product_brand":[],"product_cat":[69],"product_tag":[],"class_list":{"0":"post-6484","1":"product","2":"type-product","3":"status-publish","4":"has-post-thumbnail","6":"product_cat-tondeuse-sechoir","8":"first","9":"instock","10":"taxable","11":"shipping-taxable","12":"purchasable","13":"product-type-simple"},"acf":[],"_links":{"self":[{"href":"https:\/\/absolutlaprairie.ca\/en\/wp-json\/wp\/v2\/product\/6484","targetHints":{"allow":["GET"]}}],"collection":[{"href":"https:\/\/absolutlaprairie.ca\/en\/wp-json\/wp\/v2\/product"}],"about":[{"href":"https:\/\/absolutlaprairie.ca\/en\/wp-json\/wp\/v2\/types\/product"}],"replies":[{"embeddable":true,"href":"https:\/\/absolutlaprairie.ca\/en\/wp-json\/wp\/v2\/comments?post=6484"}],"wp:featuredmedia":[{"embeddable":true,"href":"https:\/\/absolutlaprairie.ca\/en\/wp-json\/wp\/v2\/media\/6487"}],"wp:attachment":[{"href":"https:\/\/absolutlaprairie.ca\/en\/wp-json\/wp\/v2\/media?parent=6484"}],"wp:term":[{"taxonomy":"product_brand","embeddable":true,"href":"https:\/\/absolutlaprairie.ca\/en\/wp-json\/wp\/v2\/product_brand?post=6484"},{"taxonomy":"product_cat","embeddable":true,"href":"https:\/\/absolutlaprairie.ca\/en\/wp-json\/wp\/v2\/product_cat?post=6484"},{"taxonomy":"product_tag","embeddable":true,"href":"https:\/\/absolutlaprairie.ca\/en\/wp-json\/wp\/v2\/product_tag?post=6484"}],"curies":[{"name":"wp","href":"https:\/\/api.w.org\/{rel}","templated":true}]}}