{"id":6475,"date":"2025-09-04T16:52:44","date_gmt":"2025-09-04T21:52:44","guid":{"rendered":"https:\/\/absolutlaprairie.ca\/?post_type=product&#038;p=6475"},"modified":"2025-09-04T16:58:19","modified_gmt":"2025-09-04T21:58:19","slug":"babylisspro-lo-profx-one-trimmer-matte-black","status":"publish","type":"product","link":"https:\/\/absolutlaprairie.ca\/en\/product\/babylisspro-lo-profx-one-trimmer-matte-black\/","title":{"rendered":"BabylissPRO &#8211; LO\/PROFX One Trimmer (Matte Black)"},"content":{"rendered":"<p><span dir=\"auto\">Les tondeuses LO-PROFX sont dot\u00e9es d&#8217;un capot m\u00e9tallique ultra-plat et d&#8217;une poign\u00e9e ergonomique. Elles sont aliment\u00e9es par un moteur sans balais haute performance de 6\u00a0800 tr\/min et une batterie lithium-ion haute capacit\u00e9 de 3\u00a0300 mAh. Leur design et leur puissance sont compl\u00e9t\u00e9s par une lame basse temp\u00e9rature. LO-PROFX, la machine id\u00e9ale pour une sensation de coupe optimale, une puissance et une performance optimales.<\/span><\/p>\n<p>&nbsp;<\/p>\n<p><span dir=\"auto\">Le nouveau syst\u00e8me FXONE fonctionne avec une seule batterie \u00e0 changement rapide, compatible avec toutes les tondeuses, tondeuses et rasoirs \u00e0 grille FXone.<\/span><\/p>\n<p>&nbsp;<\/p>\n<p><strong><span dir=\"auto\">Comprend<\/span><\/strong><span dir=\"auto\">\u00a0:<\/span><\/p>\n<ul>\n<li><span dir=\"auto\">Tondeuse (FX729)<\/span><\/li>\n<li><span dir=\"auto\">Batterie (FXBB24)<\/span><\/li>\n<li><span dir=\"auto\">Base de charge et c\u00e2ble \u00e0 double tension (FXTRAVL)<\/span><\/li>\n<\/ul>\n","protected":false},"excerpt":{"rendered":"<p>Les tondeuses LO-PROFX sont dot\u00e9es d&#8217;un capot m\u00e9tallique ultra-plat et d&#8217;une poign\u00e9e ergonomique. Elles sont aliment\u00e9es par un moteur sans balais haute performance de 6\u00a0800 tr\/min et une batterie lithium-ion haute capacit\u00e9 de 3\u00a0300 mAh. Leur design et leur puissance sont compl\u00e9t\u00e9s par une lame basse temp\u00e9rature. LO-PROFX, la machine id\u00e9ale pour une sensation de [&hellip;]<\/p>\n","protected":false},"featured_media":6482,"comment_status":"open","ping_status":"closed","template":"","meta":{"_acf_changed":false,"_seopress_robots_primary_cat":"none","_seopress_titles_title":"","_seopress_titles_desc":"","_seopress_robots_index":""},"product_brand":[],"product_cat":[69],"product_tag":[107],"class_list":{"0":"post-6475","1":"product","2":"type-product","3":"status-publish","4":"has-post-thumbnail","6":"product_cat-tondeuse-sechoir","7":"product_tag-trimmers","9":"first","10":"instock","11":"taxable","12":"shipping-taxable","13":"purchasable","14":"product-type-simple"},"acf":[],"_links":{"self":[{"href":"https:\/\/absolutlaprairie.ca\/en\/wp-json\/wp\/v2\/product\/6475","targetHints":{"allow":["GET"]}}],"collection":[{"href":"https:\/\/absolutlaprairie.ca\/en\/wp-json\/wp\/v2\/product"}],"about":[{"href":"https:\/\/absolutlaprairie.ca\/en\/wp-json\/wp\/v2\/types\/product"}],"replies":[{"embeddable":true,"href":"https:\/\/absolutlaprairie.ca\/en\/wp-json\/wp\/v2\/comments?post=6475"}],"wp:featuredmedia":[{"embeddable":true,"href":"https:\/\/absolutlaprairie.ca\/en\/wp-json\/wp\/v2\/media\/6482"}],"wp:attachment":[{"href":"https:\/\/absolutlaprairie.ca\/en\/wp-json\/wp\/v2\/media?parent=6475"}],"wp:term":[{"taxonomy":"product_brand","embeddable":true,"href":"https:\/\/absolutlaprairie.ca\/en\/wp-json\/wp\/v2\/product_brand?post=6475"},{"taxonomy":"product_cat","embeddable":true,"href":"https:\/\/absolutlaprairie.ca\/en\/wp-json\/wp\/v2\/product_cat?post=6475"},{"taxonomy":"product_tag","embeddable":true,"href":"https:\/\/absolutlaprairie.ca\/en\/wp-json\/wp\/v2\/product_tag?post=6475"}],"curies":[{"name":"wp","href":"https:\/\/api.w.org\/{rel}","templated":true}]}}