{"id":6467,"date":"2025-09-04T16:39:28","date_gmt":"2025-09-04T21:39:28","guid":{"rendered":"https:\/\/absolutlaprairie.ca\/?post_type=product&#038;p=6467"},"modified":"2025-09-04T16:40:38","modified_gmt":"2025-09-04T21:40:38","slug":"babyliss-pro-x-tomb45-trimmer-with-wireless-charging","status":"publish","type":"product","link":"https:\/\/absolutlaprairie.ca\/en\/product\/babyliss-pro-x-tomb45-trimmer-with-wireless-charging\/","title":{"rendered":"Babyliss PRO x Tomb45 &#8211; Trimmer with Wireless Charging"},"content":{"rendered":"<h4><strong><span dir=\"auto\">Caract\u00e9ristiques principales :<\/span><\/strong><\/h4>\n<ul>\n<li><strong><span dir=\"auto\">NOUVELLE lame en T moul\u00e9e par injection de m\u00e9tal \u00e0 dents profondes (MIM)<\/span><\/strong><span dir=\"auto\">\u00a0: recouverte de\u00a0<\/span><strong><span dir=\"auto\">titane noir<\/span><\/strong><span dir=\"auto\">\u00a0\u00e9l\u00e9gant pour une durabilit\u00e9 et une pr\u00e9cision in\u00e9gal\u00e9es.<\/span><\/li>\n<li><strong><span dir=\"auto\">NOUVELLE orientation de lame invers\u00e9e<\/span><\/strong><span dir=\"auto\">\u00a0: sp\u00e9cialement con\u00e7ue pour\u00a0<\/span><strong><span dir=\"auto\">des alignements impeccables et des d\u00e9tails complexes<\/span><\/strong><span dir=\"auto\">\u00a0.<\/span><\/li>\n<li><strong><span dir=\"auto\">Moteur \u00e0 double vitesse DS1<\/span><\/strong><span dir=\"auto\">\u00a0: r\u00e9glable pour une efficacit\u00e9 maximale :<\/span>\n<ul>\n<li><strong><span dir=\"auto\">Haute vitesse<\/span><\/strong><span dir=\"auto\">\u00a0: 7 500 tr\/min<\/span><\/li>\n<li><strong><span dir=\"auto\">Basse vitesse<\/span><\/strong><span dir=\"auto\">\u00a0: 6\u00a0800 tr\/min<\/span><\/li>\n<\/ul>\n<\/li>\n<li><strong><span dir=\"auto\">Batterie lithium-ion haute capacit\u00e9<\/span><\/strong><span dir=\"auto\">\u00a0: offre jusqu&#8217;\u00e0\u00a0<\/span><strong><span dir=\"auto\">3 heures d&#8217;autonomie<\/span><\/strong><span dir=\"auto\">\u00a0, vous permettant de rester aliment\u00e9 m\u00eame pendant les horaires charg\u00e9s.<\/span><\/li>\n<li><strong><span dir=\"auto\">Nouvel \u00e9cran indicateur LED du niveau de batterie<\/span><\/strong><span dir=\"auto\">\u00a0: surveillez facilement la dur\u00e9e de vie de la batterie en un coup d&#8217;\u0153il<\/span><\/li>\n<\/ul>\n<h4><strong><span dir=\"auto\">Avantages suppl\u00e9mentaires :<\/span><\/strong><\/h4>\n<ul>\n<li><strong><span dir=\"auto\">Compatible USB-C et FXCORD<\/span><\/strong><span dir=\"auto\">\u00a0: options flexibles pour une utilisation avec ou sans fil.<\/span><\/li>\n<li><strong><span dir=\"auto\">Conception ergonomique et l\u00e9g\u00e8re<\/span><\/strong><span dir=\"auto\">\u00a0: con\u00e7ue pour\u00a0<\/span><strong><span dir=\"auto\">la pr\u00e9cision et le confort<\/span><\/strong><span dir=\"auto\">\u00a0, m\u00eame lors de travaux de d\u00e9tail complexes.<\/span><\/li>\n<\/ul>\n","protected":false},"excerpt":{"rendered":"<p>Caract\u00e9ristiques principales : NOUVELLE lame en T moul\u00e9e par injection de m\u00e9tal \u00e0 dents profondes (MIM)\u00a0: recouverte de\u00a0titane noir\u00a0\u00e9l\u00e9gant pour une durabilit\u00e9 et une pr\u00e9cision in\u00e9gal\u00e9es. NOUVELLE orientation de lame invers\u00e9e\u00a0: sp\u00e9cialement con\u00e7ue pour\u00a0des alignements impeccables et des d\u00e9tails complexes\u00a0. Moteur \u00e0 double vitesse DS1\u00a0: r\u00e9glable pour une efficacit\u00e9 maximale : Haute vitesse\u00a0: 7 500 [&hellip;]<\/p>\n","protected":false},"featured_media":6470,"comment_status":"open","ping_status":"closed","template":"","meta":{"_acf_changed":false,"_seopress_robots_primary_cat":"none","_seopress_titles_title":"","_seopress_titles_desc":"","_seopress_robots_index":""},"product_brand":[],"product_cat":[69],"product_tag":[],"class_list":{"0":"post-6467","1":"product","2":"type-product","3":"status-publish","4":"has-post-thumbnail","6":"product_cat-tondeuse-sechoir","8":"first","9":"instock","10":"taxable","11":"shipping-taxable","12":"purchasable","13":"product-type-simple"},"acf":[],"_links":{"self":[{"href":"https:\/\/absolutlaprairie.ca\/en\/wp-json\/wp\/v2\/product\/6467","targetHints":{"allow":["GET"]}}],"collection":[{"href":"https:\/\/absolutlaprairie.ca\/en\/wp-json\/wp\/v2\/product"}],"about":[{"href":"https:\/\/absolutlaprairie.ca\/en\/wp-json\/wp\/v2\/types\/product"}],"replies":[{"embeddable":true,"href":"https:\/\/absolutlaprairie.ca\/en\/wp-json\/wp\/v2\/comments?post=6467"}],"wp:featuredmedia":[{"embeddable":true,"href":"https:\/\/absolutlaprairie.ca\/en\/wp-json\/wp\/v2\/media\/6470"}],"wp:attachment":[{"href":"https:\/\/absolutlaprairie.ca\/en\/wp-json\/wp\/v2\/media?parent=6467"}],"wp:term":[{"taxonomy":"product_brand","embeddable":true,"href":"https:\/\/absolutlaprairie.ca\/en\/wp-json\/wp\/v2\/product_brand?post=6467"},{"taxonomy":"product_cat","embeddable":true,"href":"https:\/\/absolutlaprairie.ca\/en\/wp-json\/wp\/v2\/product_cat?post=6467"},{"taxonomy":"product_tag","embeddable":true,"href":"https:\/\/absolutlaprairie.ca\/en\/wp-json\/wp\/v2\/product_tag?post=6467"}],"curies":[{"name":"wp","href":"https:\/\/api.w.org\/{rel}","templated":true}]}}