{"id":6459,"date":"2025-09-04T16:19:31","date_gmt":"2025-09-04T21:19:31","guid":{"rendered":"https:\/\/absolutlaprairie.ca\/?post_type=product&#038;p=6459"},"modified":"2025-09-04T16:19:31","modified_gmt":"2025-09-04T21:19:31","slug":"babylisspro-blackfx-outlining-trimmer","status":"publish","type":"product","link":"https:\/\/absolutlaprairie.ca\/en\/product\/babylisspro-blackfx-outlining-trimmer\/","title":{"rendered":"BaBylissPRO &#8211; BLACKFX Outlining Trimmer"},"content":{"rendered":"<div id=\"faq-heading1-01\" class=\"mb-2 border-bottom\">\n<h3>Description<\/h3>\n<div class=\"card-body\">\n<div id=\"collapsible-description-null\" class=\"value content\"><span dir=\"auto\">BlackFX est une tondeuse \u00e0 contours professionnelle, enti\u00e8rement m\u00e9tallique, avec ou sans fil, au lithium. Dot\u00e9e d&#8217;une lame en T expos\u00e9e avec vue \u00e0 360 degr\u00e9s, elle est unique en son genre\u00a0! L&#8217;outil id\u00e9al pour des contours nets, des lignes nettes et tous les autres travaux de pr\u00e9cision. D\u00e9couvrez la nouvelle r\u00e9f\u00e9rence en mati\u00e8re de tondeuses \u00e0 contours.<\/span><\/div>\n<\/div>\n<\/div>\n<div id=\"faq-heading2-01\" class=\"mb-2 border-bottom\">\n<h3>Caract\u00e9ristiques et avantages<\/h3>\n<div class=\"card-body\">\n<div class=\"features-list\">\n<ul>\n<li><span dir=\"auto\">Fonctionnement avec ou sans fil<\/span><\/li>\n<li><span dir=\"auto\">Moteur sans balais \u00e0 couple \u00e9lev\u00e9<\/span><\/li>\n<li><span dir=\"auto\">Batterie lithium-ion (autonomie de 2 heures)<\/span><\/li>\n<li><span dir=\"auto\">Lame en T expos\u00e9e \u00e0 360\u00b0 r\u00e9glable en graphite noir \u00e0 espacement nul<\/span><\/li>\n<li><span dir=\"auto\">Outil \u00e0 espace nul inclus<\/span><\/li>\n<li><span dir=\"auto\">Bo\u00eetier enti\u00e8rement m\u00e9tallique avec poign\u00e9e molet\u00e9e pour barre<\/span><\/li>\n<li><span dir=\"auto\">Double tension<\/span><\/li>\n<li><span dir=\"auto\">Crochet de suspension<\/span><\/li>\n<li><span dir=\"auto\">Aucun accessoire de peigne inclus<\/span><\/li>\n<li><span dir=\"auto\">Lame de rechange : FX707B2 (vendue s\u00e9par\u00e9ment)<\/span><\/li>\n<li><span dir=\"auto\">Garantie de 2 ans<\/span><\/li>\n<\/ul>\n<\/div>\n<\/div>\n<\/div>\n","protected":false},"excerpt":{"rendered":"<p>Description BlackFX est une tondeuse \u00e0 contours professionnelle, enti\u00e8rement m\u00e9tallique, avec ou sans fil, au lithium. Dot\u00e9e d&#8217;une lame en T expos\u00e9e avec vue \u00e0 360 degr\u00e9s, elle est unique en son genre\u00a0! L&#8217;outil id\u00e9al pour des contours nets, des lignes nettes et tous les autres travaux de pr\u00e9cision. D\u00e9couvrez la nouvelle r\u00e9f\u00e9rence en mati\u00e8re [&hellip;]<\/p>\n","protected":false},"featured_media":6462,"comment_status":"open","ping_status":"closed","template":"","meta":{"_acf_changed":false,"_seopress_robots_primary_cat":"","_seopress_titles_title":"","_seopress_titles_desc":"","_seopress_robots_index":""},"product_brand":[],"product_cat":[69],"product_tag":[],"class_list":{"0":"post-6459","1":"product","2":"type-product","3":"status-publish","4":"has-post-thumbnail","6":"product_cat-tondeuse-sechoir","8":"first","9":"instock","10":"taxable","11":"shipping-taxable","12":"purchasable","13":"product-type-simple"},"acf":[],"_links":{"self":[{"href":"https:\/\/absolutlaprairie.ca\/en\/wp-json\/wp\/v2\/product\/6459","targetHints":{"allow":["GET"]}}],"collection":[{"href":"https:\/\/absolutlaprairie.ca\/en\/wp-json\/wp\/v2\/product"}],"about":[{"href":"https:\/\/absolutlaprairie.ca\/en\/wp-json\/wp\/v2\/types\/product"}],"replies":[{"embeddable":true,"href":"https:\/\/absolutlaprairie.ca\/en\/wp-json\/wp\/v2\/comments?post=6459"}],"wp:featuredmedia":[{"embeddable":true,"href":"https:\/\/absolutlaprairie.ca\/en\/wp-json\/wp\/v2\/media\/6462"}],"wp:attachment":[{"href":"https:\/\/absolutlaprairie.ca\/en\/wp-json\/wp\/v2\/media?parent=6459"}],"wp:term":[{"taxonomy":"product_brand","embeddable":true,"href":"https:\/\/absolutlaprairie.ca\/en\/wp-json\/wp\/v2\/product_brand?post=6459"},{"taxonomy":"product_cat","embeddable":true,"href":"https:\/\/absolutlaprairie.ca\/en\/wp-json\/wp\/v2\/product_cat?post=6459"},{"taxonomy":"product_tag","embeddable":true,"href":"https:\/\/absolutlaprairie.ca\/en\/wp-json\/wp\/v2\/product_tag?post=6459"}],"curies":[{"name":"wp","href":"https:\/\/api.w.org\/{rel}","templated":true}]}}