{"id":6454,"date":"2025-09-04T15:52:58","date_gmt":"2025-09-04T20:52:58","guid":{"rendered":"https:\/\/absolutlaprairie.ca\/?post_type=product&#038;p=6454"},"modified":"2025-09-04T16:14:11","modified_gmt":"2025-09-04T21:14:11","slug":"babylisspro-goldfx-lithium-trimmer","status":"publish","type":"product","link":"https:\/\/absolutlaprairie.ca\/en\/product\/babylisspro-goldfx-lithium-trimmer\/","title":{"rendered":"BaBylissPRO &#8211; GOLDFX+ Lithium Trimmer"},"content":{"rendered":"<div id=\"faq-heading1-01\" class=\"mb-2 border-bottom\">\n<h3>Description<\/h3>\n<div class=\"card-body\">\n<div id=\"collapsible-description-null\" class=\"value content\"><span dir=\"auto\">La collection embl\u00e9matique est de retour, plus performante que jamais. Avec son nouveau moteur sans balais N1 am\u00e9lior\u00e9, sa batterie lithium-ion haute capacit\u00e9 pour une autonomie prolong\u00e9e et sa nouvelle fonction de charge universelle USB-C, la nouvelle collection All-Metal de BaBylissPRO est un incontournable pour tout barbier ou styliste.<\/span><\/div>\n<\/div>\n<\/div>\n<div id=\"faq-heading2-01\" class=\"mb-2 border-bottom\">\n<h3>Caract\u00e9ristiques et avantages<\/h3>\n<div class=\"card-body\">\n<div class=\"features-list\"><b><span dir=\"auto\">\u2022 Moteur sans balais N1<\/span><br \/>\n<span dir=\"auto\">\u2022 Batterie lithium-ion de plus grande capacit\u00e9 (autonomie de 4 heures)<\/span><br \/>\n<span dir=\"auto\">\u2022 Ports de charge standard et USB-C<\/span><\/b><span dir=\"auto\">\u2022 Fonctionnement avec ou sans fil<\/span><br \/>\n<span dir=\"auto\">\u2022 Lame DLC\/titane<\/span><br \/>\n<span dir=\"auto\">\u2022 Lame en T expos\u00e9e \u00e0 360\u00b0 r\u00e9glable sans espace<\/span><br \/>\n<span dir=\"auto\">\u2022 Bo\u00eetier enti\u00e8rement m\u00e9tallique avec poign\u00e9e molet\u00e9e<\/span><br \/>\n<span dir=\"auto\">\u2022 Double tension<\/span><br \/>\n<span dir=\"auto\">\u2022 Crochet de suspension<\/span><\/p>\n<\/div>\n<\/div>\n<\/div>\n","protected":false},"excerpt":{"rendered":"<p>Description La collection embl\u00e9matique est de retour, plus performante que jamais. Avec son nouveau moteur sans balais N1 am\u00e9lior\u00e9, sa batterie lithium-ion haute capacit\u00e9 pour une autonomie prolong\u00e9e et sa nouvelle fonction de charge universelle USB-C, la nouvelle collection All-Metal de BaBylissPRO est un incontournable pour tout barbier ou styliste. Caract\u00e9ristiques et avantages \u2022 Moteur [&hellip;]<\/p>\n","protected":false},"featured_media":6457,"comment_status":"open","ping_status":"closed","template":"","meta":{"_acf_changed":false,"_seopress_robots_primary_cat":"none","_seopress_titles_title":"","_seopress_titles_desc":"","_seopress_robots_index":""},"product_brand":[],"product_cat":[69],"product_tag":[],"class_list":{"0":"post-6454","1":"product","2":"type-product","3":"status-publish","4":"has-post-thumbnail","6":"product_cat-tondeuse-sechoir","8":"first","9":"instock","10":"taxable","11":"shipping-taxable","12":"purchasable","13":"product-type-simple"},"acf":[],"_links":{"self":[{"href":"https:\/\/absolutlaprairie.ca\/en\/wp-json\/wp\/v2\/product\/6454","targetHints":{"allow":["GET"]}}],"collection":[{"href":"https:\/\/absolutlaprairie.ca\/en\/wp-json\/wp\/v2\/product"}],"about":[{"href":"https:\/\/absolutlaprairie.ca\/en\/wp-json\/wp\/v2\/types\/product"}],"replies":[{"embeddable":true,"href":"https:\/\/absolutlaprairie.ca\/en\/wp-json\/wp\/v2\/comments?post=6454"}],"wp:featuredmedia":[{"embeddable":true,"href":"https:\/\/absolutlaprairie.ca\/en\/wp-json\/wp\/v2\/media\/6457"}],"wp:attachment":[{"href":"https:\/\/absolutlaprairie.ca\/en\/wp-json\/wp\/v2\/media?parent=6454"}],"wp:term":[{"taxonomy":"product_brand","embeddable":true,"href":"https:\/\/absolutlaprairie.ca\/en\/wp-json\/wp\/v2\/product_brand?post=6454"},{"taxonomy":"product_cat","embeddable":true,"href":"https:\/\/absolutlaprairie.ca\/en\/wp-json\/wp\/v2\/product_cat?post=6454"},{"taxonomy":"product_tag","embeddable":true,"href":"https:\/\/absolutlaprairie.ca\/en\/wp-json\/wp\/v2\/product_tag?post=6454"}],"curies":[{"name":"wp","href":"https:\/\/api.w.org\/{rel}","templated":true}]}}