{"id":6443,"date":"2025-09-04T14:57:11","date_gmt":"2025-09-04T19:57:11","guid":{"rendered":"https:\/\/absolutlaprairie.ca\/?post_type=product&#038;p=6443"},"modified":"2025-09-04T15:44:21","modified_gmt":"2025-09-04T20:44:21","slug":"babylisspro-goldfx-fxone-trimmer","status":"publish","type":"product","link":"https:\/\/absolutlaprairie.ca\/en\/product\/babylisspro-goldfx-fxone-trimmer\/","title":{"rendered":"BaBylissPRO &#8211; GoldFX FXOne Trimmer avec batterie"},"content":{"rendered":"<div class=\"tablist overflow-hidden relative mb-4 no-js-hidden\">\n<h3 role=\"tablist\">Description<\/h3>\n<\/div>\n<div id=\"panel-0\" tabindex=\"0\" role=\"tabpanel\" aria-labelledby=\"tab-0\">\n<div class=\"rte product-description\">\n<p><b><span dir=\"auto\">Tondeuse BabylissPRO GoldFX FXONE <\/span><\/b><b><span dir=\"auto\">#FX799G<\/span><\/b><\/p>\n<p><b><\/b><b><\/b><b><\/b><span dir=\"auto\">D\u00e9couvrez\u00a0<\/span><i><span dir=\"auto\">la\u00a0<\/span><\/i><span dir=\"auto\"><i>collection\u00a0<\/i><\/span><b><i><span dir=\"auto\">FXONE<\/span><\/i><\/b><span dir=\"auto\">\u00a0! Une batterie, des outils illimit\u00e9s. Le nouveau syst\u00e8me\u00a0<b>FXONE\u00a0<\/b>est un syst\u00e8me \u00e0 batterie unique compatible avec tous les outils\u00a0<b>FXONE\u00a0<\/b>.<\/span><i><\/i><b><\/b><b><\/b><\/p>\n<ul>\n<li><span dir=\"auto\">NOUVEAU moteur brushless N1 (7 200 tr\/min)<\/span><\/li>\n<li><span dir=\"auto\">Double roulement pour plus d&#8217;efficacit\u00e9<\/span><\/li>\n<li><span dir=\"auto\">Longue vie<\/span><\/li>\n<li><span dir=\"auto\">Lame en T ultra-fine en or DLC\/titane \u00e0 dents standard<\/span><\/li>\n<li><span dir=\"auto\">Hypoallerg\u00e9nique<\/span><\/li>\n<li><span dir=\"auto\">Haute r\u00e9sistance<\/span><\/li>\n<li><span dir=\"auto\">Temp\u00e9rature de lame inf\u00e9rieure<\/span><\/li>\n<li><span dir=\"auto\">NOUVEAU pack de batteries lithium-ion interchangeables<\/span><\/li>\n<li><span dir=\"auto\">Jusqu&#8217;\u00e0 3 heures d&#8217;autonomie<\/span><\/li>\n<li><span dir=\"auto\">Bouton de lib\u00e9ration rapide de la batterie<\/span><\/li>\n<li><span dir=\"auto\">Indicateur de batterie \u00e0 anneau LED \u00e0 4 niveaux<\/span><\/li>\n<li><span dir=\"auto\">NOUVEAU Bo\u00eetier enti\u00e8rement m\u00e9tallique am\u00e9lior\u00e9<\/span><\/li>\n<li><span dir=\"auto\">Repose-doigts ergonomique<\/span><\/li>\n<li><span dir=\"auto\">Porte-poche \u00e0 cheveux amovible<\/span><\/li>\n<li><span dir=\"auto\">Lame de rechange (vendue s\u00e9par\u00e9ment) : FX707Z<\/span><\/li>\n<\/ul>\n<p><b><span dir=\"auto\">Comprend :<\/span><\/b><\/p>\n<ul>\n<li><span dir=\"auto\">Outil<\/span><\/li>\n<li><span dir=\"auto\">Batterie<\/span><\/li>\n<li><span dir=\"auto\">Base de chargement<\/span><\/li>\n<\/ul>\n<\/div>\n<\/div>\n","protected":false},"excerpt":{"rendered":"<p>Description Tondeuse BabylissPRO GoldFX FXONE #FX799G D\u00e9couvrez\u00a0la\u00a0collection\u00a0FXONE\u00a0! Une batterie, des outils illimit\u00e9s. Le nouveau syst\u00e8me\u00a0FXONE\u00a0est un syst\u00e8me \u00e0 batterie unique compatible avec tous les outils\u00a0FXONE\u00a0. NOUVEAU moteur brushless N1 (7 200 tr\/min) Double roulement pour plus d&#8217;efficacit\u00e9 Longue vie Lame en T ultra-fine en or DLC\/titane \u00e0 dents standard Hypoallerg\u00e9nique Haute r\u00e9sistance Temp\u00e9rature de lame [&hellip;]<\/p>\n","protected":false},"featured_media":6446,"comment_status":"open","ping_status":"closed","template":"","meta":{"_acf_changed":false,"_seopress_robots_primary_cat":"none","_seopress_titles_title":"","_seopress_titles_desc":"","_seopress_robots_index":""},"product_brand":[],"product_cat":[69],"product_tag":[],"class_list":{"0":"post-6443","1":"product","2":"type-product","3":"status-publish","4":"has-post-thumbnail","6":"product_cat-tondeuse-sechoir","8":"first","9":"instock","10":"taxable","11":"shipping-taxable","12":"purchasable","13":"product-type-simple"},"acf":[],"_links":{"self":[{"href":"https:\/\/absolutlaprairie.ca\/en\/wp-json\/wp\/v2\/product\/6443","targetHints":{"allow":["GET"]}}],"collection":[{"href":"https:\/\/absolutlaprairie.ca\/en\/wp-json\/wp\/v2\/product"}],"about":[{"href":"https:\/\/absolutlaprairie.ca\/en\/wp-json\/wp\/v2\/types\/product"}],"replies":[{"embeddable":true,"href":"https:\/\/absolutlaprairie.ca\/en\/wp-json\/wp\/v2\/comments?post=6443"}],"wp:featuredmedia":[{"embeddable":true,"href":"https:\/\/absolutlaprairie.ca\/en\/wp-json\/wp\/v2\/media\/6446"}],"wp:attachment":[{"href":"https:\/\/absolutlaprairie.ca\/en\/wp-json\/wp\/v2\/media?parent=6443"}],"wp:term":[{"taxonomy":"product_brand","embeddable":true,"href":"https:\/\/absolutlaprairie.ca\/en\/wp-json\/wp\/v2\/product_brand?post=6443"},{"taxonomy":"product_cat","embeddable":true,"href":"https:\/\/absolutlaprairie.ca\/en\/wp-json\/wp\/v2\/product_cat?post=6443"},{"taxonomy":"product_tag","embeddable":true,"href":"https:\/\/absolutlaprairie.ca\/en\/wp-json\/wp\/v2\/product_tag?post=6443"}],"curies":[{"name":"wp","href":"https:\/\/api.w.org\/{rel}","templated":true}]}}