{"id":6438,"date":"2025-09-03T14:03:53","date_gmt":"2025-09-03T19:03:53","guid":{"rendered":"https:\/\/absolutlaprairie.ca\/?post_type=product&#038;p=6438"},"modified":"2025-11-19T19:46:44","modified_gmt":"2025-11-20T00:46:44","slug":"gamma-plasma-dryer-2","status":"publish","type":"product","link":"https:\/\/absolutlaprairie.ca\/en\/product\/gamma-plasma-dryer-2\/","title":{"rendered":"Gamma+ &#8220;Plasma&#8221; Dryer"},"content":{"rendered":"<ul>\n<li><span dir=\"auto\">Le seul s\u00e8che-cheveux au monde dot\u00e9 de l&#8217;activateur d&#8217;oxyg\u00e8ne actif : la lampe UV exclusive active l&#8217;air en le transformant en oxyg\u00e8ne actif.<\/span><\/li>\n<li><span dir=\"auto\">Le processus de s\u00e9chage devient un soin de beaut\u00e9 et de bien-\u00eatre pour les cheveux.<\/span><\/li>\n<li><span dir=\"auto\">L&#8217;oxyg\u00e8ne actif interagit avec les mol\u00e9cules de la couleur des cheveux, favorisant une meilleure stabilit\u00e9 et prolongeant la dur\u00e9e de la couleur ; il facilite la fermeture de la cuticule qui rend la tige plus lisse et plus brillante et prot\u00e8ge la structure interne du cheveu des intemp\u00e9ries et de la chaleur ; le processus oxydatif induit par l&#8217;oxyg\u00e8ne actif d\u00e9truit la capsule bact\u00e9rienne et am\u00e9liore le m\u00e9tabolisme du cuir chevelu, favorisant sa r\u00e9cup\u00e9ration naturelle.<\/span><\/li>\n<li><span dir=\"auto\">G\u00e9n\u00e9rateur d&#8217;ions avec interrupteur marche-arr\u00eat qui contr\u00f4le l&#8217;\u00e9mission d&#8217;ions n\u00e9gatifs en fonction du r\u00e9sultat que vous souhaitez obtenir sur les cheveux.<\/span><\/li>\n<li><span dir=\"auto\">Interrupteur sur ION\u00a0: pour des cheveux hydrat\u00e9s, lisses et sans \u00e9lectricit\u00e9 statique. Interrupteur sur O\u00a0: pour obtenir volume et consistance.<\/span><\/li>\n<li><span dir=\"auto\">Avantages scientifiquement test\u00e9s : test d&#8217;\u00e9valuation r\u00e9alis\u00e9 par le centre biom\u00e9dical de dermatologie et de trichologie Biomedical srl.<\/span><\/li>\n<li><span dir=\"auto\">Temps de s\u00e9chage r\u00e9duit<\/span><\/li>\n<\/ul>\n","protected":false},"excerpt":{"rendered":"<p>Le seul s\u00e8che-cheveux au monde dot\u00e9 de l&#8217;activateur d&#8217;oxyg\u00e8ne actif : la lampe UV exclusive active l&#8217;air en le transformant en oxyg\u00e8ne actif. Le processus de s\u00e9chage devient un soin de beaut\u00e9 et de bien-\u00eatre pour les cheveux. L&#8217;oxyg\u00e8ne actif interagit avec les mol\u00e9cules de la couleur des cheveux, favorisant une meilleure stabilit\u00e9 et prolongeant [&hellip;]<\/p>\n","protected":false},"featured_media":6441,"comment_status":"open","ping_status":"closed","template":"","meta":{"_acf_changed":false,"_seopress_robots_primary_cat":"none","_seopress_titles_title":"","_seopress_titles_desc":"","_seopress_robots_index":""},"product_brand":[],"product_cat":[69],"product_tag":[109],"class_list":{"0":"post-6438","1":"product","2":"type-product","3":"status-publish","4":"has-post-thumbnail","6":"product_cat-tondeuse-sechoir","7":"product_tag-sechoir","9":"first","10":"instock","11":"taxable","12":"shipping-taxable","13":"purchasable","14":"product-type-simple"},"acf":[],"_links":{"self":[{"href":"https:\/\/absolutlaprairie.ca\/en\/wp-json\/wp\/v2\/product\/6438","targetHints":{"allow":["GET"]}}],"collection":[{"href":"https:\/\/absolutlaprairie.ca\/en\/wp-json\/wp\/v2\/product"}],"about":[{"href":"https:\/\/absolutlaprairie.ca\/en\/wp-json\/wp\/v2\/types\/product"}],"replies":[{"embeddable":true,"href":"https:\/\/absolutlaprairie.ca\/en\/wp-json\/wp\/v2\/comments?post=6438"}],"wp:featuredmedia":[{"embeddable":true,"href":"https:\/\/absolutlaprairie.ca\/en\/wp-json\/wp\/v2\/media\/6441"}],"wp:attachment":[{"href":"https:\/\/absolutlaprairie.ca\/en\/wp-json\/wp\/v2\/media?parent=6438"}],"wp:term":[{"taxonomy":"product_brand","embeddable":true,"href":"https:\/\/absolutlaprairie.ca\/en\/wp-json\/wp\/v2\/product_brand?post=6438"},{"taxonomy":"product_cat","embeddable":true,"href":"https:\/\/absolutlaprairie.ca\/en\/wp-json\/wp\/v2\/product_cat?post=6438"},{"taxonomy":"product_tag","embeddable":true,"href":"https:\/\/absolutlaprairie.ca\/en\/wp-json\/wp\/v2\/product_tag?post=6438"}],"curies":[{"name":"wp","href":"https:\/\/api.w.org\/{rel}","templated":true}]}}