{"id":6433,"date":"2025-09-03T13:58:39","date_gmt":"2025-09-03T18:58:39","guid":{"rendered":"https:\/\/absolutlaprairie.ca\/?post_type=product&#038;p=6433"},"modified":"2025-11-19T19:51:13","modified_gmt":"2025-11-20T00:51:13","slug":"stylecraft-ionic-turbo-pro-hairdryer","status":"publish","type":"product","link":"https:\/\/absolutlaprairie.ca\/en\/product\/stylecraft-ionic-turbo-pro-hairdryer\/","title":{"rendered":"Stylecraft &#8211; Ionic turbo pro hairdryer"},"content":{"rendered":"<div class=\"HighlightSol HighlightSol--buildingBlock TypographyPresentation TypographyPresentation--medium RichText3-paragraph--withVSpacingNormal RichText3-paragraph\"><span dir=\"auto\">\u00b7\u00a0<\/span><strong><span dir=\"auto\">MOTEUR TURBO POWER<\/span><\/strong><span dir=\"auto\">\u00a01875 watts de puissance pour r\u00e9duire le temps de s\u00e9chage<\/span><\/div>\n<div class=\"HighlightSol HighlightSol--buildingBlock TypographyPresentation TypographyPresentation--medium RichText3-paragraph--withVSpacingNormal RichText3-paragraph\"><span dir=\"auto\">\u00b7\u00a0<\/span><strong><span dir=\"auto\">LE G\u00c9N\u00c9RATEUR D&#8217;IONS N\u00c9GATIFS<\/span><\/strong><span dir=\"auto\">\u00a0ferme la cuticule, laissant les cheveux lisses et sans frisottis<\/span><\/div>\n<div class=\"HighlightSol HighlightSol--buildingBlock TypographyPresentation TypographyPresentation--medium RichText3-paragraph--withVSpacingNormal RichText3-paragraph\"><span dir=\"auto\">\u00b7\u00a0<\/span><strong><span dir=\"auto\">CONCEPTION ERGONOMIQUE L\u00c9G\u00c8RE ET \u00c9L\u00c9GANTE<\/span><\/strong><span dir=\"auto\">\u00a0pesant seulement 19,4 oz, con\u00e7ue pour le confort afin de minimiser la fatigue avec une \u00e9l\u00e9gante finition noire qui ajoute une touche de sophistication<\/span><\/div>\n<div class=\"HighlightSol HighlightSol--buildingBlock TypographyPresentation TypographyPresentation--medium RichText3-paragraph--withVSpacingNormal RichText3-paragraph\"><span dir=\"auto\">\u00b7\u00a0<\/span><strong><span dir=\"auto\">3 R\u00c9GLAGES DE CHALEUR ET 2 R\u00c9GLAGES DE VITESSE<\/span><\/strong><span dir=\"auto\">\u00a0offrent des options de chaleur et de vitesse personnalisables pour s&#8217;adapter \u00e0 tous les types de cheveux et \u00e0 toutes les pr\u00e9f\u00e9rences de style<\/span><\/div>\n<div class=\"HighlightSol HighlightSol--buildingBlock TypographyPresentation TypographyPresentation--medium RichText3-paragraph--withVSpacingNormal RichText3-paragraph\"><span dir=\"auto\">\u00b7\u00a0<\/span><strong><span dir=\"auto\">COOL SHOT<\/span><\/strong><span dir=\"auto\">\u00a0lib\u00e8re un jet d&#8217;air froid pour fixer une coiffure et rehausser la brillance<\/span><\/div>\n<div class=\"HighlightSol HighlightSol--buildingBlock TypographyPresentation TypographyPresentation--medium RichText3-paragraph--withVSpacingNormal RichText3-paragraph\"><span dir=\"auto\">\u00b7 Cordon\u00a0<\/span><strong><span dir=\"auto\">de QUALIT\u00c9 PROFESSIONNELLE de 9 pieds<\/span><\/strong><span dir=\"auto\">\u00a0avec crochet de rangement<\/span><\/div>\n<div class=\"HighlightSol HighlightSol--buildingBlock TypographyPresentation TypographyPresentation--medium RichText3-paragraph--withVSpacingNormal RichText3-paragraph\"><strong><span dir=\"auto\">\u00b7 Embouts\u00a0<\/span><\/strong><strong><span dir=\"auto\">concentrateurs et picots encliquetables<\/span><\/strong><span dir=\"auto\">\u00a0con\u00e7us pour un coiffage plus pr\u00e9cis et plus rapide<\/span><\/div>\n<div class=\"HighlightSol HighlightSol--buildingBlock TypographyPresentation TypographyPresentation--medium RichText3-paragraph--withVSpacingNormal RichText3-paragraph\"><span dir=\"auto\">\u00b7\u00a0<\/span><strong><span dir=\"auto\">COMPREND<\/span><\/strong><span dir=\"auto\">\u00a0: 1 s\u00e9choir, 2 buses de concentration et 1 pic<\/span><\/div>\n","protected":false},"excerpt":{"rendered":"<p>\u00b7\u00a0MOTEUR TURBO POWER\u00a01875 watts de puissance pour r\u00e9duire le temps de s\u00e9chage \u00b7\u00a0LE G\u00c9N\u00c9RATEUR D&#8217;IONS N\u00c9GATIFS\u00a0ferme la cuticule, laissant les cheveux lisses et sans frisottis \u00b7\u00a0CONCEPTION ERGONOMIQUE L\u00c9G\u00c8RE ET \u00c9L\u00c9GANTE\u00a0pesant seulement 19,4 oz, con\u00e7ue pour le confort afin de minimiser la fatigue avec une \u00e9l\u00e9gante finition noire qui ajoute une touche de sophistication \u00b7\u00a03 R\u00c9GLAGES [&hellip;]<\/p>\n","protected":false},"featured_media":6436,"comment_status":"open","ping_status":"closed","template":"","meta":{"_acf_changed":false,"_seopress_robots_primary_cat":"none","_seopress_titles_title":"","_seopress_titles_desc":"","_seopress_robots_index":""},"product_brand":[],"product_cat":[69],"product_tag":[109],"class_list":{"0":"post-6433","1":"product","2":"type-product","3":"status-publish","4":"has-post-thumbnail","6":"product_cat-tondeuse-sechoir","7":"product_tag-sechoir","9":"first","10":"instock","11":"taxable","12":"shipping-taxable","13":"purchasable","14":"product-type-simple"},"acf":[],"_links":{"self":[{"href":"https:\/\/absolutlaprairie.ca\/en\/wp-json\/wp\/v2\/product\/6433","targetHints":{"allow":["GET"]}}],"collection":[{"href":"https:\/\/absolutlaprairie.ca\/en\/wp-json\/wp\/v2\/product"}],"about":[{"href":"https:\/\/absolutlaprairie.ca\/en\/wp-json\/wp\/v2\/types\/product"}],"replies":[{"embeddable":true,"href":"https:\/\/absolutlaprairie.ca\/en\/wp-json\/wp\/v2\/comments?post=6433"}],"wp:featuredmedia":[{"embeddable":true,"href":"https:\/\/absolutlaprairie.ca\/en\/wp-json\/wp\/v2\/media\/6436"}],"wp:attachment":[{"href":"https:\/\/absolutlaprairie.ca\/en\/wp-json\/wp\/v2\/media?parent=6433"}],"wp:term":[{"taxonomy":"product_brand","embeddable":true,"href":"https:\/\/absolutlaprairie.ca\/en\/wp-json\/wp\/v2\/product_brand?post=6433"},{"taxonomy":"product_cat","embeddable":true,"href":"https:\/\/absolutlaprairie.ca\/en\/wp-json\/wp\/v2\/product_cat?post=6433"},{"taxonomy":"product_tag","embeddable":true,"href":"https:\/\/absolutlaprairie.ca\/en\/wp-json\/wp\/v2\/product_tag?post=6433"}],"curies":[{"name":"wp","href":"https:\/\/api.w.org\/{rel}","templated":true}]}}