{"id":6428,"date":"2025-09-03T13:27:35","date_gmt":"2025-09-03T18:27:35","guid":{"rendered":"https:\/\/absolutlaprairie.ca\/?post_type=product&#038;p=6428"},"modified":"2025-11-19T19:47:47","modified_gmt":"2025-11-20T00:47:47","slug":"babylisspro-graphite-titanium-ionic-hairdryer","status":"publish","type":"product","link":"https:\/\/absolutlaprairie.ca\/en\/product\/babylisspro-graphite-titanium-ionic-hairdryer\/","title":{"rendered":"BaBylissPRO &#8211; Graphite Titanium Ionic Hairdryer"},"content":{"rendered":"<h3 class=\"acctab\"><span dir=\"auto\">Description<\/span><\/h3>\n<div class=\"panel module-product-tabs__tab1\">\n<div class=\"std\">\n<p><span dir=\"auto\">Les ing\u00e9nieurs de BaBylissPRO ont exploit\u00e9 les propri\u00e9t\u00e9s uniques du GRAPHITE et du TITANE pour cr\u00e9er une gamme d&#8217;outils de coiffure professionnels offrant des r\u00e9sultats de coiffage exceptionnels, rapidement et en douceur. N\u00e9 d&#8217;une chaleur et d&#8217;une pression extr\u00eames au plus profond de la cro\u00fbte terrestre, le graphite est une forme naturelle de carbone cristallin hautement conducteur de chaleur, remarquablement lisse et durable. Poli pour une surface ultra-glissante et incroyablement lisse, le graphite repr\u00e9sente une nouvelle \u00e9tape en mati\u00e8re de coiffage. De plus, enrichis des derni\u00e8res innovations en mati\u00e8re de coiffage, les outils Graphite Titanium by BaBylissPRO\u2122 offrent LA SYNERGIE DE MULTIPLES INNOVATIONS.<\/span><\/p>\n<h3><span dir=\"auto\">Caract\u00e9ristiques du produit<\/span><\/h3>\n<ul>\n<li><span dir=\"auto\">La C\u00c9RAMIQUE, une source naturelle de chaleur infrarouge lointaine, offre de superbes r\u00e9sultats de coiffage<\/span><\/li>\n<li><span dir=\"auto\">Le g\u00e9n\u00e9rateur d&#8217;ions \u00e9met des millions d&#8217;ions n\u00e9gatifs pour des cheveux lisses et brillants<\/span><\/li>\n<li><span dir=\"auto\">Le puissant moteur \u00e0 courant alternatif s\u00e8che les cheveux rapidement<\/span><\/li>\n<li><span dir=\"auto\">2 VITESSES, 3 r\u00e9glages de CHALEUR et bouton COLD SHOT<\/span><\/li>\n<li><span dir=\"auto\">CORDON D&#8217;ALIMENTATION DE 9 PIEDS pour usage professionnel<\/span><\/li>\n<li><span dir=\"auto\">1875 WATTS<\/span><\/li>\n<li><span dir=\"auto\">Accessoire de barillet inclus : lisse les cheveux et ajoute de la brillance pendant que vous cr\u00e9ez le brushing ultime<\/span><\/li>\n<li><span dir=\"auto\">Les dents r\u00e9guli\u00e8rement espac\u00e9es permettent une excellente tension et un excellent contr\u00f4le des cheveux<\/span><\/li>\n<li><span dir=\"auto\">La plaque recouverte de graphite, de titane et de c\u00e9ramique permet un coiffage rapide et des cheveux d&#8217;apparence saine<\/span><\/li>\n<\/ul>\n<\/div>\n<\/div>\n","protected":false},"excerpt":{"rendered":"<p>Description Les ing\u00e9nieurs de BaBylissPRO ont exploit\u00e9 les propri\u00e9t\u00e9s uniques du GRAPHITE et du TITANE pour cr\u00e9er une gamme d&#8217;outils de coiffure professionnels offrant des r\u00e9sultats de coiffage exceptionnels, rapidement et en douceur. N\u00e9 d&#8217;une chaleur et d&#8217;une pression extr\u00eames au plus profond de la cro\u00fbte terrestre, le graphite est une forme naturelle de carbone [&hellip;]<\/p>\n","protected":false},"featured_media":6431,"comment_status":"open","ping_status":"closed","template":"","meta":{"_acf_changed":false,"_seopress_robots_primary_cat":"none","_seopress_titles_title":"","_seopress_titles_desc":"","_seopress_robots_index":""},"product_brand":[],"product_cat":[69],"product_tag":[109],"class_list":{"0":"post-6428","1":"product","2":"type-product","3":"status-publish","4":"has-post-thumbnail","6":"product_cat-tondeuse-sechoir","7":"product_tag-sechoir","9":"first","10":"instock","11":"taxable","12":"shipping-taxable","13":"purchasable","14":"product-type-simple"},"acf":[],"_links":{"self":[{"href":"https:\/\/absolutlaprairie.ca\/en\/wp-json\/wp\/v2\/product\/6428","targetHints":{"allow":["GET"]}}],"collection":[{"href":"https:\/\/absolutlaprairie.ca\/en\/wp-json\/wp\/v2\/product"}],"about":[{"href":"https:\/\/absolutlaprairie.ca\/en\/wp-json\/wp\/v2\/types\/product"}],"replies":[{"embeddable":true,"href":"https:\/\/absolutlaprairie.ca\/en\/wp-json\/wp\/v2\/comments?post=6428"}],"wp:featuredmedia":[{"embeddable":true,"href":"https:\/\/absolutlaprairie.ca\/en\/wp-json\/wp\/v2\/media\/6431"}],"wp:attachment":[{"href":"https:\/\/absolutlaprairie.ca\/en\/wp-json\/wp\/v2\/media?parent=6428"}],"wp:term":[{"taxonomy":"product_brand","embeddable":true,"href":"https:\/\/absolutlaprairie.ca\/en\/wp-json\/wp\/v2\/product_brand?post=6428"},{"taxonomy":"product_cat","embeddable":true,"href":"https:\/\/absolutlaprairie.ca\/en\/wp-json\/wp\/v2\/product_cat?post=6428"},{"taxonomy":"product_tag","embeddable":true,"href":"https:\/\/absolutlaprairie.ca\/en\/wp-json\/wp\/v2\/product_tag?post=6428"}],"curies":[{"name":"wp","href":"https:\/\/api.w.org\/{rel}","templated":true}]}}