{"id":6423,"date":"2025-09-03T13:21:33","date_gmt":"2025-09-03T18:21:33","guid":{"rendered":"https:\/\/absolutlaprairie.ca\/?post_type=product&#038;p=6423"},"modified":"2025-11-19T19:48:31","modified_gmt":"2025-11-20T00:48:31","slug":"babylisspro-nano-titanium-ionic-hairdryer","status":"publish","type":"product","link":"https:\/\/absolutlaprairie.ca\/en\/product\/babylisspro-nano-titanium-ionic-hairdryer\/","title":{"rendered":"BaBylissPRO &#8211; Nano Titanium Ionic Hairdryer"},"content":{"rendered":"<div id=\"faq-heading1-01\" class=\"mb-2 border-bottom\">\n<h3>Description<\/h3>\n<div class=\"card-body\">\n<div id=\"collapsible-description-null\" class=\"value content\"><span dir=\"auto\">La puissance rencontre la fonctionnalit\u00e9 et le design. Ce s\u00e8che-cheveux est chaud, puissant et facile \u00e0 manipuler. Un g\u00e9n\u00e9rateur d&#8217;ions int\u00e9gr\u00e9 lib\u00e8re des millions d&#8217;ions n\u00e9gatifs pour s\u00e9cher les cheveux plus rapidement, pr\u00e9server leur hydratation naturelle et \u00e9liminer les frisottis. Profitez d&#8217;un s\u00e9chage rapide et d&#8217;une brillance \u00e9clatante\u00a0!<\/span><\/div>\n<\/div>\n<\/div>\n<div id=\"faq-heading2-01\" class=\"mb-2 border-bottom\">\n<div class=\"card-header border pr-0 border-0\"><\/div>\n<h3>Caract\u00e9ristiques et avantages<\/h3>\n<div class=\"card-body\">\n<div class=\"features-list\">\n<ul>\n<li><span dir=\"auto\">Technologie nano-titane<\/span><\/li>\n<li><span dir=\"auto\">G\u00e9n\u00e9rateur d&#8217;ions int\u00e9gr\u00e9<\/span><\/li>\n<li><span dir=\"auto\">Moteur \u00e0 courant alternatif longue dur\u00e9e<\/span><\/li>\n<li><span dir=\"auto\">2 vitesses et 3 r\u00e9glages de chaleur plus un bouton d&#8217;air froid<\/span><\/li>\n<li><span dir=\"auto\">pare-chocs antid\u00e9rapant<\/span><\/li>\n<li><span dir=\"auto\">Filtre magn\u00e9tique arri\u00e8re<\/span><\/li>\n<li><span dir=\"auto\">Filtre amovible<\/span><\/li>\n<li><span dir=\"auto\">Cordon d&#8217;alimentation de 9 pi (2,7 m)<\/span><\/li>\n<li><span dir=\"auto\">1875 watts<\/span><\/li>\n<\/ul>\n<\/div>\n<\/div>\n<\/div>\n","protected":false},"excerpt":{"rendered":"<p>Description La puissance rencontre la fonctionnalit\u00e9 et le design. Ce s\u00e8che-cheveux est chaud, puissant et facile \u00e0 manipuler. Un g\u00e9n\u00e9rateur d&#8217;ions int\u00e9gr\u00e9 lib\u00e8re des millions d&#8217;ions n\u00e9gatifs pour s\u00e9cher les cheveux plus rapidement, pr\u00e9server leur hydratation naturelle et \u00e9liminer les frisottis. Profitez d&#8217;un s\u00e9chage rapide et d&#8217;une brillance \u00e9clatante\u00a0! Caract\u00e9ristiques et avantages Technologie nano-titane G\u00e9n\u00e9rateur [&hellip;]<\/p>\n","protected":false},"featured_media":6426,"comment_status":"open","ping_status":"closed","template":"","meta":{"_acf_changed":false,"_seopress_robots_primary_cat":"none","_seopress_titles_title":"","_seopress_titles_desc":"","_seopress_robots_index":""},"product_brand":[],"product_cat":[69],"product_tag":[109],"class_list":{"0":"post-6423","1":"product","2":"type-product","3":"status-publish","4":"has-post-thumbnail","6":"product_cat-tondeuse-sechoir","7":"product_tag-sechoir","9":"first","10":"instock","11":"taxable","12":"shipping-taxable","13":"purchasable","14":"product-type-simple"},"acf":[],"_links":{"self":[{"href":"https:\/\/absolutlaprairie.ca\/en\/wp-json\/wp\/v2\/product\/6423","targetHints":{"allow":["GET"]}}],"collection":[{"href":"https:\/\/absolutlaprairie.ca\/en\/wp-json\/wp\/v2\/product"}],"about":[{"href":"https:\/\/absolutlaprairie.ca\/en\/wp-json\/wp\/v2\/types\/product"}],"replies":[{"embeddable":true,"href":"https:\/\/absolutlaprairie.ca\/en\/wp-json\/wp\/v2\/comments?post=6423"}],"wp:featuredmedia":[{"embeddable":true,"href":"https:\/\/absolutlaprairie.ca\/en\/wp-json\/wp\/v2\/media\/6426"}],"wp:attachment":[{"href":"https:\/\/absolutlaprairie.ca\/en\/wp-json\/wp\/v2\/media?parent=6423"}],"wp:term":[{"taxonomy":"product_brand","embeddable":true,"href":"https:\/\/absolutlaprairie.ca\/en\/wp-json\/wp\/v2\/product_brand?post=6423"},{"taxonomy":"product_cat","embeddable":true,"href":"https:\/\/absolutlaprairie.ca\/en\/wp-json\/wp\/v2\/product_cat?post=6423"},{"taxonomy":"product_tag","embeddable":true,"href":"https:\/\/absolutlaprairie.ca\/en\/wp-json\/wp\/v2\/product_tag?post=6423"}],"curies":[{"name":"wp","href":"https:\/\/api.w.org\/{rel}","templated":true}]}}