{"id":6417,"date":"2025-09-03T13:13:39","date_gmt":"2025-09-03T18:13:39","guid":{"rendered":"https:\/\/absolutlaprairie.ca\/?post_type=product&#038;p=6417"},"modified":"2025-11-19T19:49:12","modified_gmt":"2025-11-20T00:49:12","slug":"babylisspro-rapido-high-performance-hairdryer","status":"publish","type":"product","link":"https:\/\/absolutlaprairie.ca\/en\/product\/babylisspro-rapido-high-performance-hairdryer\/","title":{"rendered":"BaBylissPRO &#8211; &#8220;Rapido&#8221; High Performance Hairdryer"},"content":{"rendered":"<div id=\"faq-heading1-01\" class=\"mb-2 border-bottom\">\n<h3>Description<\/h3>\n<div class=\"card-body\">\n<div id=\"collapsible-description-null\" class=\"value content\"><span dir=\"auto\">EXTR\u00caMEMENT PUISSANT. INCROYABLEMENT L\u00c9GER. Le secret r\u00e9side \u00e0 l&#8217;int\u00e9rieur\u00a0: une conception interne soigneusement \u00e9tudi\u00e9e pour r\u00e9duire consid\u00e9rablement le poids du s\u00e8che-cheveux. Ajoutez \u00e0 cela le moteur sans balais ultral\u00e9ger MaxLife\u00aePRO et vous d\u00e9couvrirez le s\u00e8che-cheveux professionnel le plus l\u00e9ger et le plus performant jamais con\u00e7u. Le BaBylissPRO Rapido est \u00e9galement con\u00e7u avec soin pour \u00eatre exceptionnellement silencieux, offrant une r\u00e9duction maximale du bruit pendant l&#8217;utilisation. Son savoir-faire italien authentique lui conf\u00e8re une durabilit\u00e9 exceptionnelle, \u00e9tablissant une nouvelle norme d&#8217;excellence en mati\u00e8re de PUISSANCE, DE PERFORMANCE et de QUALIT\u00c9.<\/span><\/div>\n<\/div>\n<\/div>\n<div id=\"faq-heading2-01\" class=\"mb-2 border-bottom\">\n<div class=\"card-header border pr-0 border-0\"><\/div>\n<h3>Caract\u00e9ristiques et avantages<\/h3>\n<div class=\"card-body\">\n<div class=\"features-list\">\n<ul>\n<li><span dir=\"auto\">Technologie nano-titane<\/span><\/li>\n<li><span dir=\"auto\">Moteur sans balais MaxLife\u00aePRO<\/span><\/li>\n<li><span dir=\"auto\">Jusqu&#8217;\u00e0 10 000 heures \u00e0 pleine puissance<\/span><\/li>\n<li><span dir=\"auto\">G\u00e9n\u00e9rateur d&#8217;ions int\u00e9gr\u00e9<\/span><\/li>\n<li><span dir=\"auto\">Le s\u00e8che-linge ultra-l\u00e9ger p\u00e8se beaucoup moins d&#8217;une livre !<\/span><\/li>\n<li><span dir=\"auto\">40 % plus l\u00e9ger que les autres s\u00e9choirs &#8211; par rapport \u00e0 nos autres s\u00e9choirs professionnels<\/span><\/li>\n<li><span dir=\"auto\">S\u00e9chage jusqu&#8217;\u00e0 50 % plus rapide &#8211; bas\u00e9 sur un volume d&#8217;air et une pression plus \u00e9lev\u00e9s par rapport \u00e0 nos s\u00e9cheurs \u00e0 moteur \u00e0 courant continu<\/span><\/li>\n<li><span dir=\"auto\">Fonctionnement plus de 50 % plus silencieux &#8211; par rapport \u00e0 nos autres s\u00e9cheurs professionnels de performances similaires sans filtre antibruit<\/span><\/li>\n<li><span dir=\"auto\">2 vitesses et 3 r\u00e9glages de chaleur plus un bouton d&#8217;air froid<\/span><\/li>\n<li><span dir=\"auto\">Filtre antibruit amovible<\/span><\/li>\n<li><span dir=\"auto\">2 buses de concentration incluses (60, 75 mm)<\/span><\/li>\n<li><span dir=\"auto\">Pochette \u00e0 cordon incluse<\/span><\/li>\n<li><span dir=\"auto\">1875 watts<\/span><\/li>\n<li><span dir=\"auto\">Fabriqu\u00e9 en Italie<\/span><\/li>\n<li><span dir=\"auto\">Garantie limit\u00e9e de 4 ans<\/span><\/li>\n<\/ul>\n<\/div>\n<\/div>\n<\/div>\n","protected":false},"excerpt":{"rendered":"<p>Description EXTR\u00caMEMENT PUISSANT. INCROYABLEMENT L\u00c9GER. Le secret r\u00e9side \u00e0 l&#8217;int\u00e9rieur\u00a0: une conception interne soigneusement \u00e9tudi\u00e9e pour r\u00e9duire consid\u00e9rablement le poids du s\u00e8che-cheveux. Ajoutez \u00e0 cela le moteur sans balais ultral\u00e9ger MaxLife\u00aePRO et vous d\u00e9couvrirez le s\u00e8che-cheveux professionnel le plus l\u00e9ger et le plus performant jamais con\u00e7u. Le BaBylissPRO Rapido est \u00e9galement con\u00e7u avec soin pour [&hellip;]<\/p>\n","protected":false},"featured_media":6420,"comment_status":"open","ping_status":"closed","template":"","meta":{"_acf_changed":false,"_seopress_robots_primary_cat":"none","_seopress_titles_title":"","_seopress_titles_desc":"","_seopress_robots_index":""},"product_brand":[],"product_cat":[69],"product_tag":[109],"class_list":{"0":"post-6417","1":"product","2":"type-product","3":"status-publish","4":"has-post-thumbnail","6":"product_cat-tondeuse-sechoir","7":"product_tag-sechoir","9":"first","10":"instock","11":"taxable","12":"shipping-taxable","13":"purchasable","14":"product-type-simple"},"acf":[],"_links":{"self":[{"href":"https:\/\/absolutlaprairie.ca\/en\/wp-json\/wp\/v2\/product\/6417","targetHints":{"allow":["GET"]}}],"collection":[{"href":"https:\/\/absolutlaprairie.ca\/en\/wp-json\/wp\/v2\/product"}],"about":[{"href":"https:\/\/absolutlaprairie.ca\/en\/wp-json\/wp\/v2\/types\/product"}],"replies":[{"embeddable":true,"href":"https:\/\/absolutlaprairie.ca\/en\/wp-json\/wp\/v2\/comments?post=6417"}],"wp:featuredmedia":[{"embeddable":true,"href":"https:\/\/absolutlaprairie.ca\/en\/wp-json\/wp\/v2\/media\/6420"}],"wp:attachment":[{"href":"https:\/\/absolutlaprairie.ca\/en\/wp-json\/wp\/v2\/media?parent=6417"}],"wp:term":[{"taxonomy":"product_brand","embeddable":true,"href":"https:\/\/absolutlaprairie.ca\/en\/wp-json\/wp\/v2\/product_brand?post=6417"},{"taxonomy":"product_cat","embeddable":true,"href":"https:\/\/absolutlaprairie.ca\/en\/wp-json\/wp\/v2\/product_cat?post=6417"},{"taxonomy":"product_tag","embeddable":true,"href":"https:\/\/absolutlaprairie.ca\/en\/wp-json\/wp\/v2\/product_tag?post=6417"}],"curies":[{"name":"wp","href":"https:\/\/api.w.org\/{rel}","templated":true}]}}