{"id":6412,"date":"2025-09-03T12:54:09","date_gmt":"2025-09-03T17:54:09","guid":{"rendered":"https:\/\/absolutlaprairie.ca\/?post_type=product&#038;p=6412"},"modified":"2025-11-19T19:29:54","modified_gmt":"2025-11-20T00:29:54","slug":"babylisspro-black-blue-trimmer-double-foil-shaver-prepack","status":"publish","type":"product","link":"https:\/\/absolutlaprairie.ca\/en\/product\/babylisspro-black-blue-trimmer-double-foil-shaver-prepack\/","title":{"rendered":"BaBylissPRO &#8211; Black &#038; Blue Trimmer + Double-foil Shaver Prepack"},"content":{"rendered":"<h3><span dir=\"auto\">Tondeuse au lithium enti\u00e8rement m\u00e9tallique, bleu chrome\/noir\u00a0<\/span><br \/>\n<span dir=\"auto\">(mod\u00e8le FX787N)<\/span><\/h3>\n<ul>\n<li><span dir=\"auto\">avec ou sans fil<\/span><\/li>\n<li><span dir=\"auto\">Lame en T \u00e0 dents standard en titane bleu (FX707BL) \u2013 r\u00e9glable sans jeu<\/span><\/li>\n<li><span dir=\"auto\">Moteur sans balais N1 am\u00e9lior\u00e9 \u2013 7\u00a0200 tr\/min<\/span><\/li>\n<li><span dir=\"auto\">Double roulement pour plus d&#8217;efficacit\u00e9<\/span><\/li>\n<li><span dir=\"auto\">Batterie lithium-ion haute capacit\u00e9 am\u00e9lior\u00e9e \u2013 jusqu&#8217;\u00e0 4 heures d&#8217;autonomie<\/span><\/li>\n<li><span dir=\"auto\">Bo\u00eetier enti\u00e8rement m\u00e9tallique avec poign\u00e9e en caoutchouc textur\u00e9<\/span><\/li>\n<li><span dir=\"auto\">Double tension<\/span><\/li>\n<li><span dir=\"auto\">Crochet de suspension encastr\u00e9<\/span><\/li>\n<li><span dir=\"auto\">Compatible USB-C et FXCORD<\/span><\/li>\n<\/ul>\n<h3><\/h3>\n<h3><span dir=\"auto\">Rasoir \u00e0 double grille noir mat<\/span><br \/>\n<span dir=\"auto\">(mod\u00e8le FXFS2)<\/span><\/h3>\n<ul>\n<li><span dir=\"auto\">avec\/sans fil<\/span><\/li>\n<li><span dir=\"auto\">Feuilles de titane bleu hypoallerg\u00e9niques \u2013 Syst\u00e8me de double feuille d\u00e9cal\u00e9e<\/span><\/li>\n<li><span dir=\"auto\">Bo\u00eetier ergonomique enti\u00e8rement m\u00e9tallique<\/span><\/li>\n<li><span dir=\"auto\">Moteur rotatif haute puissance \u2013 9 500 tr\/min<\/span><\/li>\n<li><span dir=\"auto\">Arr\u00eat automatique du couvercle lorsque le bouchon est en place<\/span><\/li>\n<li><span dir=\"auto\">Jusqu&#8217;\u00e0 3 heures d&#8217;autonomie<\/span><\/li>\n<li><span dir=\"auto\">Compatible FXCORD<\/span><\/li>\n<li><span dir=\"auto\">Comprend une pochette de rangement<\/span><\/li>\n<\/ul>\n<hr \/>\n","protected":false},"excerpt":{"rendered":"<p>Tondeuse au lithium enti\u00e8rement m\u00e9tallique, bleu chrome\/noir\u00a0 (mod\u00e8le FX787N) avec ou sans fil Lame en T \u00e0 dents standard en titane bleu (FX707BL) \u2013 r\u00e9glable sans jeu Moteur sans balais N1 am\u00e9lior\u00e9 \u2013 7\u00a0200 tr\/min Double roulement pour plus d&#8217;efficacit\u00e9 Batterie lithium-ion haute capacit\u00e9 am\u00e9lior\u00e9e \u2013 jusqu&#8217;\u00e0 4 heures d&#8217;autonomie Bo\u00eetier enti\u00e8rement m\u00e9tallique avec poign\u00e9e [&hellip;]<\/p>\n","protected":false},"featured_media":6415,"comment_status":"open","ping_status":"closed","template":"","meta":{"_acf_changed":false,"_seopress_robots_primary_cat":"none","_seopress_titles_title":"","_seopress_titles_desc":"","_seopress_robots_index":""},"product_brand":[],"product_cat":[69],"product_tag":[108,107],"class_list":{"0":"post-6412","1":"product","2":"type-product","3":"status-publish","4":"has-post-thumbnail","6":"product_cat-tondeuse-sechoir","7":"product_tag-shavers-2","8":"product_tag-trimmers","10":"first","11":"instock","12":"taxable","13":"shipping-taxable","14":"purchasable","15":"product-type-simple"},"acf":[],"_links":{"self":[{"href":"https:\/\/absolutlaprairie.ca\/en\/wp-json\/wp\/v2\/product\/6412","targetHints":{"allow":["GET"]}}],"collection":[{"href":"https:\/\/absolutlaprairie.ca\/en\/wp-json\/wp\/v2\/product"}],"about":[{"href":"https:\/\/absolutlaprairie.ca\/en\/wp-json\/wp\/v2\/types\/product"}],"replies":[{"embeddable":true,"href":"https:\/\/absolutlaprairie.ca\/en\/wp-json\/wp\/v2\/comments?post=6412"}],"wp:featuredmedia":[{"embeddable":true,"href":"https:\/\/absolutlaprairie.ca\/en\/wp-json\/wp\/v2\/media\/6415"}],"wp:attachment":[{"href":"https:\/\/absolutlaprairie.ca\/en\/wp-json\/wp\/v2\/media?parent=6412"}],"wp:term":[{"taxonomy":"product_brand","embeddable":true,"href":"https:\/\/absolutlaprairie.ca\/en\/wp-json\/wp\/v2\/product_brand?post=6412"},{"taxonomy":"product_cat","embeddable":true,"href":"https:\/\/absolutlaprairie.ca\/en\/wp-json\/wp\/v2\/product_cat?post=6412"},{"taxonomy":"product_tag","embeddable":true,"href":"https:\/\/absolutlaprairie.ca\/en\/wp-json\/wp\/v2\/product_tag?post=6412"}],"curies":[{"name":"wp","href":"https:\/\/api.w.org\/{rel}","templated":true}]}}