{"id":6405,"date":"2025-09-03T12:37:42","date_gmt":"2025-09-03T17:37:42","guid":{"rendered":"https:\/\/absolutlaprairie.ca\/?post_type=product&#038;p=6405"},"modified":"2025-12-10T19:17:56","modified_gmt":"2025-12-11T00:17:56","slug":"babylisspro-rosefx-lithium-outlining-trimmer","status":"publish","type":"product","link":"https:\/\/absolutlaprairie.ca\/en\/product\/babylisspro-rosefx-lithium-outlining-trimmer\/","title":{"rendered":"BaBylissPRO &#8211; RoseFX Lithium Outlining Trimmer"},"content":{"rendered":"<p><span dir=\"auto\">La tondeuse contouring au lithium BaBylissPRO RoseFX propulse les performances l\u00e9gendaires \u00e0 un niveau sup\u00e9rieur. Dot\u00e9e d&#8217;un moteur sans balais N1 am\u00e9lior\u00e9, cette tondeuse \u00e9l\u00e9gante offre une pr\u00e9cision et une puissance in\u00e9gal\u00e9es. Avec sa batterie lithium-ion haute capacit\u00e9 offrant jusqu&#8217;\u00e0 4 heures d&#8217;autonomie, sa recharge USB-C et son bo\u00eetier enti\u00e8rement m\u00e9tallique, la RoseFX est un incontournable pour les barbiers et stylistes exigeants. Que vous fassiez des d\u00e9tails, des contours ou une coupe, cette tondeuse allie performance et style dans un appareil haut de gamme.<\/span><\/p>\n<h3><strong><span dir=\"auto\">Caract\u00e9ristiques principales :<\/span><\/strong><\/h3>\n<ul>\n<li><strong><span dir=\"auto\">Moteur sans balais am\u00e9lior\u00e9<\/span><\/strong><span dir=\"auto\">\u00a0\u2013 Le nouveau moteur sans balais N1 offre une puissance et une efficacit\u00e9 exceptionnelles avec 7\u00a0200 tr\/min et 14\u00a0400 coups par minute (SPM) pour des coupes douces et pr\u00e9cises.<\/span><\/li>\n<li><strong><span dir=\"auto\">Autonomie prolong\u00e9e de la batterie<\/span><\/strong><span dir=\"auto\">\u00a0\u2013 La batterie lithium-ion haute performance offre jusqu&#8217;\u00e0 4 heures d&#8217;autonomie, permettant des s\u00e9ances de coupe ininterrompues.<\/span><\/li>\n<li><strong><span dir=\"auto\">Compatibilit\u00e9 USB-C et cordon<\/span><\/strong><span dir=\"auto\">\u00a0\u2013 Profitez du confort moderne avec la compatibilit\u00e9 USB-C et cordon standard, garantissant des options de charge rapides et universelles.<\/span><\/li>\n<li><strong><span dir=\"auto\">Lame en T de pr\u00e9cision<\/span><\/strong><span dir=\"auto\">\u00a0\u2013 La lame en T \u00e0 dents profondes en titane or rose (FX707RG2) est con\u00e7ue pour une duret\u00e9 \u00e9lev\u00e9e et une basse temp\u00e9rature de lame, garantissant des d\u00e9tails lisses et pr\u00e9cis et un r\u00e9glage sans espace pour les coupes rapproch\u00e9es.<\/span><\/li>\n<li><strong><span dir=\"auto\">Conception ergonomique<\/span><\/strong><span dir=\"auto\">\u00a0\u2013 Le bo\u00eetier enti\u00e8rement en m\u00e9tal et la poign\u00e9e molet\u00e9e de la barre offrent un aspect durable et \u00e9l\u00e9gant tout en garantissant une prise confortable et antid\u00e9rapante pour un contr\u00f4le am\u00e9lior\u00e9.<\/span><\/li>\n<li><strong><span dir=\"auto\">Fonctionnement avec et sans fil<\/span><\/strong><span dir=\"auto\">\u00a0\u2013 Utilisez la tondeuse avec et sans fil pour une flexibilit\u00e9 ultime pendant votre travail.<\/span><\/li>\n<li><strong><span dir=\"auto\">Durabilit\u00e9 et garantie<\/span><\/strong><span dir=\"auto\">\u00a0\u2013 B\u00e9n\u00e9ficiez d\u2019une garantie sans tracas de 2 ans pour une tranquillit\u00e9 d\u2019esprit et des performances fiables.<\/span><\/li>\n<\/ul>\n<h3><strong><span dir=\"auto\">Sp\u00e9cifications du produit :<\/span><\/strong><\/h3>\n<ul>\n<li><strong><span dir=\"auto\">Mod\u00e8le<\/span><\/strong><span dir=\"auto\">\u00a0: FX787NRG<\/span><\/li>\n<li><strong><span dir=\"auto\">Bo\u00eetier<\/span><\/strong><span dir=\"auto\">\u00a0: Tout en m\u00e9tal<\/span><\/li>\n<li><strong><span dir=\"auto\">Type de lame<\/span><\/strong><span dir=\"auto\">\u00a0: Lame en T \u00e0 dents profondes en titane or rose de 2,0 mm (FX707RG2)<\/span><\/li>\n<li><strong><span dir=\"auto\">Moteur<\/span><\/strong><span dir=\"auto\">\u00a0: Moteur sans balais N1<\/span><\/li>\n<li><strong><span dir=\"auto\">Batterie<\/span><\/strong><span dir=\"auto\">\u00a0: Lithium-Ion, 3\u00a0300 mAh, jusqu&#8217;\u00e0 4 heures d&#8217;autonomie<\/span><\/li>\n<li><strong><span dir=\"auto\">Vitesse<\/span><\/strong><span dir=\"auto\">\u00a0: 7\u00a0200 tr\/min \/ 14\u00a0400 tr\/min<\/span><\/li>\n<li><strong><span dir=\"auto\">Chargement<\/span><\/strong><span dir=\"auto\">\u00a0: compatible USB-C et cordon standard<\/span><\/li>\n<li><strong><span dir=\"auto\">Poign\u00e9e<\/span><\/strong><span dir=\"auto\">\u00a0: Poign\u00e9e molet\u00e9e pour barre<\/span><\/li>\n<li><strong><span dir=\"auto\">Garantie<\/span><\/strong><span dir=\"auto\">\u00a0: Garantie sans tracas de 2 ans<\/span><\/li>\n<\/ul>\n<hr \/>\n<p><strong><span dir=\"auto\">Sublimez votre style<\/span><\/strong><span dir=\"auto\">\u00a0avec la tondeuse contouring BaBylissPRO RoseFX Lithium, con\u00e7ue pour les professionnels en qu\u00eate de puissance et de pr\u00e9cision. Dot\u00e9e d&#8217;une technologie de pointe et d&#8217;une superbe finition or rose, cette tondeuse allie parfaitement design et fonctionnalit\u00e9.<\/span><\/p>\n","protected":false},"excerpt":{"rendered":"<p>La tondeuse contouring au lithium BaBylissPRO RoseFX propulse les performances l\u00e9gendaires \u00e0 un niveau sup\u00e9rieur. Dot\u00e9e d&#8217;un moteur sans balais N1 am\u00e9lior\u00e9, cette tondeuse \u00e9l\u00e9gante offre une pr\u00e9cision et une puissance in\u00e9gal\u00e9es. Avec sa batterie lithium-ion haute capacit\u00e9 offrant jusqu&#8217;\u00e0 4 heures d&#8217;autonomie, sa recharge USB-C et son bo\u00eetier enti\u00e8rement m\u00e9tallique, la RoseFX est un [&hellip;]<\/p>\n","protected":false},"featured_media":6408,"comment_status":"open","ping_status":"closed","template":"","meta":{"_acf_changed":false,"_seopress_robots_primary_cat":"none","_seopress_titles_title":"","_seopress_titles_desc":"","_seopress_robots_index":""},"product_brand":[],"product_cat":[69],"product_tag":[],"class_list":{"0":"post-6405","1":"product","2":"type-product","3":"status-publish","4":"has-post-thumbnail","6":"product_cat-tondeuse-sechoir","8":"first","9":"instock","10":"taxable","11":"shipping-taxable","12":"purchasable","13":"product-type-simple"},"acf":[],"_links":{"self":[{"href":"https:\/\/absolutlaprairie.ca\/en\/wp-json\/wp\/v2\/product\/6405","targetHints":{"allow":["GET"]}}],"collection":[{"href":"https:\/\/absolutlaprairie.ca\/en\/wp-json\/wp\/v2\/product"}],"about":[{"href":"https:\/\/absolutlaprairie.ca\/en\/wp-json\/wp\/v2\/types\/product"}],"replies":[{"embeddable":true,"href":"https:\/\/absolutlaprairie.ca\/en\/wp-json\/wp\/v2\/comments?post=6405"}],"wp:featuredmedia":[{"embeddable":true,"href":"https:\/\/absolutlaprairie.ca\/en\/wp-json\/wp\/v2\/media\/6408"}],"wp:attachment":[{"href":"https:\/\/absolutlaprairie.ca\/en\/wp-json\/wp\/v2\/media?parent=6405"}],"wp:term":[{"taxonomy":"product_brand","embeddable":true,"href":"https:\/\/absolutlaprairie.ca\/en\/wp-json\/wp\/v2\/product_brand?post=6405"},{"taxonomy":"product_cat","embeddable":true,"href":"https:\/\/absolutlaprairie.ca\/en\/wp-json\/wp\/v2\/product_cat?post=6405"},{"taxonomy":"product_tag","embeddable":true,"href":"https:\/\/absolutlaprairie.ca\/en\/wp-json\/wp\/v2\/product_tag?post=6405"}],"curies":[{"name":"wp","href":"https:\/\/api.w.org\/{rel}","templated":true}]}}