{"id":6400,"date":"2025-09-03T12:30:55","date_gmt":"2025-09-03T17:30:55","guid":{"rendered":"https:\/\/absolutlaprairie.ca\/?post_type=product&#038;p=6400"},"modified":"2025-12-10T19:20:37","modified_gmt":"2025-12-11T00:20:37","slug":"babylisspro-fxone-blackfx-duo-trimmer-foil-shaver","status":"publish","type":"product","link":"https:\/\/absolutlaprairie.ca\/en\/product\/babylisspro-fxone-blackfx-duo-trimmer-foil-shaver\/","title":{"rendered":"BaBylissPRO FXONE BlackFX DUO: Trimmer + Foil Shaver"},"content":{"rendered":"<div class=\"tablist overflow-hidden relative mb-4 no-js-hidden\">\n<h3 role=\"tablist\">Description<\/h3>\n<\/div>\n<div id=\"panel-0\" tabindex=\"0\" role=\"tabpanel\" aria-labelledby=\"tab-0\">\n<div class=\"rte product-description\">\n<p><strong><span dir=\"auto\">TONDEUSE TOUT M\u00c9TAL (FX799MB)<\/span><\/strong><\/p>\n<ul>\n<li><span dir=\"auto\">Lame en T \u00e0 dents profondes en graphite noir (FX707B2) \u2013 r\u00e9glable \u00e0 espacement nul<\/span><\/li>\n<li><span dir=\"auto\">Moteur sans balais N1 longue dur\u00e9e avec double roulement pour plus d&#8217;efficacit\u00e9 &#8211; 7\u00a0200 tr\/min<\/span><\/li>\n<li><strong><span dir=\"auto\">NOUVELLE batterie lithium-ion interchangeable haute capacit\u00e9 (FXBB33)<\/span><\/strong><\/li>\n<li><span dir=\"auto\">Jusqu&#8217;\u00e0 3 heures d&#8217;autonomie<\/span><\/li>\n<li><span dir=\"auto\">Bo\u00eetier enti\u00e8rement m\u00e9tallique am\u00e9lior\u00e9 avec poign\u00e9e molet\u00e9e pour barre<\/span><\/li>\n<li><span dir=\"auto\">Repose-doigts ergonomique<\/span><\/li>\n<li><span dir=\"auto\">Porte-poche \u00e0 cheveux amovible<\/span><\/li>\n<li><span dir=\"auto\">Embout conique avec crochet de suspension cach\u00e9<\/span><\/li>\n<li><span dir=\"auto\">Double tension\u00a0<\/span><\/li>\n<\/ul>\n<p><strong><span dir=\"auto\">RASOIR \u00c0 DOUBLE GRILLE TOUT M\u00c9TAL (FX79FSMB)<\/span><\/strong><\/p>\n<ul>\n<li><span dir=\"auto\">T\u00eate de feuille pivotante avec fonction de verrouillage<\/span><\/li>\n<li><span dir=\"auto\">Syst\u00e8me \u00e0 double feuille d\u00e9cal\u00e9e avec deux lames de contre-coupe<\/span><\/li>\n<li><span dir=\"auto\">Feuilles de titane noires hypoallerg\u00e9niques<\/span><\/li>\n<li><span dir=\"auto\">Moteur sans balais N1 avec double roulement \u00e0 billes pour plus d&#8217;efficacit\u00e9 &#8211; 10 000 tr\/min<\/span><\/li>\n<li><span dir=\"auto\">NOUVELLE batterie lithium-ion interchangeable haute capacit\u00e9 (FXBB33)<\/span><\/li>\n<li><span dir=\"auto\">4 heures d&#8217;autonomie<\/span><\/li>\n<li><span dir=\"auto\">Bo\u00eetier enti\u00e8rement m\u00e9tallique am\u00e9lior\u00e9 avec capuchon en feuille magn\u00e9tique &#8211; poign\u00e9e d&#8217;halt\u00e8re molet\u00e9e<\/span><\/li>\n<li><span dir=\"auto\">Embout conique avec crochet de suspension cach\u00e9<\/span><\/li>\n<li><span dir=\"auto\">Double tension<\/span><\/li>\n<\/ul>\n<\/div>\n<\/div>\n","protected":false},"excerpt":{"rendered":"<p>Description TONDEUSE TOUT M\u00c9TAL (FX799MB) Lame en T \u00e0 dents profondes en graphite noir (FX707B2) \u2013 r\u00e9glable \u00e0 espacement nul Moteur sans balais N1 longue dur\u00e9e avec double roulement pour plus d&#8217;efficacit\u00e9 &#8211; 7\u00a0200 tr\/min NOUVELLE batterie lithium-ion interchangeable haute capacit\u00e9 (FXBB33) Jusqu&#8217;\u00e0 3 heures d&#8217;autonomie Bo\u00eetier enti\u00e8rement m\u00e9tallique am\u00e9lior\u00e9 avec poign\u00e9e molet\u00e9e pour barre [&hellip;]<\/p>\n","protected":false},"featured_media":6403,"comment_status":"open","ping_status":"closed","template":"","meta":{"_acf_changed":false,"_seopress_robots_primary_cat":"none","_seopress_titles_title":"","_seopress_titles_desc":"","_seopress_robots_index":""},"product_brand":[],"product_cat":[69],"product_tag":[108,107],"class_list":{"0":"post-6400","1":"product","2":"type-product","3":"status-publish","4":"has-post-thumbnail","6":"product_cat-tondeuse-sechoir","7":"product_tag-shavers-2","8":"product_tag-trimmers","10":"first","11":"instock","12":"taxable","13":"shipping-taxable","14":"purchasable","15":"product-type-simple"},"acf":[],"_links":{"self":[{"href":"https:\/\/absolutlaprairie.ca\/en\/wp-json\/wp\/v2\/product\/6400","targetHints":{"allow":["GET"]}}],"collection":[{"href":"https:\/\/absolutlaprairie.ca\/en\/wp-json\/wp\/v2\/product"}],"about":[{"href":"https:\/\/absolutlaprairie.ca\/en\/wp-json\/wp\/v2\/types\/product"}],"replies":[{"embeddable":true,"href":"https:\/\/absolutlaprairie.ca\/en\/wp-json\/wp\/v2\/comments?post=6400"}],"wp:featuredmedia":[{"embeddable":true,"href":"https:\/\/absolutlaprairie.ca\/en\/wp-json\/wp\/v2\/media\/6403"}],"wp:attachment":[{"href":"https:\/\/absolutlaprairie.ca\/en\/wp-json\/wp\/v2\/media?parent=6400"}],"wp:term":[{"taxonomy":"product_brand","embeddable":true,"href":"https:\/\/absolutlaprairie.ca\/en\/wp-json\/wp\/v2\/product_brand?post=6400"},{"taxonomy":"product_cat","embeddable":true,"href":"https:\/\/absolutlaprairie.ca\/en\/wp-json\/wp\/v2\/product_cat?post=6400"},{"taxonomy":"product_tag","embeddable":true,"href":"https:\/\/absolutlaprairie.ca\/en\/wp-json\/wp\/v2\/product_tag?post=6400"}],"curies":[{"name":"wp","href":"https:\/\/api.w.org\/{rel}","templated":true}]}}