{"id":6395,"date":"2025-09-03T12:14:50","date_gmt":"2025-09-03T17:14:50","guid":{"rendered":"https:\/\/absolutlaprairie.ca\/?post_type=product&#038;p=6395"},"modified":"2025-09-03T12:16:57","modified_gmt":"2025-09-03T17:16:57","slug":"babylisspro-fxone-blackfx-trimmer","status":"publish","type":"product","link":"https:\/\/absolutlaprairie.ca\/en\/product\/babylisspro-fxone-blackfx-trimmer\/","title":{"rendered":"BaBylissPRO &#8211; FXONE BLACKFX Trimmer"},"content":{"rendered":"<div id=\"faq-heading1-01\" class=\"mb-2 border-bottom\">\n<h3>Description<\/h3>\n<div class=\"card-body\">\n<div id=\"collapsible-description-null\" class=\"value content\">\n<p><span dir=\"auto\">La tondeuse \u00e0 cheveux FXONE BLACKFX est dot\u00e9e d&#8217;un nouveau moteur sans balais N1 avec double roulement \u00e0 billes pour une plus grande efficacit\u00e9.<\/span><\/p>\n<p>&nbsp;<\/p>\n<p><span dir=\"auto\">Profitez de la simplicit\u00e9 d&#8217;utilisation de cette tondeuse gr\u00e2ce \u00e0 sa batterie lithium interchangeable, dot\u00e9e d&#8217;un bouton de d\u00e9verrouillage rapide et offrant jusqu&#8217;\u00e0 3 heures d&#8217;autonomie. La tondeuse est livr\u00e9e de s\u00e9rie avec une lame en T \u00e0 dents profondes en graphite noir, fabriqu\u00e9e en mat\u00e9riaux hypoallerg\u00e9niques et fonctionnant \u00e0 basse temp\u00e9rature. Utilisez cette tondeuse professionnelle lithium-ion pour des coupes nettes, des lignes nettes et tous vos travaux de pr\u00e9cision.<\/span><\/p>\n<\/div>\n<\/div>\n<\/div>\n<div class=\"card-header border pr-0 border-0\"><\/div>\n<div id=\"faq-heading2-01\" class=\"mb-2 border-bottom\">\n<h3>Caract\u00e9ristiques et avantages<\/h3>\n<div class=\"card-body\">\n<div class=\"features-list\">\n<ul>\n<li><span dir=\"auto\">\u2022 Moteur sans balais N1 (7 200 tr\/min)<\/span><br \/>\n<span dir=\"auto\">&#8211; Double roulement \u00e0 billes pour plus d&#8217;efficacit\u00e9<\/span><br \/>\n<span dir=\"auto\">&#8211; Longue dur\u00e9e de vie<\/span><span dir=\"auto\">\u2022 Lame en T \u00e0 dents profondes en graphite noir<\/span><br \/>\n<span dir=\"auto\">&#8211; Hypoallerg\u00e9nique<\/span><br \/>\n<span dir=\"auto\">&#8211; Haute r\u00e9sistance<\/span><br \/>\n<span dir=\"auto\">&#8211; Temp\u00e9rature de lame inf\u00e9rieure<\/span><br \/>\n<span dir=\"auto\">&#8211; Z\u00e9ro \u00e9cart r\u00e9glable<\/span><span dir=\"auto\">\u2022 Pack de batteries lithium-ion interchangeables<\/span><br \/>\n<span dir=\"auto\">&#8211; Jusqu&#8217;\u00e0 3 heures d&#8217;autonomie<\/span><br \/>\n<span dir=\"auto\">&#8211; Bouton de lib\u00e9ration rapide de la batterie<\/span><br \/>\n<span dir=\"auto\">&#8211; Indicateur de batterie \u00e0 anneau LED \u00e0 4 niveaux<\/span><span dir=\"auto\">\u2022 Bo\u00eetier enti\u00e8rement m\u00e9tallique am\u00e9lior\u00e9<\/span><br \/>\n<span dir=\"auto\">&#8211; Repose-doigts ergonomique<\/span><br \/>\n<span dir=\"auto\">&#8211; Porte de poche \u00e0 cheveux amovible<\/span><br \/>\n<span dir=\"auto\">&#8211; Embout conique avec crochet de suspension cach\u00e9<\/span><span dir=\"auto\">\u2022 Comprend une batterie (FXBB24) et une base de chargement double tension noire (FXTRAVB)<\/span><br \/>\n<span dir=\"auto\">\u2022 Lame de rechange : FX707B2 (vendue s\u00e9par\u00e9ment)<\/span><\/li>\n<\/ul>\n<\/div>\n<\/div>\n<\/div>\n","protected":false},"excerpt":{"rendered":"<p>Description La tondeuse \u00e0 cheveux FXONE BLACKFX est dot\u00e9e d&#8217;un nouveau moteur sans balais N1 avec double roulement \u00e0 billes pour une plus grande efficacit\u00e9. &nbsp; Profitez de la simplicit\u00e9 d&#8217;utilisation de cette tondeuse gr\u00e2ce \u00e0 sa batterie lithium interchangeable, dot\u00e9e d&#8217;un bouton de d\u00e9verrouillage rapide et offrant jusqu&#8217;\u00e0 3 heures d&#8217;autonomie. La tondeuse est [&hellip;]<\/p>\n","protected":false},"featured_media":6398,"comment_status":"open","ping_status":"closed","template":"","meta":{"_acf_changed":false,"_seopress_robots_primary_cat":"none","_seopress_titles_title":"","_seopress_titles_desc":"","_seopress_robots_index":""},"product_brand":[],"product_cat":[69],"product_tag":[],"class_list":{"0":"post-6395","1":"product","2":"type-product","3":"status-publish","4":"has-post-thumbnail","6":"product_cat-tondeuse-sechoir","8":"first","9":"instock","10":"taxable","11":"shipping-taxable","12":"purchasable","13":"product-type-simple"},"acf":[],"_links":{"self":[{"href":"https:\/\/absolutlaprairie.ca\/en\/wp-json\/wp\/v2\/product\/6395","targetHints":{"allow":["GET"]}}],"collection":[{"href":"https:\/\/absolutlaprairie.ca\/en\/wp-json\/wp\/v2\/product"}],"about":[{"href":"https:\/\/absolutlaprairie.ca\/en\/wp-json\/wp\/v2\/types\/product"}],"replies":[{"embeddable":true,"href":"https:\/\/absolutlaprairie.ca\/en\/wp-json\/wp\/v2\/comments?post=6395"}],"wp:featuredmedia":[{"embeddable":true,"href":"https:\/\/absolutlaprairie.ca\/en\/wp-json\/wp\/v2\/media\/6398"}],"wp:attachment":[{"href":"https:\/\/absolutlaprairie.ca\/en\/wp-json\/wp\/v2\/media?parent=6395"}],"wp:term":[{"taxonomy":"product_brand","embeddable":true,"href":"https:\/\/absolutlaprairie.ca\/en\/wp-json\/wp\/v2\/product_brand?post=6395"},{"taxonomy":"product_cat","embeddable":true,"href":"https:\/\/absolutlaprairie.ca\/en\/wp-json\/wp\/v2\/product_cat?post=6395"},{"taxonomy":"product_tag","embeddable":true,"href":"https:\/\/absolutlaprairie.ca\/en\/wp-json\/wp\/v2\/product_tag?post=6395"}],"curies":[{"name":"wp","href":"https:\/\/api.w.org\/{rel}","templated":true}]}}