{"id":6390,"date":"2025-09-03T12:04:48","date_gmt":"2025-09-03T17:04:48","guid":{"rendered":"https:\/\/absolutlaprairie.ca\/?post_type=product&#038;p=6390"},"modified":"2025-09-03T12:06:38","modified_gmt":"2025-09-03T17:06:38","slug":"babyliss-pro-fxone-blackfx-clipper","status":"publish","type":"product","link":"https:\/\/absolutlaprairie.ca\/en\/product\/babyliss-pro-fxone-blackfx-clipper\/","title":{"rendered":"Babyliss PRO &#8211; FXone BlackFX Clipper"},"content":{"rendered":"<h3><span dir=\"auto\">Tondeuse Babyliss Pro FXone BlackFX<\/span><\/h3>\n<p><span dir=\"auto\">La tondeuse \u00e0 cheveux FXone BlackFX est \u00e9quip\u00e9e d&#8217;un nouveau moteur N1 sans balais \u00e0 double roulement \u00e0 billes pour une efficacit\u00e9 accrue. Profitez de sa simplicit\u00e9 d&#8217;utilisation gr\u00e2ce \u00e0 sa batterie lithium interchangeable, dot\u00e9e d&#8217;un bouton de d\u00e9verrouillage rapide et offrant jusqu&#8217;\u00e0 2,5 heures d&#8217;autonomie. La tondeuse est livr\u00e9e de s\u00e9rie avec une lame ultra-fine en graphite noir moul\u00e9e par injection de m\u00e9tal (MIM), dot\u00e9e d&#8217;un r\u00e9servoir d&#8217;huile pour une lubrification constante. Utilisez cette tondeuse \u00e0 cheveux professionnelle sans fil \u00e0 batterie lithium pour couper les cheveux de toutes textures avec facilit\u00e9 et pr\u00e9cision.<\/span><\/p>\n<h3><span dir=\"auto\">Il comprend :<\/span><\/h3>\n<ul>\n<li><span dir=\"auto\">6 peignes<\/span><\/li>\n<li><span dir=\"auto\">Base de chargement et batterie \u00e0 double tension<\/span><\/li>\n<\/ul>\n<h3><span dir=\"auto\">Caract\u00e9ristiques:<\/span><\/h3>\n<ul>\n<li><span dir=\"auto\">R\u00e9glable \u00e0 z\u00e9ro \u00e9cart<\/span><\/li>\n<li><span dir=\"auto\">Temp\u00e9rature de lame inf\u00e9rieure<\/span><\/li>\n<li><span dir=\"auto\">Bouton de lib\u00e9ration rapide de la batterie<\/span><\/li>\n<li><span dir=\"auto\">Indicateur de batterie \u00e0 anneau LED \u00e0 4 niveaux<\/span><\/li>\n<li><span dir=\"auto\">Nouveau c\u00f4ne extensible verrouillable \u00e0 5 crans<\/span><\/li>\n<li><span dir=\"auto\">Nouveau bo\u00eetier enti\u00e8rement m\u00e9tallique am\u00e9lior\u00e9<\/span><\/li>\n<li><span dir=\"auto\">Repose-doigts ergonomique<\/span><\/li>\n<li><span dir=\"auto\">Porte-poche \u00e0 cheveux amovible<\/span><\/li>\n<li><span dir=\"auto\">Poign\u00e9e d&#8217;halt\u00e8re en m\u00e9tal molet\u00e9e<\/span><\/li>\n<li><span dir=\"auto\">Nouvel embout conique avec crochet de suspension cach\u00e9<\/span><\/li>\n<li><span dir=\"auto\">Double roulement pour plus d&#8217;efficacit\u00e9<\/span><\/li>\n<\/ul>\n","protected":false},"excerpt":{"rendered":"<p>Tondeuse Babyliss Pro FXone BlackFX La tondeuse \u00e0 cheveux FXone BlackFX est \u00e9quip\u00e9e d&#8217;un nouveau moteur N1 sans balais \u00e0 double roulement \u00e0 billes pour une efficacit\u00e9 accrue. Profitez de sa simplicit\u00e9 d&#8217;utilisation gr\u00e2ce \u00e0 sa batterie lithium interchangeable, dot\u00e9e d&#8217;un bouton de d\u00e9verrouillage rapide et offrant jusqu&#8217;\u00e0 2,5 heures d&#8217;autonomie. La tondeuse est livr\u00e9e [&hellip;]<\/p>\n","protected":false},"featured_media":6393,"comment_status":"open","ping_status":"closed","template":"","meta":{"_acf_changed":false,"_seopress_robots_primary_cat":"none","_seopress_titles_title":"","_seopress_titles_desc":"","_seopress_robots_index":""},"product_brand":[],"product_cat":[69],"product_tag":[],"class_list":{"0":"post-6390","1":"product","2":"type-product","3":"status-publish","4":"has-post-thumbnail","6":"product_cat-tondeuse-sechoir","8":"first","9":"instock","10":"taxable","11":"shipping-taxable","12":"purchasable","13":"product-type-simple"},"acf":[],"_links":{"self":[{"href":"https:\/\/absolutlaprairie.ca\/en\/wp-json\/wp\/v2\/product\/6390","targetHints":{"allow":["GET"]}}],"collection":[{"href":"https:\/\/absolutlaprairie.ca\/en\/wp-json\/wp\/v2\/product"}],"about":[{"href":"https:\/\/absolutlaprairie.ca\/en\/wp-json\/wp\/v2\/types\/product"}],"replies":[{"embeddable":true,"href":"https:\/\/absolutlaprairie.ca\/en\/wp-json\/wp\/v2\/comments?post=6390"}],"wp:featuredmedia":[{"embeddable":true,"href":"https:\/\/absolutlaprairie.ca\/en\/wp-json\/wp\/v2\/media\/6393"}],"wp:attachment":[{"href":"https:\/\/absolutlaprairie.ca\/en\/wp-json\/wp\/v2\/media?parent=6390"}],"wp:term":[{"taxonomy":"product_brand","embeddable":true,"href":"https:\/\/absolutlaprairie.ca\/en\/wp-json\/wp\/v2\/product_brand?post=6390"},{"taxonomy":"product_cat","embeddable":true,"href":"https:\/\/absolutlaprairie.ca\/en\/wp-json\/wp\/v2\/product_cat?post=6390"},{"taxonomy":"product_tag","embeddable":true,"href":"https:\/\/absolutlaprairie.ca\/en\/wp-json\/wp\/v2\/product_tag?post=6390"}],"curies":[{"name":"wp","href":"https:\/\/api.w.org\/{rel}","templated":true}]}}