{"id":6381,"date":"2025-09-03T11:38:40","date_gmt":"2025-09-03T16:38:40","guid":{"rendered":"https:\/\/absolutlaprairie.ca\/?post_type=product&#038;p=6381"},"modified":"2025-09-03T11:38:40","modified_gmt":"2025-09-03T16:38:40","slug":"babylisspro-matte-black-boost-clipper","status":"publish","type":"product","link":"https:\/\/absolutlaprairie.ca\/en\/product\/babylisspro-matte-black-boost-clipper\/","title":{"rendered":"BaBylissPRO &#8211; Matte Black Boost+ (Clipper)"},"content":{"rendered":"<p><span dir=\"auto\">La tondeuse BaBylissPRO Boost+ Metal Lithium est dot\u00e9e d&#8217;un nouveau moteur sans balais \u00e0 vitesse et couple plus \u00e9lev\u00e9s, ainsi que d&#8217;une lame unique en carbone diamant\u00e9 offrant une glisse et un d\u00e9grad\u00e9 exceptionnels. L&#8217;outil id\u00e9al pour couper les cheveux.<\/span><\/p>\n<ul>\n<li><span class=\"a-list-item\"><span dir=\"auto\">La tondeuse Boost+ Metal Lithium est dot\u00e9e d&#8217;un nouveau moteur sans balais \u00e0 vitesse plus \u00e9lev\u00e9e et \u00e0 couple plus \u00e9lev\u00e9.<\/span><\/span><\/li>\n<li><span class=\"a-list-item\"><span dir=\"auto\">Fonctionnement avec et sans fil avec une lame de d\u00e9coloration Diamond Like Carbon et une autonomie de 2 heures<\/span><\/span><\/li>\n<li><span class=\"a-list-item\"><span dir=\"auto\">La tondeuse est dot\u00e9e d&#8217;un contr\u00f4le de c\u00f4ne \u00e0 5 crans, d&#8217;un bo\u00eetier enti\u00e8rement en m\u00e9tal et d&#8217;une poign\u00e9e en caoutchouc textur\u00e9e en diamant<\/span><\/span><\/li>\n<li><span class=\"a-list-item\"><span dir=\"auto\">Double tension, crochet de suspension et 8 peignes<\/span><\/span><\/li>\n<li><span class=\"a-list-item\"><span dir=\"auto\">Parfait pour une utilisation \u00e0 la maison et au salon pour une coupe pr\u00e9cise, nette et fra\u00eeche<\/span><\/span><\/li>\n<\/ul>\n","protected":false},"excerpt":{"rendered":"<p>La tondeuse BaBylissPRO Boost+ Metal Lithium est dot\u00e9e d&#8217;un nouveau moteur sans balais \u00e0 vitesse et couple plus \u00e9lev\u00e9s, ainsi que d&#8217;une lame unique en carbone diamant\u00e9 offrant une glisse et un d\u00e9grad\u00e9 exceptionnels. L&#8217;outil id\u00e9al pour couper les cheveux. La tondeuse Boost+ Metal Lithium est dot\u00e9e d&#8217;un nouveau moteur sans balais \u00e0 vitesse plus [&hellip;]<\/p>\n","protected":false},"featured_media":6384,"comment_status":"open","ping_status":"closed","template":"","meta":{"_acf_changed":false,"_seopress_robots_primary_cat":"","_seopress_titles_title":"","_seopress_titles_desc":"","_seopress_robots_index":""},"product_brand":[],"product_cat":[69],"product_tag":[],"class_list":{"0":"post-6381","1":"product","2":"type-product","3":"status-publish","4":"has-post-thumbnail","6":"product_cat-tondeuse-sechoir","8":"first","9":"instock","10":"taxable","11":"shipping-taxable","12":"purchasable","13":"product-type-simple"},"acf":[],"_links":{"self":[{"href":"https:\/\/absolutlaprairie.ca\/en\/wp-json\/wp\/v2\/product\/6381","targetHints":{"allow":["GET"]}}],"collection":[{"href":"https:\/\/absolutlaprairie.ca\/en\/wp-json\/wp\/v2\/product"}],"about":[{"href":"https:\/\/absolutlaprairie.ca\/en\/wp-json\/wp\/v2\/types\/product"}],"replies":[{"embeddable":true,"href":"https:\/\/absolutlaprairie.ca\/en\/wp-json\/wp\/v2\/comments?post=6381"}],"wp:featuredmedia":[{"embeddable":true,"href":"https:\/\/absolutlaprairie.ca\/en\/wp-json\/wp\/v2\/media\/6384"}],"wp:attachment":[{"href":"https:\/\/absolutlaprairie.ca\/en\/wp-json\/wp\/v2\/media?parent=6381"}],"wp:term":[{"taxonomy":"product_brand","embeddable":true,"href":"https:\/\/absolutlaprairie.ca\/en\/wp-json\/wp\/v2\/product_brand?post=6381"},{"taxonomy":"product_cat","embeddable":true,"href":"https:\/\/absolutlaprairie.ca\/en\/wp-json\/wp\/v2\/product_cat?post=6381"},{"taxonomy":"product_tag","embeddable":true,"href":"https:\/\/absolutlaprairie.ca\/en\/wp-json\/wp\/v2\/product_tag?post=6381"}],"curies":[{"name":"wp","href":"https:\/\/api.w.org\/{rel}","templated":true}]}}