{"id":6374,"date":"2025-08-30T14:00:12","date_gmt":"2025-08-30T19:00:12","guid":{"rendered":"https:\/\/absolutlaprairie.ca\/?post_type=product&#038;p=6374"},"modified":"2025-12-10T19:44:54","modified_gmt":"2025-12-11T00:44:54","slug":"babylisspro-fxone-lo-profx-collection-clipper-trimmer-prepack","status":"publish","type":"product","link":"https:\/\/absolutlaprairie.ca\/en\/product\/babylisspro-fxone-lo-profx-collection-clipper-trimmer-prepack\/","title":{"rendered":"BaBylissPRO &#8211; FXONE Lo-ProFX Collection Clipper &#038; Trimmer Prepack"},"content":{"rendered":"<p>BaBylissPRO &#8211; FXONE Lo-ProFX Limited Edition Nightfall Collection Clipper &amp; Trimmer Prepack<\/p>\n<div class=\"card-header border pr-0 border-0\">\n<p>Caract\u00e9ristiques et avantages<\/p>\n<\/div>\n<div id=\"faq-collapse2-01\" class=\"collapse show\" aria-labelledby=\"faq-heading2-01\">\n<div class=\"card-body\">\n<ul id=\"collapsible-details-null\" class=\"b-features\">\n<li class=\"b-features__item\"><span dir=\"auto\">CLIPPER FXONE COLLECTION NIGHTFALL \u00c9DITION LIMIT\u00c9E :<\/span><\/li>\n<li class=\"b-features__item\"><span dir=\"auto\">Lame de fondu moul\u00e9e par injection de m\u00e9tal en titane noir (MIM) (FX8022B)<\/span><\/li>\n<li class=\"b-features__item\"><span dir=\"auto\">R\u00e9servoir d&#8217;huile int\u00e9gr\u00e9 pour une lubrification constante<\/span><\/li>\n<li class=\"b-features__item\"><span dir=\"auto\">Temp\u00e9rature de lame inf\u00e9rieure<\/span><\/li>\n<li class=\"b-features__item\"><span dir=\"auto\">Z\u00e9ro-\u00e9cart r\u00e9glable<\/span><\/li>\n<li class=\"b-features__item\"><span dir=\"auto\">Levier conique extensible verrouillable \u00e0 5 crans<\/span><\/li>\n<li class=\"b-features__item\"><span dir=\"auto\">Moteur sans balais N1 longue dur\u00e9e<\/span><\/li>\n<li class=\"b-features__item\"><span dir=\"auto\">Roulements \u00e0 billes doubles pour plus d&#8217;efficacit\u00e9<\/span><\/li>\n<li class=\"b-features__item\"><span dir=\"auto\">6\u00a0800 tr\/min \/ 13\u00a0600 tr\/min<\/span><\/li>\n<li class=\"b-features__item\"><span dir=\"auto\">Couvercle de protection m\u00e9tallique ultra-plat<\/span><\/li>\n<li class=\"b-features__item\"><span dir=\"auto\">Bouton de lib\u00e9ration rapide de la batterie<\/span><\/li>\n<li class=\"b-features__item\"><span dir=\"auto\">TONDEUSE FXONE LO-PROFX \u00c9DITION LIMIT\u00c9E COLLECTION NIGHTFALL :<\/span><\/li>\n<li class=\"b-features__item\"><span dir=\"auto\">Lame en T \u00e0 dents profondes en graphite noir (FX707B2) \u2014 R\u00e9glable sans espace<\/span><\/li>\n<li class=\"b-features__item\"><span dir=\"auto\">Hypoallerg\u00e9nique<\/span><\/li>\n<li class=\"b-features__item\"><span dir=\"auto\">Haute r\u00e9sistance<\/span><\/li>\n<li class=\"b-features__item\"><span dir=\"auto\">Garantie limit\u00e9e de 2 ans<\/span><\/li>\n<\/ul>\n<\/div>\n<\/div>\n","protected":false},"excerpt":{"rendered":"<p>BaBylissPRO &#8211; FXONE Lo-ProFX Limited Edition Nightfall Collection Clipper &amp; Trimmer Prepack Caract\u00e9ristiques et avantages CLIPPER FXONE COLLECTION NIGHTFALL \u00c9DITION LIMIT\u00c9E : Lame de fondu moul\u00e9e par injection de m\u00e9tal en titane noir (MIM) (FX8022B) R\u00e9servoir d&#8217;huile int\u00e9gr\u00e9 pour une lubrification constante Temp\u00e9rature de lame inf\u00e9rieure Z\u00e9ro-\u00e9cart r\u00e9glable Levier conique extensible verrouillable \u00e0 5 crans [&hellip;]<\/p>\n","protected":false},"featured_media":7174,"comment_status":"open","ping_status":"closed","template":"","meta":{"_acf_changed":false,"_seopress_robots_primary_cat":"none","_seopress_titles_title":"","_seopress_titles_desc":"","_seopress_robots_index":""},"product_brand":[],"product_cat":[69],"product_tag":[],"class_list":{"0":"post-6374","1":"product","2":"type-product","3":"status-publish","4":"has-post-thumbnail","6":"product_cat-tondeuse-sechoir","8":"first","9":"instock","10":"taxable","11":"shipping-taxable","12":"purchasable","13":"product-type-simple"},"acf":[],"_links":{"self":[{"href":"https:\/\/absolutlaprairie.ca\/en\/wp-json\/wp\/v2\/product\/6374","targetHints":{"allow":["GET"]}}],"collection":[{"href":"https:\/\/absolutlaprairie.ca\/en\/wp-json\/wp\/v2\/product"}],"about":[{"href":"https:\/\/absolutlaprairie.ca\/en\/wp-json\/wp\/v2\/types\/product"}],"replies":[{"embeddable":true,"href":"https:\/\/absolutlaprairie.ca\/en\/wp-json\/wp\/v2\/comments?post=6374"}],"wp:featuredmedia":[{"embeddable":true,"href":"https:\/\/absolutlaprairie.ca\/en\/wp-json\/wp\/v2\/media\/7174"}],"wp:attachment":[{"href":"https:\/\/absolutlaprairie.ca\/en\/wp-json\/wp\/v2\/media?parent=6374"}],"wp:term":[{"taxonomy":"product_brand","embeddable":true,"href":"https:\/\/absolutlaprairie.ca\/en\/wp-json\/wp\/v2\/product_brand?post=6374"},{"taxonomy":"product_cat","embeddable":true,"href":"https:\/\/absolutlaprairie.ca\/en\/wp-json\/wp\/v2\/product_cat?post=6374"},{"taxonomy":"product_tag","embeddable":true,"href":"https:\/\/absolutlaprairie.ca\/en\/wp-json\/wp\/v2\/product_tag?post=6374"}],"curies":[{"name":"wp","href":"https:\/\/api.w.org\/{rel}","templated":true}]}}