{"id":6369,"date":"2025-08-30T13:37:04","date_gmt":"2025-08-30T18:37:04","guid":{"rendered":"https:\/\/absolutlaprairie.ca\/?post_type=product&#038;p=6369"},"modified":"2025-08-30T13:37:04","modified_gmt":"2025-08-30T18:37:04","slug":"babylisspro-fxone-charger-battery-prepack","status":"publish","type":"product","link":"https:\/\/absolutlaprairie.ca\/en\/product\/babylisspro-fxone-charger-battery-prepack\/","title":{"rendered":"BaBylissPRO &#8211; FXONE Charger &#038; Battery Prepack"},"content":{"rendered":"<h2><span dir=\"auto\">Pack\u00a0chargeur et batterie BaBylissPRO FXONE FXC2BPPK<\/span><\/h2>\n<h3><span dir=\"auto\">Comprend une base de chargement + 2 batteries FXONE<\/span><\/h3>\n<ul>\n<li><span dir=\"auto\">Chargez une ou deux batteries FXONE en m\u00eame temps<\/span><\/li>\n<li><span dir=\"auto\">Le pr\u00e9-emballage comprend deux batteries FXBB24<\/span><\/li>\n<li><span dir=\"auto\">Cordon d&#8217;alimentation FXC2B inclus<\/span><\/li>\n<li><span dir=\"auto\">Indicateurs de charge \u00e0 double barre lat\u00e9rale \u00e0 LED<\/span><\/li>\n<li><span dir=\"auto\">Connectez plusieurs bases pour charger plusieurs batteries \u00e0 la fois<\/span><\/li>\n<\/ul>\n","protected":false},"excerpt":{"rendered":"<p>Pack\u00a0chargeur et batterie BaBylissPRO FXONE FXC2BPPK Comprend une base de chargement + 2 batteries FXONE Chargez une ou deux batteries FXONE en m\u00eame temps Le pr\u00e9-emballage comprend deux batteries FXBB24 Cordon d&#8217;alimentation FXC2B inclus Indicateurs de charge \u00e0 double barre lat\u00e9rale \u00e0 LED Connectez plusieurs bases pour charger plusieurs batteries \u00e0 la fois<\/p>\n","protected":false},"featured_media":6372,"comment_status":"open","ping_status":"closed","template":"","meta":{"_acf_changed":false,"_seopress_robots_primary_cat":"","_seopress_titles_title":"","_seopress_titles_desc":"","_seopress_robots_index":""},"product_brand":[],"product_cat":[69],"product_tag":[],"class_list":{"0":"post-6369","1":"product","2":"type-product","3":"status-publish","4":"has-post-thumbnail","6":"product_cat-tondeuse-sechoir","8":"first","9":"instock","10":"taxable","11":"shipping-taxable","12":"purchasable","13":"product-type-simple"},"acf":[],"_links":{"self":[{"href":"https:\/\/absolutlaprairie.ca\/en\/wp-json\/wp\/v2\/product\/6369","targetHints":{"allow":["GET"]}}],"collection":[{"href":"https:\/\/absolutlaprairie.ca\/en\/wp-json\/wp\/v2\/product"}],"about":[{"href":"https:\/\/absolutlaprairie.ca\/en\/wp-json\/wp\/v2\/types\/product"}],"replies":[{"embeddable":true,"href":"https:\/\/absolutlaprairie.ca\/en\/wp-json\/wp\/v2\/comments?post=6369"}],"wp:featuredmedia":[{"embeddable":true,"href":"https:\/\/absolutlaprairie.ca\/en\/wp-json\/wp\/v2\/media\/6372"}],"wp:attachment":[{"href":"https:\/\/absolutlaprairie.ca\/en\/wp-json\/wp\/v2\/media?parent=6369"}],"wp:term":[{"taxonomy":"product_brand","embeddable":true,"href":"https:\/\/absolutlaprairie.ca\/en\/wp-json\/wp\/v2\/product_brand?post=6369"},{"taxonomy":"product_cat","embeddable":true,"href":"https:\/\/absolutlaprairie.ca\/en\/wp-json\/wp\/v2\/product_cat?post=6369"},{"taxonomy":"product_tag","embeddable":true,"href":"https:\/\/absolutlaprairie.ca\/en\/wp-json\/wp\/v2\/product_tag?post=6369"}],"curies":[{"name":"wp","href":"https:\/\/api.w.org\/{rel}","templated":true}]}}