{"id":6364,"date":"2025-08-30T13:31:28","date_gmt":"2025-08-30T18:31:28","guid":{"rendered":"https:\/\/absolutlaprairie.ca\/?post_type=product&#038;p=6364"},"modified":"2025-08-30T13:31:28","modified_gmt":"2025-08-30T18:31:28","slug":"caliber-22-stinger-motor-cordless-trimmer","status":"publish","type":"product","link":"https:\/\/absolutlaprairie.ca\/en\/product\/caliber-22-stinger-motor-cordless-trimmer\/","title":{"rendered":"Caliber .22 &#8211; Stinger Motor Cordless Trimmer"},"content":{"rendered":"<h2 class=\"u44bxd TvpvNd\" tabindex=\"-1\" role=\"heading\">Caliber .22 Stinger Linear Magnetic Motor Cordless Trimmer<\/h2>\n<p><span dir=\"auto\">La caract\u00e9ristique principale du taille-bordures Stinger calibre .22 est son moteur magn\u00e9tique lin\u00e9aire japonais de pr\u00e9cision sup\u00e9rieure. Ce moteur d\u00e9livre une puissance constante de plus de 10\u00a0000 coups par minute (coups par minute), garantissant une coupe pr\u00e9cise et fluide \u00e0 chaque fois.<\/span><\/p>\n<p><span dir=\"auto\">La tondeuse Stinger Calibre .22 est con\u00e7ue avec une technologie silencieuse et antivibratoire, offrant un confort de toilettage optimal, m\u00eame en utilisation prolong\u00e9e. Elle est \u00e9quip\u00e9e de lames en acier japonais 440C avec rev\u00eatement DLC, faciles \u00e0 tailler, id\u00e9ales pour les alignements et les bordures.<\/span><\/p>\n<p><span dir=\"auto\">Aliment\u00e9 par une batterie lithium-ion ICR de 1500 MAH, le coupe-bordures Caliber .22 Stinger offre plus de 120 minutes d&#8217;autonomie, garantissant une puissance soutenue m\u00eame pour les s\u00e9ances de toilettage les plus d\u00e9taill\u00e9es.<\/span><\/p>\n","protected":false},"excerpt":{"rendered":"<p>Caliber .22 Stinger Linear Magnetic Motor Cordless Trimmer La caract\u00e9ristique principale du taille-bordures Stinger calibre .22 est son moteur magn\u00e9tique lin\u00e9aire japonais de pr\u00e9cision sup\u00e9rieure. Ce moteur d\u00e9livre une puissance constante de plus de 10\u00a0000 coups par minute (coups par minute), garantissant une coupe pr\u00e9cise et fluide \u00e0 chaque fois. La tondeuse Stinger Calibre .22 [&hellip;]<\/p>\n","protected":false},"featured_media":6367,"comment_status":"open","ping_status":"closed","template":"","meta":{"_acf_changed":false,"_seopress_robots_primary_cat":"","_seopress_titles_title":"","_seopress_titles_desc":"","_seopress_robots_index":""},"product_brand":[],"product_cat":[81],"product_tag":[],"class_list":{"0":"post-6364","1":"product","2":"type-product","3":"status-publish","4":"has-post-thumbnail","6":"product_cat-non-classifiee","8":"first","9":"instock","10":"taxable","11":"shipping-taxable","12":"purchasable","13":"product-type-simple"},"acf":[],"_links":{"self":[{"href":"https:\/\/absolutlaprairie.ca\/en\/wp-json\/wp\/v2\/product\/6364","targetHints":{"allow":["GET"]}}],"collection":[{"href":"https:\/\/absolutlaprairie.ca\/en\/wp-json\/wp\/v2\/product"}],"about":[{"href":"https:\/\/absolutlaprairie.ca\/en\/wp-json\/wp\/v2\/types\/product"}],"replies":[{"embeddable":true,"href":"https:\/\/absolutlaprairie.ca\/en\/wp-json\/wp\/v2\/comments?post=6364"}],"wp:featuredmedia":[{"embeddable":true,"href":"https:\/\/absolutlaprairie.ca\/en\/wp-json\/wp\/v2\/media\/6367"}],"wp:attachment":[{"href":"https:\/\/absolutlaprairie.ca\/en\/wp-json\/wp\/v2\/media?parent=6364"}],"wp:term":[{"taxonomy":"product_brand","embeddable":true,"href":"https:\/\/absolutlaprairie.ca\/en\/wp-json\/wp\/v2\/product_brand?post=6364"},{"taxonomy":"product_cat","embeddable":true,"href":"https:\/\/absolutlaprairie.ca\/en\/wp-json\/wp\/v2\/product_cat?post=6364"},{"taxonomy":"product_tag","embeddable":true,"href":"https:\/\/absolutlaprairie.ca\/en\/wp-json\/wp\/v2\/product_tag?post=6364"}],"curies":[{"name":"wp","href":"https:\/\/api.w.org\/{rel}","templated":true}]}}