{"id":6352,"date":"2025-08-29T11:01:53","date_gmt":"2025-08-29T16:01:53","guid":{"rendered":"https:\/\/absolutlaprairie.ca\/?post_type=product&#038;p=6352"},"modified":"2025-08-29T11:04:05","modified_gmt":"2025-08-29T16:04:05","slug":"babyliss-pro-vibefx-cord-cordless-massager-silver","status":"publish","type":"product","link":"https:\/\/absolutlaprairie.ca\/en\/product\/babyliss-pro-vibefx-cord-cordless-massager-silver\/","title":{"rendered":"BaByliss PRO &#8211; VibeFX Cord\/Cordless Massager (SILVER)"},"content":{"rendered":"<div id=\"faq-heading1-01\" class=\"mb-2 border-bottom\">\n<h3>BaBylissPRO VibeFX Massager &#8211; FXSSMG &#8211; Cord-Cordless (SILVER)<\/h3>\n<h3>Description<\/h3>\n<div class=\"card-body\">\n<div id=\"collapsible-description-null\" class=\"value content\">Le VIBEFX est l&#8217;outil professionnel id\u00e9al des barbiers et des stylistes pour am\u00e9liorer l&#8217;exp\u00e9rience client en leur fournissant un service de massage apaisant au cou, au dos, \u00e0 la t\u00eate et au visage.<\/div>\n<\/div>\n<\/div>\n<div id=\"faq-heading2-01\" class=\"mb-2 border-bottom\">\n<div class=\"card-header border pr-0 border-0\"><\/div>\n<h3>Caract\u00e9ristiques et avantages<\/h3>\n<div class=\"card-body\">\n<div class=\"features-list\">\n<ul>\n<li>Moteur sans balai de longue vie<\/li>\n<li>Bo\u00eetier en acier inoxydable<\/li>\n<li>Sangles flexibles<\/li>\n<li>2 vitesses (Hi \/ Lo)<\/li>\n<li>Pile au lithium (Dur\u00e9e 1 heure)br \/&gt;<\/li>\n<li>Garantie limit\u00e9e de 2 ans<\/li>\n<\/ul>\n<\/div>\n<\/div>\n<\/div>\n","protected":false},"excerpt":{"rendered":"<p>BaBylissPRO VibeFX Massager &#8211; FXSSMG &#8211; Cord-Cordless (SILVER) Description Le VIBEFX est l&#8217;outil professionnel id\u00e9al des barbiers et des stylistes pour am\u00e9liorer l&#8217;exp\u00e9rience client en leur fournissant un service de massage apaisant au cou, au dos, \u00e0 la t\u00eate et au visage. Caract\u00e9ristiques et avantages Moteur sans balai de longue vie Bo\u00eetier en acier inoxydable [&hellip;]<\/p>\n","protected":false},"featured_media":6353,"comment_status":"open","ping_status":"closed","template":"","meta":{"_acf_changed":false,"_seopress_robots_primary_cat":"none","_seopress_titles_title":"","_seopress_titles_desc":"","_seopress_robots_index":""},"product_brand":[],"product_cat":[69],"product_tag":[],"class_list":{"0":"post-6352","1":"product","2":"type-product","3":"status-publish","4":"has-post-thumbnail","6":"product_cat-tondeuse-sechoir","8":"first","9":"instock","10":"taxable","11":"shipping-taxable","12":"purchasable","13":"product-type-simple"},"acf":[],"_links":{"self":[{"href":"https:\/\/absolutlaprairie.ca\/en\/wp-json\/wp\/v2\/product\/6352","targetHints":{"allow":["GET"]}}],"collection":[{"href":"https:\/\/absolutlaprairie.ca\/en\/wp-json\/wp\/v2\/product"}],"about":[{"href":"https:\/\/absolutlaprairie.ca\/en\/wp-json\/wp\/v2\/types\/product"}],"replies":[{"embeddable":true,"href":"https:\/\/absolutlaprairie.ca\/en\/wp-json\/wp\/v2\/comments?post=6352"}],"wp:featuredmedia":[{"embeddable":true,"href":"https:\/\/absolutlaprairie.ca\/en\/wp-json\/wp\/v2\/media\/6353"}],"wp:attachment":[{"href":"https:\/\/absolutlaprairie.ca\/en\/wp-json\/wp\/v2\/media?parent=6352"}],"wp:term":[{"taxonomy":"product_brand","embeddable":true,"href":"https:\/\/absolutlaprairie.ca\/en\/wp-json\/wp\/v2\/product_brand?post=6352"},{"taxonomy":"product_cat","embeddable":true,"href":"https:\/\/absolutlaprairie.ca\/en\/wp-json\/wp\/v2\/product_cat?post=6352"},{"taxonomy":"product_tag","embeddable":true,"href":"https:\/\/absolutlaprairie.ca\/en\/wp-json\/wp\/v2\/product_tag?post=6352"}],"curies":[{"name":"wp","href":"https:\/\/api.w.org\/{rel}","templated":true}]}}