{"id":6331,"date":"2025-08-28T11:48:51","date_gmt":"2025-08-28T16:48:51","guid":{"rendered":"https:\/\/absolutlaprairie.ca\/?post_type=product&#038;p=6331"},"modified":"2025-08-28T11:48:51","modified_gmt":"2025-08-28T16:48:51","slug":"babylisspro-volare-x2-professional-clipper","status":"publish","type":"product","link":"https:\/\/absolutlaprairie.ca\/en\/product\/babylisspro-volare-x2-professional-clipper\/","title":{"rendered":"BaBylissPRO &#8211; Volare X2 Professional Clipper"},"content":{"rendered":"<p><span dir=\"auto\">La tondeuse Volare est \u00e9quip\u00e9e d&#8217;un moteur MaxLife\u00aePro con\u00e7u et fabriqu\u00e9 pour BabylissPRO par le l\u00e9gendaire cr\u00e9ateur de Ferrari. Sa lame ultra-r\u00e9sistante recouverte de titane offre une pr\u00e9cision et des performances l\u00e9gendaires. De plus, gr\u00e2ce \u00e0 ses lames amovibles, elle convient \u00e0 tous les types et longueurs de cheveux.<\/span><\/p>\n<h2><span dir=\"auto\">Caract\u00e9ristiques<\/span><\/h2>\n<ul>\n<li><span dir=\"auto\">Lame en titane ultra r\u00e9sistante<\/span><\/li>\n<li><span dir=\"auto\">Lame de coupe X-Grip micro-dentel\u00e9e brevet\u00e9e<\/span><\/li>\n<li><span dir=\"auto\">Convertisseur automatique \u00e0 deux points (100 &#8211; 240 V)<\/span><\/li>\n<li><span dir=\"auto\">4 r\u00e9glages de longueur de coupe<\/span><\/li>\n<li><span dir=\"auto\">8 guides de coupe amovibles \u00e0 clipser<\/span><\/li>\n<li><span dir=\"auto\">Base de chargement et de stockage<\/span><\/li>\n<\/ul>\n","protected":false},"excerpt":{"rendered":"<p>La tondeuse Volare est \u00e9quip\u00e9e d&#8217;un moteur MaxLife\u00aePro con\u00e7u et fabriqu\u00e9 pour BabylissPRO par le l\u00e9gendaire cr\u00e9ateur de Ferrari. Sa lame ultra-r\u00e9sistante recouverte de titane offre une pr\u00e9cision et des performances l\u00e9gendaires. De plus, gr\u00e2ce \u00e0 ses lames amovibles, elle convient \u00e0 tous les types et longueurs de cheveux. Caract\u00e9ristiques Lame en titane ultra r\u00e9sistante [&hellip;]<\/p>\n","protected":false},"featured_media":6334,"comment_status":"open","ping_status":"closed","template":"","meta":{"_acf_changed":false,"_seopress_robots_primary_cat":"","_seopress_titles_title":"","_seopress_titles_desc":"","_seopress_robots_index":""},"product_brand":[],"product_cat":[69],"product_tag":[],"class_list":{"0":"post-6331","1":"product","2":"type-product","3":"status-publish","4":"has-post-thumbnail","6":"product_cat-tondeuse-sechoir","8":"first","9":"instock","10":"taxable","11":"shipping-taxable","12":"purchasable","13":"product-type-simple"},"acf":[],"_links":{"self":[{"href":"https:\/\/absolutlaprairie.ca\/en\/wp-json\/wp\/v2\/product\/6331","targetHints":{"allow":["GET"]}}],"collection":[{"href":"https:\/\/absolutlaprairie.ca\/en\/wp-json\/wp\/v2\/product"}],"about":[{"href":"https:\/\/absolutlaprairie.ca\/en\/wp-json\/wp\/v2\/types\/product"}],"replies":[{"embeddable":true,"href":"https:\/\/absolutlaprairie.ca\/en\/wp-json\/wp\/v2\/comments?post=6331"}],"wp:featuredmedia":[{"embeddable":true,"href":"https:\/\/absolutlaprairie.ca\/en\/wp-json\/wp\/v2\/media\/6334"}],"wp:attachment":[{"href":"https:\/\/absolutlaprairie.ca\/en\/wp-json\/wp\/v2\/media?parent=6331"}],"wp:term":[{"taxonomy":"product_brand","embeddable":true,"href":"https:\/\/absolutlaprairie.ca\/en\/wp-json\/wp\/v2\/product_brand?post=6331"},{"taxonomy":"product_cat","embeddable":true,"href":"https:\/\/absolutlaprairie.ca\/en\/wp-json\/wp\/v2\/product_cat?post=6331"},{"taxonomy":"product_tag","embeddable":true,"href":"https:\/\/absolutlaprairie.ca\/en\/wp-json\/wp\/v2\/product_tag?post=6331"}],"curies":[{"name":"wp","href":"https:\/\/api.w.org\/{rel}","templated":true}]}}