{"id":6326,"date":"2025-08-28T11:28:06","date_gmt":"2025-08-28T16:28:06","guid":{"rendered":"https:\/\/absolutlaprairie.ca\/?post_type=product&#038;p=6326"},"modified":"2025-12-18T10:49:46","modified_gmt":"2025-12-18T15:49:46","slug":"babylisspro-fx3-high-torque-clipper","status":"publish","type":"product","link":"https:\/\/absolutlaprairie.ca\/en\/product\/babylisspro-fx3-high-torque-clipper\/","title":{"rendered":"BaBylissPRO\u00ae FX3 High Torque Clipper"},"content":{"rendered":"<div id=\"faq-heading1-01\" class=\"mb-2 border-bottom\">\n<div class=\"card-body\">\n<div id=\"collapsible-description-null\" class=\"value content\"><span dir=\"auto\">La collection FX3 repr\u00e9sente la 3e g\u00e9n\u00e9ration de produits BaBylissPRO \u00e0 moteur brushless \u00e0 couple \u00e9lev\u00e9, de conception europ\u00e9enne. Chaque mod\u00e8le est dot\u00e9 de moteurs brushless \u00e0 couple \u00e9lev\u00e9, de bo\u00eetiers ergonomiques europ\u00e9ens ultra-fins et d&#8217;une surface de pr\u00e9hension unique en carbone.<\/span><\/div>\n<\/div>\n<\/div>\n<div id=\"faq-heading2-01\" class=\"mb-2 border-bottom\">\n<div class=\"card-header border pr-0 border-0\"><button class=\"btn-header-link px-0 row collapsed\" data-toggle=\"collapse\" data-target=\"#faq-collapse2-01\" aria-expanded=\"false\" aria-controls=\"faq-collapse2-01\"><span class=\"d-none d-lg-block col-6 px-0\"><span dir=\"auto\">Caract\u00e9ristiques et avantages<\/span><\/span><\/button><\/div>\n<div class=\"card-body\">\n<div class=\"features-list\">\n<ul>\n<li><span dir=\"auto\">Fonctionnement avec ou sans fil<\/span><\/li>\n<li><span dir=\"auto\">Moteur sans balais \u00e0 couple \u00e9lev\u00e9<\/span><\/li>\n<li><span dir=\"auto\">Lame de fondu ultra-fine DLC\/Titane (lame de remplacement\u00a0: FX903G)<\/span><\/li>\n<li><span dir=\"auto\">Batterie lithium-polym\u00e8re (autonomie de 5 heures)<\/span><\/li>\n<li><span dir=\"auto\">Indicateur de batterie LED \u00e0 4 niveaux<\/span><\/li>\n<li><span dir=\"auto\">C\u00f4ne rapide \u00e0 verrouillage \u00e0 5 crans<\/span><\/li>\n<li><span dir=\"auto\">2 vitesses : HI\/LO (7 000 tr\/min\/6 000 tr\/min)<\/span><\/li>\n<li><span dir=\"auto\">L\u00e9ger et ergonomique<\/span><\/li>\n<li><span dir=\"auto\">Double tension<\/span><\/li>\n<li><span dir=\"auto\">Chargeur<\/span><\/li>\n<li><span dir=\"auto\">Crochet de suspension et sangle de suspension inclus<\/span><\/li>\n<li><span dir=\"auto\">8 peignes inclus : 1,5, 3, 4,8, 6, 10, 13, 16, 19 mm<\/span><\/li>\n<\/ul>\n<\/div>\n<\/div>\n<\/div>\n","protected":false},"excerpt":{"rendered":"<p>La collection FX3 repr\u00e9sente la 3e g\u00e9n\u00e9ration de produits BaBylissPRO \u00e0 moteur brushless \u00e0 couple \u00e9lev\u00e9, de conception europ\u00e9enne. Chaque mod\u00e8le est dot\u00e9 de moteurs brushless \u00e0 couple \u00e9lev\u00e9, de bo\u00eetiers ergonomiques europ\u00e9ens ultra-fins et d&#8217;une surface de pr\u00e9hension unique en carbone. Caract\u00e9ristiques et avantages Fonctionnement avec ou sans fil Moteur sans balais \u00e0 couple [&hellip;]<\/p>\n","protected":false},"featured_media":6329,"comment_status":"open","ping_status":"closed","template":"","meta":{"_acf_changed":false,"_seopress_robots_primary_cat":"none","_seopress_titles_title":"","_seopress_titles_desc":"","_seopress_robots_index":""},"product_brand":[],"product_cat":[69],"product_tag":[],"class_list":{"0":"post-6326","1":"product","2":"type-product","3":"status-publish","4":"has-post-thumbnail","6":"product_cat-tondeuse-sechoir","8":"first","9":"instock","10":"taxable","11":"shipping-taxable","12":"purchasable","13":"product-type-simple"},"acf":[],"_links":{"self":[{"href":"https:\/\/absolutlaprairie.ca\/en\/wp-json\/wp\/v2\/product\/6326","targetHints":{"allow":["GET"]}}],"collection":[{"href":"https:\/\/absolutlaprairie.ca\/en\/wp-json\/wp\/v2\/product"}],"about":[{"href":"https:\/\/absolutlaprairie.ca\/en\/wp-json\/wp\/v2\/types\/product"}],"replies":[{"embeddable":true,"href":"https:\/\/absolutlaprairie.ca\/en\/wp-json\/wp\/v2\/comments?post=6326"}],"wp:featuredmedia":[{"embeddable":true,"href":"https:\/\/absolutlaprairie.ca\/en\/wp-json\/wp\/v2\/media\/6329"}],"wp:attachment":[{"href":"https:\/\/absolutlaprairie.ca\/en\/wp-json\/wp\/v2\/media?parent=6326"}],"wp:term":[{"taxonomy":"product_brand","embeddable":true,"href":"https:\/\/absolutlaprairie.ca\/en\/wp-json\/wp\/v2\/product_brand?post=6326"},{"taxonomy":"product_cat","embeddable":true,"href":"https:\/\/absolutlaprairie.ca\/en\/wp-json\/wp\/v2\/product_cat?post=6326"},{"taxonomy":"product_tag","embeddable":true,"href":"https:\/\/absolutlaprairie.ca\/en\/wp-json\/wp\/v2\/product_tag?post=6326"}],"curies":[{"name":"wp","href":"https:\/\/api.w.org\/{rel}","templated":true}]}}