{"id":6321,"date":"2025-08-28T11:02:38","date_gmt":"2025-08-28T16:02:38","guid":{"rendered":"https:\/\/absolutlaprairie.ca\/?post_type=product&#038;p=6321"},"modified":"2025-08-28T11:04:05","modified_gmt":"2025-08-28T16:04:05","slug":"babyliss-pro-professional-disinfectant-box","status":"publish","type":"product","link":"https:\/\/absolutlaprairie.ca\/en\/product\/babyliss-pro-professional-disinfectant-box\/","title":{"rendered":"Babyliss Pro &#8211; Professional Disinfectant Box"},"content":{"rendered":"<p><strong><span dir=\"auto\">Cycle de nettoyage marche\/arr\u00eat automatique<\/span><\/strong><span dir=\"auto\">\u00a0&#8211; activ\u00e9 automatiquement lorsque la bo\u00eete est ferm\u00e9e<\/span><\/p>\n<p><strong><span dir=\"auto\">Compartiments de trempage doubles<\/span><\/strong><span dir=\"auto\">\u00a0&#8211; sp\u00e9cialement con\u00e7us pour contenir des ciseaux, des peignes, des protections et des lames<\/span><\/p>\n<p><strong><span dir=\"auto\">Plateau de protection amovible<\/span><\/strong><span dir=\"auto\">\u00a0&#8211; sp\u00e9cialement con\u00e7u pour contenir huit protections dans une solution d\u00e9sinfectante<\/span><\/p>\n<p><strong><span dir=\"auto\">Vibrations soniques<\/span><\/strong><span dir=\"auto\">\u00a0&#8211; lib\u00e8rent la salet\u00e9, les cheveux, la crasse et autres particules \u00e9trang\u00e8res<\/span><\/p>\n<p><strong><span dir=\"auto\">Lumi\u00e8re LED<\/span><\/strong><span dir=\"auto\">\u00a0&#8211; solution \u00e9clair\u00e9e pendant le cycle de nettoyage<\/span><\/p>\n<p><strong><span dir=\"auto\">Verrouillage automatique \u00e0 ressort<\/span><\/strong><span dir=\"auto\">\u00a0&#8211; couvercle s\u00e9curis\u00e9 pendant le cycle de nettoyage<\/span><\/p>\n<p><strong><span dir=\"auto\">Avec ou sans fil<\/span><\/strong><span dir=\"auto\">\u00a0&#8211; Fonctionne \u00e9galement avec des piles (n\u00e9cessite 3 piles C, non incluses)<\/span><\/p>\n","protected":false},"excerpt":{"rendered":"<p>Cycle de nettoyage marche\/arr\u00eat automatique\u00a0&#8211; activ\u00e9 automatiquement lorsque la bo\u00eete est ferm\u00e9e Compartiments de trempage doubles\u00a0&#8211; sp\u00e9cialement con\u00e7us pour contenir des ciseaux, des peignes, des protections et des lames Plateau de protection amovible\u00a0&#8211; sp\u00e9cialement con\u00e7u pour contenir huit protections dans une solution d\u00e9sinfectante Vibrations soniques\u00a0&#8211; lib\u00e8rent la salet\u00e9, les cheveux, la crasse et autres particules [&hellip;]<\/p>\n","protected":false},"featured_media":6324,"comment_status":"open","ping_status":"closed","template":"","meta":{"_acf_changed":false,"_seopress_robots_primary_cat":"none","_seopress_titles_title":"","_seopress_titles_desc":"","_seopress_robots_index":""},"product_brand":[],"product_cat":[73,69],"product_tag":[],"class_list":{"0":"post-6321","1":"product","2":"type-product","3":"status-publish","4":"has-post-thumbnail","6":"product_cat-accessoires_coiffure","7":"product_cat-tondeuse-sechoir","9":"first","10":"instock","11":"taxable","12":"shipping-taxable","13":"purchasable","14":"product-type-simple"},"acf":[],"_links":{"self":[{"href":"https:\/\/absolutlaprairie.ca\/en\/wp-json\/wp\/v2\/product\/6321","targetHints":{"allow":["GET"]}}],"collection":[{"href":"https:\/\/absolutlaprairie.ca\/en\/wp-json\/wp\/v2\/product"}],"about":[{"href":"https:\/\/absolutlaprairie.ca\/en\/wp-json\/wp\/v2\/types\/product"}],"replies":[{"embeddable":true,"href":"https:\/\/absolutlaprairie.ca\/en\/wp-json\/wp\/v2\/comments?post=6321"}],"wp:featuredmedia":[{"embeddable":true,"href":"https:\/\/absolutlaprairie.ca\/en\/wp-json\/wp\/v2\/media\/6324"}],"wp:attachment":[{"href":"https:\/\/absolutlaprairie.ca\/en\/wp-json\/wp\/v2\/media?parent=6321"}],"wp:term":[{"taxonomy":"product_brand","embeddable":true,"href":"https:\/\/absolutlaprairie.ca\/en\/wp-json\/wp\/v2\/product_brand?post=6321"},{"taxonomy":"product_cat","embeddable":true,"href":"https:\/\/absolutlaprairie.ca\/en\/wp-json\/wp\/v2\/product_cat?post=6321"},{"taxonomy":"product_tag","embeddable":true,"href":"https:\/\/absolutlaprairie.ca\/en\/wp-json\/wp\/v2\/product_tag?post=6321"}],"curies":[{"name":"wp","href":"https:\/\/api.w.org\/{rel}","templated":true}]}}