{"id":6315,"date":"2025-08-28T10:53:51","date_gmt":"2025-08-28T15:53:51","guid":{"rendered":"https:\/\/absolutlaprairie.ca\/?post_type=product&#038;p=6315"},"modified":"2025-08-28T10:53:51","modified_gmt":"2025-08-28T15:53:51","slug":"kemei-electric-hair-clippers","status":"publish","type":"product","link":"https:\/\/absolutlaprairie.ca\/en\/product\/kemei-electric-hair-clippers\/","title":{"rendered":"KEMEI &#8211; Electric Hair Clippers"},"content":{"rendered":"<h3><span dir=\"auto\">Caract\u00e9ristiques de la tondeuse \u00e0 cheveux r\u00e9glable Kemei KM-2850 :<\/span><\/h3>\n<ul>\n<li><span dir=\"auto\">Avec levier pour le r\u00e9glage de la longueur de la lame<\/span><\/li>\n<li><span dir=\"auto\">Avec des peignes de limitation de 3, 6, 10 et 13 millim\u00e8tres<\/span><\/li>\n<li><span dir=\"auto\">Lames en alliage d&#8217;acier au carbone de haute qualit\u00e9 pour une coupe pr\u00e9cise<\/span><\/li>\n<li><span dir=\"auto\">Charge rapide en 1,5 heure ; autonomie de la batterie jusqu&#8217;\u00e0 180 minutes<\/span><\/li>\n<li><span dir=\"auto\">Indicateur LED de charge<\/span><\/li>\n<li><span dir=\"auto\">Conception silencieuse avec moins de 60 d\u00e9cibels<\/span><\/li>\n<\/ul>\n<h3><span dir=\"auto\">Sp\u00e9cifications techniques de la tondeuse \u00e0 cheveux r\u00e9glable Kemei KM-2850 :<\/span><\/h3>\n<ul>\n<li><span dir=\"auto\">Marque : Kemei<\/span><\/li>\n<li><span dir=\"auto\">Mod\u00e8le : KM-2850<\/span><\/li>\n<li><span dir=\"auto\">Mat\u00e9riaux : ABS \/ Acier alli\u00e9 et carbone<\/span><\/li>\n<li><span dir=\"auto\">Coupe de cheveux<\/span>\n<ul>\n<li><span dir=\"auto\">Longueur minimale des cheveux : 3 mm<\/span><\/li>\n<li><span dir=\"auto\">Longueur maximale des cheveux : 13 mm<\/span><\/li>\n<\/ul>\n<\/li>\n<li><span dir=\"auto\">Indicateur de charge LED :<\/span>\n<ul>\n<li><span dir=\"auto\">L&#8217;indicateur LED sera rouge pendant la charge<\/span><\/li>\n<li><span dir=\"auto\">L&#8217;indicateur LED sera vert lorsque la charge sera termin\u00e9e<\/span><\/li>\n<li><span dir=\"auto\">L&#8217;indicateur LED sera orange lorsque la machine est allum\u00e9e et pr\u00eate \u00e0 \u00eatre utilis\u00e9e<\/span><\/li>\n<\/ul>\n<\/li>\n<li><span dir=\"auto\">Batterie<\/span>\n<ul>\n<li><span dir=\"auto\">Tension d&#8217;entr\u00e9e CA : 100-240 V<\/span><\/li>\n<li><span dir=\"auto\">Puissance nominale : 9 W<\/span><\/li>\n<li><span dir=\"auto\">Autonomie : jusqu&#8217;\u00e0 180 minutes<\/span><\/li>\n<li><span dir=\"auto\">Charge : 1,5 heure<\/span><\/li>\n<\/ul>\n<\/li>\n<li><span dir=\"auto\">Couleur : Noir<\/span><\/li>\n<li><span dir=\"auto\">Dimensions : 18,6 x 5,5 cm<\/span><\/li>\n<li><span dir=\"auto\">Poids : 302 g<\/span><\/li>\n<\/ul>\n<h3><span dir=\"auto\">Contenu du paquet<\/span><\/h3>\n<ul>\n<li><span dir=\"auto\">1 x Kemei KM-2850 Tondeuse \u00e0 cheveux r\u00e9glable<\/span><\/li>\n<li><span dir=\"auto\">4 x T\u00eates avec peignes limiteurs<\/span><\/li>\n<li><span dir=\"auto\">1 x brosse de nettoyage<\/span><\/li>\n<li><span dir=\"auto\">1 x chargeur<\/span><\/li>\n<li><span dir=\"auto\">1 x Manuel d&#8217;utilisation<\/span><\/li>\n<\/ul>\n","protected":false},"excerpt":{"rendered":"<p>Caract\u00e9ristiques de la tondeuse \u00e0 cheveux r\u00e9glable Kemei KM-2850 : Avec levier pour le r\u00e9glage de la longueur de la lame Avec des peignes de limitation de 3, 6, 10 et 13 millim\u00e8tres Lames en alliage d&#8217;acier au carbone de haute qualit\u00e9 pour une coupe pr\u00e9cise Charge rapide en 1,5 heure ; autonomie de la [&hellip;]<\/p>\n","protected":false},"featured_media":6318,"comment_status":"open","ping_status":"closed","template":"","meta":{"_acf_changed":false,"_seopress_robots_primary_cat":"","_seopress_titles_title":"","_seopress_titles_desc":"","_seopress_robots_index":""},"product_brand":[],"product_cat":[69],"product_tag":[],"class_list":{"0":"post-6315","1":"product","2":"type-product","3":"status-publish","4":"has-post-thumbnail","6":"product_cat-tondeuse-sechoir","8":"first","9":"instock","10":"taxable","11":"shipping-taxable","12":"purchasable","13":"product-type-simple"},"acf":[],"_links":{"self":[{"href":"https:\/\/absolutlaprairie.ca\/en\/wp-json\/wp\/v2\/product\/6315","targetHints":{"allow":["GET"]}}],"collection":[{"href":"https:\/\/absolutlaprairie.ca\/en\/wp-json\/wp\/v2\/product"}],"about":[{"href":"https:\/\/absolutlaprairie.ca\/en\/wp-json\/wp\/v2\/types\/product"}],"replies":[{"embeddable":true,"href":"https:\/\/absolutlaprairie.ca\/en\/wp-json\/wp\/v2\/comments?post=6315"}],"wp:featuredmedia":[{"embeddable":true,"href":"https:\/\/absolutlaprairie.ca\/en\/wp-json\/wp\/v2\/media\/6318"}],"wp:attachment":[{"href":"https:\/\/absolutlaprairie.ca\/en\/wp-json\/wp\/v2\/media?parent=6315"}],"wp:term":[{"taxonomy":"product_brand","embeddable":true,"href":"https:\/\/absolutlaprairie.ca\/en\/wp-json\/wp\/v2\/product_brand?post=6315"},{"taxonomy":"product_cat","embeddable":true,"href":"https:\/\/absolutlaprairie.ca\/en\/wp-json\/wp\/v2\/product_cat?post=6315"},{"taxonomy":"product_tag","embeddable":true,"href":"https:\/\/absolutlaprairie.ca\/en\/wp-json\/wp\/v2\/product_tag?post=6315"}],"curies":[{"name":"wp","href":"https:\/\/api.w.org\/{rel}","templated":true}]}}