{"id":6308,"date":"2025-08-28T10:39:53","date_gmt":"2025-08-28T15:39:53","guid":{"rendered":"https:\/\/absolutlaprairie.ca\/?post_type=product&#038;p=6308"},"modified":"2025-08-28T10:39:54","modified_gmt":"2025-08-28T15:39:54","slug":"wahl-sidekick-trimmer","status":"publish","type":"product","link":"https:\/\/absolutlaprairie.ca\/en\/product\/wahl-sidekick-trimmer\/","title":{"rendered":"WAHL SIDEKICK &#8211; Trimmer"},"content":{"rendered":"<h3 class=\"acctab\"><span dir=\"auto\">Description<\/span><\/h3>\n<div class=\"panel module-product-tabs__tab1\">\n<div class=\"std\">\n<p><span dir=\"auto\">Tondeuse \u00e0 barbe rechargeable Wahl Sidekick n\u00b0 56388<\/span><\/p>\n<p><span dir=\"auto\">La tondeuse \u00e0 barbe ultime<\/span><\/p>\n<ul>\n<li><span dir=\"auto\">Fonctionnalit\u00e9 rechargeable pour une plus grande facilit\u00e9 d&#8217;utilisation autour du cou, des favoris et de la racine des cheveux.<\/span><\/li>\n<li><span dir=\"auto\">Super mince, super silencieux et l\u00e9ger.<\/span><\/li>\n<li><span dir=\"auto\">Conception compacte et ergonomique pour plus de confort et de contr\u00f4le.<\/span><\/li>\n<li><span dir=\"auto\">Fonctionnement sans fil avec batterie Ni-MH et moteur rotatif durable.<\/span><\/li>\n<li><span dir=\"auto\">Lame en acier au carbone rectifi\u00e9e de haute pr\u00e9cision.<\/span><\/li>\n<li><span dir=\"auto\">Jusqu&#8217;\u00e0 60 minutes de coupe continue sans fil lorsqu&#8217;il est compl\u00e8tement charg\u00e9.<\/span><\/li>\n<li><span dir=\"auto\">Comprend une batterie Ni-MH.<\/span><\/li>\n<li><span dir=\"auto\">Pour une coupe et un trac\u00e9 pr\u00e9cis.<\/span><\/li>\n<li><span dir=\"auto\">Comprend un guide de fixation \u00e0 5 positions et un guide graphique de barbe BONUS.<\/span><\/li>\n<\/ul>\n<h3><span dir=\"auto\">Le kit comprend :<\/span><\/h3>\n<ul>\n<li><span dir=\"auto\">Tondeuse professionnelle sans fil rechargeable \u00e0 lame en T #56346<\/span><\/li>\n<li><span dir=\"auto\">prot\u00e8ge-lame<\/span><\/li>\n<li><span dir=\"auto\">Transformateur de charge<\/span><\/li>\n<li><span dir=\"auto\">Huile<\/span><\/li>\n<li><span dir=\"auto\">Brosse de nettoyage<\/span><\/li>\n<\/ul>\n<\/div>\n<\/div>\n","protected":false},"excerpt":{"rendered":"<p>Description Tondeuse \u00e0 barbe rechargeable Wahl Sidekick n\u00b0 56388 La tondeuse \u00e0 barbe ultime Fonctionnalit\u00e9 rechargeable pour une plus grande facilit\u00e9 d&#8217;utilisation autour du cou, des favoris et de la racine des cheveux. Super mince, super silencieux et l\u00e9ger. Conception compacte et ergonomique pour plus de confort et de contr\u00f4le. Fonctionnement sans fil avec batterie [&hellip;]<\/p>\n","protected":false},"featured_media":6313,"comment_status":"open","ping_status":"closed","template":"","meta":{"_acf_changed":false,"_seopress_robots_primary_cat":"","_seopress_titles_title":"","_seopress_titles_desc":"","_seopress_robots_index":""},"product_brand":[],"product_cat":[69],"product_tag":[],"class_list":{"0":"post-6308","1":"product","2":"type-product","3":"status-publish","4":"has-post-thumbnail","6":"product_cat-tondeuse-sechoir","8":"first","9":"instock","10":"taxable","11":"shipping-taxable","12":"purchasable","13":"product-type-simple"},"acf":[],"_links":{"self":[{"href":"https:\/\/absolutlaprairie.ca\/en\/wp-json\/wp\/v2\/product\/6308","targetHints":{"allow":["GET"]}}],"collection":[{"href":"https:\/\/absolutlaprairie.ca\/en\/wp-json\/wp\/v2\/product"}],"about":[{"href":"https:\/\/absolutlaprairie.ca\/en\/wp-json\/wp\/v2\/types\/product"}],"replies":[{"embeddable":true,"href":"https:\/\/absolutlaprairie.ca\/en\/wp-json\/wp\/v2\/comments?post=6308"}],"wp:featuredmedia":[{"embeddable":true,"href":"https:\/\/absolutlaprairie.ca\/en\/wp-json\/wp\/v2\/media\/6313"}],"wp:attachment":[{"href":"https:\/\/absolutlaprairie.ca\/en\/wp-json\/wp\/v2\/media?parent=6308"}],"wp:term":[{"taxonomy":"product_brand","embeddable":true,"href":"https:\/\/absolutlaprairie.ca\/en\/wp-json\/wp\/v2\/product_brand?post=6308"},{"taxonomy":"product_cat","embeddable":true,"href":"https:\/\/absolutlaprairie.ca\/en\/wp-json\/wp\/v2\/product_cat?post=6308"},{"taxonomy":"product_tag","embeddable":true,"href":"https:\/\/absolutlaprairie.ca\/en\/wp-json\/wp\/v2\/product_tag?post=6308"}],"curies":[{"name":"wp","href":"https:\/\/api.w.org\/{rel}","templated":true}]}}