{"id":5586,"date":"2025-01-25T14:44:03","date_gmt":"2025-01-25T19:44:03","guid":{"rendered":"https:\/\/absolutlaprairie.ca\/?post_type=product&#038;p=5586"},"modified":"2026-02-24T14:13:18","modified_gmt":"2026-02-24T19:13:18","slug":"lorreto-professional-mousse-coiffante-wave-curls-control","status":"publish","type":"product","link":"https:\/\/absolutlaprairie.ca\/en\/product\/lorreto-professional-mousse-coiffante-wave-curls-control\/","title":{"rendered":"LORRETO PROFESSIONAL &#8211; Mousse Coiffante Wave &#038; Curls Control 207ml"},"content":{"rendered":"<p>Obtenez des <strong>boucles et des vagues naturelles<\/strong> sans effet cartonn\u00e9 avec la <strong>Wave &amp; Curls Control Mousse 207ml<\/strong>. Sa formule l\u00e9g\u00e8re et non collante d\u00e9finit parfaitement les boucles tout en apportant hydratation et souplesse.<\/p>\n<p><strong>Caract\u00e9ristiques :<\/strong><br \/>\n\u2714 <strong>D\u00e9finit les boucles et ondulations sans les alourdir<\/strong><br \/>\n\u2714 <strong>Tenue souple et naturelle<\/strong><br \/>\n\u2714 <strong>Formule non collante et l\u00e9g\u00e8re<\/strong><br \/>\n\u2714 <strong>Id\u00e9ale pour tous types de cheveux boucl\u00e9s et ondul\u00e9s<\/strong><\/p>\n","protected":false},"excerpt":{"rendered":"<p>Obtenez des boucles et des vagues naturelles sans effet cartonn\u00e9 avec la Wave &amp; Curls Control Mousse 207ml. Sa formule l\u00e9g\u00e8re et non collante d\u00e9finit parfaitement les boucles tout en apportant hydratation et souplesse. Caract\u00e9ristiques : \u2714 D\u00e9finit les boucles et ondulations sans les alourdir \u2714 Tenue souple et naturelle \u2714 Formule non collante et [&hellip;]<\/p>\n","protected":false},"featured_media":5575,"comment_status":"open","ping_status":"closed","template":"","meta":{"_acf_changed":false,"_seopress_robots_primary_cat":"none","_seopress_titles_title":"LORRETO PROFESSIONAL - Mousse Coiffante Wave & Curls Control 207ml","_seopress_titles_desc":"","_seopress_robots_index":""},"product_brand":[],"product_cat":[70],"product_tag":[158,110],"class_list":{"0":"post-5586","1":"product","2":"type-product","3":"status-publish","4":"has-post-thumbnail","6":"product_cat-pommade-soins-pour-peau","7":"product_tag-mousse-coiffante","8":"product_tag-pommade","10":"first","11":"instock","12":"taxable","13":"shipping-taxable","14":"purchasable","15":"product-type-simple"},"acf":[],"_links":{"self":[{"href":"https:\/\/absolutlaprairie.ca\/en\/wp-json\/wp\/v2\/product\/5586","targetHints":{"allow":["GET"]}}],"collection":[{"href":"https:\/\/absolutlaprairie.ca\/en\/wp-json\/wp\/v2\/product"}],"about":[{"href":"https:\/\/absolutlaprairie.ca\/en\/wp-json\/wp\/v2\/types\/product"}],"replies":[{"embeddable":true,"href":"https:\/\/absolutlaprairie.ca\/en\/wp-json\/wp\/v2\/comments?post=5586"}],"wp:featuredmedia":[{"embeddable":true,"href":"https:\/\/absolutlaprairie.ca\/en\/wp-json\/wp\/v2\/media\/5575"}],"wp:attachment":[{"href":"https:\/\/absolutlaprairie.ca\/en\/wp-json\/wp\/v2\/media?parent=5586"}],"wp:term":[{"taxonomy":"product_brand","embeddable":true,"href":"https:\/\/absolutlaprairie.ca\/en\/wp-json\/wp\/v2\/product_brand?post=5586"},{"taxonomy":"product_cat","embeddable":true,"href":"https:\/\/absolutlaprairie.ca\/en\/wp-json\/wp\/v2\/product_cat?post=5586"},{"taxonomy":"product_tag","embeddable":true,"href":"https:\/\/absolutlaprairie.ca\/en\/wp-json\/wp\/v2\/product_tag?post=5586"}],"curies":[{"name":"wp","href":"https:\/\/api.w.org\/{rel}","templated":true}]}}