{"id":5583,"date":"2025-01-25T14:43:07","date_gmt":"2025-01-25T19:43:07","guid":{"rendered":"https:\/\/absolutlaprairie.ca\/?post_type=product&#038;p=5583"},"modified":"2025-03-24T13:07:28","modified_gmt":"2025-03-24T18:07:28","slug":"lorreto-professional-gants-en-nitrile-noir-100-pcs","status":"publish","type":"product","link":"https:\/\/absolutlaprairie.ca\/en\/product\/lorreto-professional-gants-en-nitrile-noir-100-pcs\/","title":{"rendered":"LORRETO PROFESSIONAL &#8211; Gants en Nitrile Noir (100 pcs)"},"content":{"rendered":"<p>Prot\u00e9gez vos mains avec ces <strong>gants en nitrile noir sans latex et sans poudre<\/strong>. Confortables et r\u00e9sistants, ils sont id\u00e9aux pour les professionnels de la coiffure, de l\u2019esth\u00e9tique et de la sant\u00e9.<\/p>\n<p><strong>Caract\u00e9ristiques :<\/strong><br \/>\n\u2714 <strong>Sans latex, id\u00e9al pour les peaux sensibles<\/strong><br \/>\n\u2714 <strong>Sans poudre pour un confort optimal<\/strong><br \/>\n\u2714 <strong>Ambidextres et usage unique<\/strong><br \/>\n\u2714 <strong>Bo\u00eete de 100 gants (taille Large)<\/strong><\/p>\n","protected":false},"excerpt":{"rendered":"<p>Prot\u00e9gez vos mains avec ces gants en nitrile noir sans latex et sans poudre. Confortables et r\u00e9sistants, ils sont id\u00e9aux pour les professionnels de la coiffure, de l\u2019esth\u00e9tique et de la sant\u00e9. Caract\u00e9ristiques : \u2714 Sans latex, id\u00e9al pour les peaux sensibles \u2714 Sans poudre pour un confort optimal \u2714 Ambidextres et usage unique \u2714 [&hellip;]<\/p>\n","protected":false},"featured_media":5573,"comment_status":"open","ping_status":"closed","template":"","meta":{"_acf_changed":false,"_seopress_robots_primary_cat":"none","_seopress_titles_title":"LORRETO PROFESSIONAL - Gants en Nitrile Noir (100 pcs)","_seopress_titles_desc":"","_seopress_robots_index":""},"product_brand":[],"product_cat":[73,70],"product_tag":[162],"class_list":{"0":"post-5583","1":"product","2":"type-product","3":"status-publish","4":"has-post-thumbnail","6":"product_cat-accessoires_coiffure","7":"product_cat-pommade-soins-pour-peau","8":"product_tag-gants-en-nitrile","10":"first","11":"instock","12":"taxable","13":"shipping-taxable","14":"purchasable","15":"product-type-simple"},"acf":[],"_links":{"self":[{"href":"https:\/\/absolutlaprairie.ca\/en\/wp-json\/wp\/v2\/product\/5583","targetHints":{"allow":["GET"]}}],"collection":[{"href":"https:\/\/absolutlaprairie.ca\/en\/wp-json\/wp\/v2\/product"}],"about":[{"href":"https:\/\/absolutlaprairie.ca\/en\/wp-json\/wp\/v2\/types\/product"}],"replies":[{"embeddable":true,"href":"https:\/\/absolutlaprairie.ca\/en\/wp-json\/wp\/v2\/comments?post=5583"}],"wp:featuredmedia":[{"embeddable":true,"href":"https:\/\/absolutlaprairie.ca\/en\/wp-json\/wp\/v2\/media\/5573"}],"wp:attachment":[{"href":"https:\/\/absolutlaprairie.ca\/en\/wp-json\/wp\/v2\/media?parent=5583"}],"wp:term":[{"taxonomy":"product_brand","embeddable":true,"href":"https:\/\/absolutlaprairie.ca\/en\/wp-json\/wp\/v2\/product_brand?post=5583"},{"taxonomy":"product_cat","embeddable":true,"href":"https:\/\/absolutlaprairie.ca\/en\/wp-json\/wp\/v2\/product_cat?post=5583"},{"taxonomy":"product_tag","embeddable":true,"href":"https:\/\/absolutlaprairie.ca\/en\/wp-json\/wp\/v2\/product_tag?post=5583"}],"curies":[{"name":"wp","href":"https:\/\/api.w.org\/{rel}","templated":true}]}}