{"id":5580,"date":"2025-01-25T14:42:06","date_gmt":"2025-01-25T19:42:06","guid":{"rendered":"https:\/\/absolutlaprairie.ca\/?post_type=product&#038;p=5580"},"modified":"2026-02-24T14:13:39","modified_gmt":"2026-02-24T19:13:39","slug":"lorreto-professional-pomade-de-cire-strong-hold","status":"publish","type":"product","link":"https:\/\/absolutlaprairie.ca\/en\/product\/lorreto-professional-pomade-de-cire-strong-hold\/","title":{"rendered":"LORRETO PROFESSIONAL &#8211; Pomade de Cire Strong Hold 150ml"},"content":{"rendered":"<p>Donnez \u00e0 votre coiffure une fixation ultra-forte et un fini l\u00e9g\u00e8rement brillant avec la <strong>Wax Pomade de LORRETO PROFESSIONAL 150ml<\/strong>. Id\u00e9ale pour un look structur\u00e9 et sophistiqu\u00e9.<\/p>\n<p><strong>Caract\u00e9ristiques :<\/strong><br \/>\n\u2714 <strong>Tenue forte et durable<\/strong><br \/>\n\u2714 <strong>Finition brillante naturelle<\/strong><br \/>\n\u2714 <strong>Facile \u00e0 appliquer et remodeler<\/strong><br \/>\n\u2714 <strong>Convient \u00e0 tous types de cheveux<\/strong><\/p>\n","protected":false},"excerpt":{"rendered":"<p>Donnez \u00e0 votre coiffure une fixation ultra-forte et un fini l\u00e9g\u00e8rement brillant avec la Wax Pomade de LORRETO PROFESSIONAL 150ml. Id\u00e9ale pour un look structur\u00e9 et sophistiqu\u00e9. Caract\u00e9ristiques : \u2714 Tenue forte et durable \u2714 Finition brillante naturelle \u2714 Facile \u00e0 appliquer et remodeler \u2714 Convient \u00e0 tous types de cheveux<\/p>\n","protected":false},"featured_media":5571,"comment_status":"open","ping_status":"closed","template":"","meta":{"_acf_changed":false,"_seopress_robots_primary_cat":"none","_seopress_titles_title":"LORRETO PROFESSIONAL - Pomade de Cire Strong Hold 150ml","_seopress_titles_desc":"","_seopress_robots_index":""},"product_brand":[],"product_cat":[70],"product_tag":[159,110],"class_list":{"0":"post-5580","1":"product","2":"type-product","3":"status-publish","4":"has-post-thumbnail","6":"product_cat-pommade-soins-pour-peau","7":"product_tag-pomade-de-cire","8":"product_tag-pommade","10":"first","11":"instock","12":"taxable","13":"shipping-taxable","14":"purchasable","15":"product-type-simple"},"acf":[],"_links":{"self":[{"href":"https:\/\/absolutlaprairie.ca\/en\/wp-json\/wp\/v2\/product\/5580","targetHints":{"allow":["GET"]}}],"collection":[{"href":"https:\/\/absolutlaprairie.ca\/en\/wp-json\/wp\/v2\/product"}],"about":[{"href":"https:\/\/absolutlaprairie.ca\/en\/wp-json\/wp\/v2\/types\/product"}],"replies":[{"embeddable":true,"href":"https:\/\/absolutlaprairie.ca\/en\/wp-json\/wp\/v2\/comments?post=5580"}],"wp:featuredmedia":[{"embeddable":true,"href":"https:\/\/absolutlaprairie.ca\/en\/wp-json\/wp\/v2\/media\/5571"}],"wp:attachment":[{"href":"https:\/\/absolutlaprairie.ca\/en\/wp-json\/wp\/v2\/media?parent=5580"}],"wp:term":[{"taxonomy":"product_brand","embeddable":true,"href":"https:\/\/absolutlaprairie.ca\/en\/wp-json\/wp\/v2\/product_brand?post=5580"},{"taxonomy":"product_cat","embeddable":true,"href":"https:\/\/absolutlaprairie.ca\/en\/wp-json\/wp\/v2\/product_cat?post=5580"},{"taxonomy":"product_tag","embeddable":true,"href":"https:\/\/absolutlaprairie.ca\/en\/wp-json\/wp\/v2\/product_tag?post=5580"}],"curies":[{"name":"wp","href":"https:\/\/api.w.org\/{rel}","templated":true}]}}