{"id":5577,"date":"2025-01-25T14:40:28","date_gmt":"2025-01-25T19:40:28","guid":{"rendered":"https:\/\/absolutlaprairie.ca\/?post_type=product&#038;p=5577"},"modified":"2026-02-24T14:13:50","modified_gmt":"2026-02-24T19:13:50","slug":"lorreto-professional-creme-coiffante-molding-cream","status":"publish","type":"product","link":"https:\/\/absolutlaprairie.ca\/en\/product\/lorreto-professional-creme-coiffante-molding-cream\/","title":{"rendered":"LORRETO PROFESSIONAL &#8211; Cr\u00e8me Coiffante Molding Cream 150ml"},"content":{"rendered":"<p>Cr\u00e9ez des styles naturels avec une tenue souple gr\u00e2ce \u00e0 la <strong>Molding Cream de LORRETO PROFESSIONAL 150ml<\/strong>. Parfaite pour donner du volume et du contr\u00f4le sans alourdir.<\/p>\n<p><strong>Caract\u00e9ristiques :<\/strong><br \/>\n\u2714 <strong>Fixation moyenne pour un look naturel<\/strong><br \/>\n\u2714 <strong>Finition l\u00e9g\u00e8rement brillante<\/strong><br \/>\n\u2714 <strong>Texture l\u00e9g\u00e8re et flexible<\/strong><br \/>\n\u2714 <strong>Convient aux cheveux courts et mi-longs<\/strong><\/p>\n","protected":false},"excerpt":{"rendered":"<p>Cr\u00e9ez des styles naturels avec une tenue souple gr\u00e2ce \u00e0 la Molding Cream de LORRETO PROFESSIONAL 150ml. Parfaite pour donner du volume et du contr\u00f4le sans alourdir. Caract\u00e9ristiques : \u2714 Fixation moyenne pour un look naturel \u2714 Finition l\u00e9g\u00e8rement brillante \u2714 Texture l\u00e9g\u00e8re et flexible \u2714 Convient aux cheveux courts et mi-longs<\/p>\n","protected":false},"featured_media":5569,"comment_status":"open","ping_status":"closed","template":"","meta":{"_acf_changed":false,"_seopress_robots_primary_cat":"none","_seopress_titles_title":"LORRETO PROFESSIONAL - Cr\u00e8me Coiffante Molding Cream 150ml","_seopress_titles_desc":"","_seopress_robots_index":""},"product_brand":[],"product_cat":[70],"product_tag":[160,110],"class_list":{"0":"post-5577","1":"product","2":"type-product","3":"status-publish","4":"has-post-thumbnail","6":"product_cat-pommade-soins-pour-peau","7":"product_tag-creme-coiffante","8":"product_tag-pommade","10":"first","11":"instock","12":"taxable","13":"shipping-taxable","14":"purchasable","15":"product-type-simple"},"acf":[],"_links":{"self":[{"href":"https:\/\/absolutlaprairie.ca\/en\/wp-json\/wp\/v2\/product\/5577","targetHints":{"allow":["GET"]}}],"collection":[{"href":"https:\/\/absolutlaprairie.ca\/en\/wp-json\/wp\/v2\/product"}],"about":[{"href":"https:\/\/absolutlaprairie.ca\/en\/wp-json\/wp\/v2\/types\/product"}],"replies":[{"embeddable":true,"href":"https:\/\/absolutlaprairie.ca\/en\/wp-json\/wp\/v2\/comments?post=5577"}],"wp:featuredmedia":[{"embeddable":true,"href":"https:\/\/absolutlaprairie.ca\/en\/wp-json\/wp\/v2\/media\/5569"}],"wp:attachment":[{"href":"https:\/\/absolutlaprairie.ca\/en\/wp-json\/wp\/v2\/media?parent=5577"}],"wp:term":[{"taxonomy":"product_brand","embeddable":true,"href":"https:\/\/absolutlaprairie.ca\/en\/wp-json\/wp\/v2\/product_brand?post=5577"},{"taxonomy":"product_cat","embeddable":true,"href":"https:\/\/absolutlaprairie.ca\/en\/wp-json\/wp\/v2\/product_cat?post=5577"},{"taxonomy":"product_tag","embeddable":true,"href":"https:\/\/absolutlaprairie.ca\/en\/wp-json\/wp\/v2\/product_tag?post=5577"}],"curies":[{"name":"wp","href":"https:\/\/api.w.org\/{rel}","templated":true}]}}