{"id":5564,"date":"2025-01-25T14:39:01","date_gmt":"2025-01-25T19:39:01","guid":{"rendered":"https:\/\/absolutlaprairie.ca\/?post_type=product&#038;p=5564"},"modified":"2026-02-24T14:14:01","modified_gmt":"2026-02-24T19:14:01","slug":"lorreto-professional-pate-coiffante-molding-paste","status":"publish","type":"product","link":"https:\/\/absolutlaprairie.ca\/en\/product\/lorreto-professional-pate-coiffante-molding-paste\/","title":{"rendered":"LORRETO PROFESSIONAL &#8211; P\u00e2te Coiffante Molding Paste 150ml"},"content":{"rendered":"<p>Apportez une tenue forte et une texture naturelle \u00e0 votre coiffure avec la <strong>Molding Paste de LORRETO PROFESSIONAL 150ml<\/strong>. Sa formule mall\u00e9able permet de cr\u00e9er des styles dynamiques tout en offrant une finition mate.<\/p>\n<p><strong>Caract\u00e9ristiques :<\/strong><br \/>\n\u2714 <strong>Fixation forte et longue tenue<\/strong><br \/>\n\u2714 <strong>Finition mate naturelle<\/strong><br \/>\n\u2714 <strong>Id\u00e9ale pour structurer et modeler les cheveux<\/strong><br \/>\n\u2714 <strong>Ne laisse aucun r\u00e9sidu gras<\/strong><\/p>\n","protected":false},"excerpt":{"rendered":"<p>Apportez une tenue forte et une texture naturelle \u00e0 votre coiffure avec la Molding Paste de LORRETO PROFESSIONAL 150ml. Sa formule mall\u00e9able permet de cr\u00e9er des styles dynamiques tout en offrant une finition mate. Caract\u00e9ristiques : \u2714 Fixation forte et longue tenue \u2714 Finition mate naturelle \u2714 Id\u00e9ale pour structurer et modeler les cheveux \u2714 [&hellip;]<\/p>\n","protected":false},"featured_media":5567,"comment_status":"open","ping_status":"closed","template":"","meta":{"_acf_changed":false,"_seopress_robots_primary_cat":"none","_seopress_titles_title":"LORRETO PROFESSIONAL - P\u00e2te Coiffante Molding Paste 150ml","_seopress_titles_desc":"","_seopress_robots_index":""},"product_brand":[],"product_cat":[70],"product_tag":[161,110],"class_list":{"0":"post-5564","1":"product","2":"type-product","3":"status-publish","4":"has-post-thumbnail","6":"product_cat-pommade-soins-pour-peau","7":"product_tag-pate-coiffante","8":"product_tag-pommade","10":"first","11":"instock","12":"taxable","13":"shipping-taxable","14":"purchasable","15":"product-type-simple"},"acf":[],"_links":{"self":[{"href":"https:\/\/absolutlaprairie.ca\/en\/wp-json\/wp\/v2\/product\/5564","targetHints":{"allow":["GET"]}}],"collection":[{"href":"https:\/\/absolutlaprairie.ca\/en\/wp-json\/wp\/v2\/product"}],"about":[{"href":"https:\/\/absolutlaprairie.ca\/en\/wp-json\/wp\/v2\/types\/product"}],"replies":[{"embeddable":true,"href":"https:\/\/absolutlaprairie.ca\/en\/wp-json\/wp\/v2\/comments?post=5564"}],"wp:featuredmedia":[{"embeddable":true,"href":"https:\/\/absolutlaprairie.ca\/en\/wp-json\/wp\/v2\/media\/5567"}],"wp:attachment":[{"href":"https:\/\/absolutlaprairie.ca\/en\/wp-json\/wp\/v2\/media?parent=5564"}],"wp:term":[{"taxonomy":"product_brand","embeddable":true,"href":"https:\/\/absolutlaprairie.ca\/en\/wp-json\/wp\/v2\/product_brand?post=5564"},{"taxonomy":"product_cat","embeddable":true,"href":"https:\/\/absolutlaprairie.ca\/en\/wp-json\/wp\/v2\/product_cat?post=5564"},{"taxonomy":"product_tag","embeddable":true,"href":"https:\/\/absolutlaprairie.ca\/en\/wp-json\/wp\/v2\/product_tag?post=5564"}],"curies":[{"name":"wp","href":"https:\/\/api.w.org\/{rel}","templated":true}]}}