{"id":5561,"date":"2025-01-25T14:36:09","date_gmt":"2025-01-25T19:36:09","guid":{"rendered":"https:\/\/absolutlaprairie.ca\/?post_type=product&#038;p=5561"},"modified":"2026-02-24T14:14:36","modified_gmt":"2026-02-24T19:14:36","slug":"lorreto-professional-pomade-coiffante-soft-hold","status":"publish","type":"product","link":"https:\/\/absolutlaprairie.ca\/en\/product\/lorreto-professional-pomade-coiffante-soft-hold\/","title":{"rendered":"LORRETO PROFESSIONAL &#8211; Pomade Coiffante (Soft Hold) 150 ml"},"content":{"rendered":"<p>Apportez une tenue souple et naturelle avec la <strong>Pomade Coiffante Soft Hold 150 ml<\/strong>. Sa texture l\u00e9g\u00e8re permet de structurer les cheveux tout en gardant un aspect souple et naturel.<\/p>\n<p><strong>Caract\u00e9ristiques :<\/strong><br \/>\n\u2714 <strong>Fixation souple et naturelle<\/strong><br \/>\n\u2714 <strong>Facile \u00e0 appliquer et \u00e0 laver<\/strong><br \/>\n\u2714 <strong>Id\u00e9ale pour un look naturel et disciplin\u00e9<\/strong><br \/>\n\u2714 <strong>Format pratique pour une utilisation quotidienne<\/strong><\/p>\n","protected":false},"excerpt":{"rendered":"<p>Apportez une tenue souple et naturelle avec la Pomade Coiffante Soft Hold 150 ml. Sa texture l\u00e9g\u00e8re permet de structurer les cheveux tout en gardant un aspect souple et naturel. Caract\u00e9ristiques : \u2714 Fixation souple et naturelle \u2714 Facile \u00e0 appliquer et \u00e0 laver \u2714 Id\u00e9ale pour un look naturel et disciplin\u00e9 \u2714 Format pratique [&hellip;]<\/p>\n","protected":false},"featured_media":5550,"comment_status":"open","ping_status":"closed","template":"","meta":{"_acf_changed":false,"_seopress_robots_primary_cat":"none","_seopress_titles_title":"LORRETO PROFESSIONAL - Pomade Coiffante (Soft Hold)","_seopress_titles_desc":"","_seopress_robots_index":""},"product_brand":[],"product_cat":[70],"product_tag":[163,110],"class_list":{"0":"post-5561","1":"product","2":"type-product","3":"status-publish","4":"has-post-thumbnail","6":"product_cat-pommade-soins-pour-peau","7":"product_tag-pomade-coiffante","8":"product_tag-pommade","10":"first","11":"instock","12":"taxable","13":"shipping-taxable","14":"purchasable","15":"product-type-simple"},"acf":[],"_links":{"self":[{"href":"https:\/\/absolutlaprairie.ca\/en\/wp-json\/wp\/v2\/product\/5561","targetHints":{"allow":["GET"]}}],"collection":[{"href":"https:\/\/absolutlaprairie.ca\/en\/wp-json\/wp\/v2\/product"}],"about":[{"href":"https:\/\/absolutlaprairie.ca\/en\/wp-json\/wp\/v2\/types\/product"}],"replies":[{"embeddable":true,"href":"https:\/\/absolutlaprairie.ca\/en\/wp-json\/wp\/v2\/comments?post=5561"}],"wp:featuredmedia":[{"embeddable":true,"href":"https:\/\/absolutlaprairie.ca\/en\/wp-json\/wp\/v2\/media\/5550"}],"wp:attachment":[{"href":"https:\/\/absolutlaprairie.ca\/en\/wp-json\/wp\/v2\/media?parent=5561"}],"wp:term":[{"taxonomy":"product_brand","embeddable":true,"href":"https:\/\/absolutlaprairie.ca\/en\/wp-json\/wp\/v2\/product_brand?post=5561"},{"taxonomy":"product_cat","embeddable":true,"href":"https:\/\/absolutlaprairie.ca\/en\/wp-json\/wp\/v2\/product_cat?post=5561"},{"taxonomy":"product_tag","embeddable":true,"href":"https:\/\/absolutlaprairie.ca\/en\/wp-json\/wp\/v2\/product_tag?post=5561"}],"curies":[{"name":"wp","href":"https:\/\/api.w.org\/{rel}","templated":true}]}}