{"id":5555,"date":"2025-01-25T14:31:08","date_gmt":"2025-01-25T19:31:08","guid":{"rendered":"https:\/\/absolutlaprairie.ca\/?post_type=product&#038;p=5555"},"modified":"2026-02-24T14:15:13","modified_gmt":"2026-02-24T19:15:13","slug":"lorreto-professional-gel-coiffant-super-strong-hold","status":"publish","type":"product","link":"https:\/\/absolutlaprairie.ca\/en\/product\/lorreto-professional-gel-coiffant-super-strong-hold\/","title":{"rendered":"LORRETO PROFESSIONAL &#8211; Gel Coiffant Super Strong Hold 500ml"},"content":{"rendered":"<p>Fixez votre coiffure avec le <strong>Gel Coiffant Super Strong Hold de LORRETO PROFESSIONAL 500ml<\/strong>. Sa formule longue tenue assure un maintien extr\u00eame sans r\u00e9sidus pour un look impeccable toute la journ\u00e9e.<\/p>\n<p><strong>Caract\u00e9ristiques :<\/strong><br \/>\n\u2714 <strong>Tenue ultra-forte et longue dur\u00e9e<\/strong><br \/>\n\u2714 <strong>Ne laisse aucun r\u00e9sidu ni effet collant<\/strong><br \/>\n\u2714 <strong>Texture l\u00e9g\u00e8re et facile \u00e0 appliquer<\/strong><br \/>\n\u2714 <strong>Format 500 ml id\u00e9al pour une utilisation prolong\u00e9e<\/strong><\/p>\n","protected":false},"excerpt":{"rendered":"<p>Fixez votre coiffure avec le Gel Coiffant Super Strong Hold de LORRETO PROFESSIONAL 500ml. Sa formule longue tenue assure un maintien extr\u00eame sans r\u00e9sidus pour un look impeccable toute la journ\u00e9e. Caract\u00e9ristiques : \u2714 Tenue ultra-forte et longue dur\u00e9e \u2714 Ne laisse aucun r\u00e9sidu ni effet collant \u2714 Texture l\u00e9g\u00e8re et facile \u00e0 appliquer \u2714 [&hellip;]<\/p>\n","protected":false},"featured_media":5546,"comment_status":"open","ping_status":"closed","template":"","meta":{"_acf_changed":false,"_seopress_robots_primary_cat":"none","_seopress_titles_title":"LORRETO PROFESSIONAL - Gel Coiffant Super Strong Hold 500ml","_seopress_titles_desc":"","_seopress_robots_index":""},"product_brand":[],"product_cat":[70],"product_tag":[164,110],"class_list":{"0":"post-5555","1":"product","2":"type-product","3":"status-publish","4":"has-post-thumbnail","6":"product_cat-pommade-soins-pour-peau","7":"product_tag-gel-coiffant","8":"product_tag-pommade","10":"first","11":"instock","12":"taxable","13":"shipping-taxable","14":"purchasable","15":"product-type-simple"},"acf":[],"_links":{"self":[{"href":"https:\/\/absolutlaprairie.ca\/en\/wp-json\/wp\/v2\/product\/5555","targetHints":{"allow":["GET"]}}],"collection":[{"href":"https:\/\/absolutlaprairie.ca\/en\/wp-json\/wp\/v2\/product"}],"about":[{"href":"https:\/\/absolutlaprairie.ca\/en\/wp-json\/wp\/v2\/types\/product"}],"replies":[{"embeddable":true,"href":"https:\/\/absolutlaprairie.ca\/en\/wp-json\/wp\/v2\/comments?post=5555"}],"wp:featuredmedia":[{"embeddable":true,"href":"https:\/\/absolutlaprairie.ca\/en\/wp-json\/wp\/v2\/media\/5546"}],"wp:attachment":[{"href":"https:\/\/absolutlaprairie.ca\/en\/wp-json\/wp\/v2\/media?parent=5555"}],"wp:term":[{"taxonomy":"product_brand","embeddable":true,"href":"https:\/\/absolutlaprairie.ca\/en\/wp-json\/wp\/v2\/product_brand?post=5555"},{"taxonomy":"product_cat","embeddable":true,"href":"https:\/\/absolutlaprairie.ca\/en\/wp-json\/wp\/v2\/product_cat?post=5555"},{"taxonomy":"product_tag","embeddable":true,"href":"https:\/\/absolutlaprairie.ca\/en\/wp-json\/wp\/v2\/product_tag?post=5555"}],"curies":[{"name":"wp","href":"https:\/\/api.w.org\/{rel}","templated":true}]}}