{"id":5552,"date":"2025-01-25T14:29:55","date_gmt":"2025-01-25T19:29:55","guid":{"rendered":"https:\/\/absolutlaprairie.ca\/?post_type=product&#038;p=5552"},"modified":"2026-01-19T12:05:43","modified_gmt":"2026-01-19T17:05:43","slug":"lorreto-professional-gommage-nettoyant-visage-corps","status":"publish","type":"product","link":"https:\/\/absolutlaprairie.ca\/en\/product\/lorreto-professional-gommage-nettoyant-visage-corps\/","title":{"rendered":"LORRETO PROFESSIONAL &#8211; Gommage Nettoyant Visage &#038; Corps 500ml"},"content":{"rendered":"<p>Nettoyez et exfoliez votre peau en douceur avec le <strong>Gommage Visage &amp; Corps de LORRETO PROFESSIONAL 500ml<\/strong>. Sa formule aide \u00e0 \u00e9liminer les cellules mortes et \u00e0 pr\u00e9venir les poils incarn\u00e9s pour une peau lisse et revitalis\u00e9e.<\/p>\n<p><strong>Caract\u00e9ristiques :<\/strong><br \/>\n\u2714 <strong>\u00c9limine et pr\u00e9vient les poils incarn\u00e9s<\/strong><br \/>\n\u2714 <strong>Exfolie en douceur pour une peau plus \u00e9clatante<\/strong><br \/>\n\u2714 <strong>Convient \u00e0 tous les types de peau<\/strong><br \/>\n\u2714 <strong>Format g\u00e9n\u00e9reux de 500 ml<\/strong><\/p>\n","protected":false},"excerpt":{"rendered":"<p>Nettoyez et exfoliez votre peau en douceur avec le Gommage Visage &amp; Corps de LORRETO PROFESSIONAL 500ml. Sa formule aide \u00e0 \u00e9liminer les cellules mortes et \u00e0 pr\u00e9venir les poils incarn\u00e9s pour une peau lisse et revitalis\u00e9e. Caract\u00e9ristiques : \u2714 \u00c9limine et pr\u00e9vient les poils incarn\u00e9s \u2714 Exfolie en douceur pour une peau plus \u00e9clatante [&hellip;]<\/p>\n","protected":false},"featured_media":5544,"comment_status":"open","ping_status":"closed","template":"","meta":{"_acf_changed":false,"_seopress_robots_primary_cat":"none","_seopress_titles_title":"LORRETO PROFESSIONAL - Gommage Nettoyant Visage & Corps 500ml","_seopress_titles_desc":"","_seopress_robots_index":""},"product_brand":[],"product_cat":[70],"product_tag":[165],"class_list":{"0":"post-5552","1":"product","2":"type-product","3":"status-publish","4":"has-post-thumbnail","6":"product_cat-pommade-soins-pour-peau","7":"product_tag-gommage-nettoyant","9":"first","10":"instock","11":"taxable","12":"shipping-taxable","13":"purchasable","14":"product-type-simple"},"acf":[],"_links":{"self":[{"href":"https:\/\/absolutlaprairie.ca\/en\/wp-json\/wp\/v2\/product\/5552","targetHints":{"allow":["GET"]}}],"collection":[{"href":"https:\/\/absolutlaprairie.ca\/en\/wp-json\/wp\/v2\/product"}],"about":[{"href":"https:\/\/absolutlaprairie.ca\/en\/wp-json\/wp\/v2\/types\/product"}],"replies":[{"embeddable":true,"href":"https:\/\/absolutlaprairie.ca\/en\/wp-json\/wp\/v2\/comments?post=5552"}],"wp:featuredmedia":[{"embeddable":true,"href":"https:\/\/absolutlaprairie.ca\/en\/wp-json\/wp\/v2\/media\/5544"}],"wp:attachment":[{"href":"https:\/\/absolutlaprairie.ca\/en\/wp-json\/wp\/v2\/media?parent=5552"}],"wp:term":[{"taxonomy":"product_brand","embeddable":true,"href":"https:\/\/absolutlaprairie.ca\/en\/wp-json\/wp\/v2\/product_brand?post=5552"},{"taxonomy":"product_cat","embeddable":true,"href":"https:\/\/absolutlaprairie.ca\/en\/wp-json\/wp\/v2\/product_cat?post=5552"},{"taxonomy":"product_tag","embeddable":true,"href":"https:\/\/absolutlaprairie.ca\/en\/wp-json\/wp\/v2\/product_tag?post=5552"}],"curies":[{"name":"wp","href":"https:\/\/api.w.org\/{rel}","templated":true}]}}