{"id":5539,"date":"2025-01-25T14:28:33","date_gmt":"2025-01-25T19:28:33","guid":{"rendered":"https:\/\/absolutlaprairie.ca\/?post_type=product&#038;p=5539"},"modified":"2026-02-24T14:15:43","modified_gmt":"2026-02-24T19:15:43","slug":"lorreto-professional-fibres-capillaires-densifiantes","status":"publish","type":"product","link":"https:\/\/absolutlaprairie.ca\/en\/product\/lorreto-professional-fibres-capillaires-densifiantes\/","title":{"rendered":"LORRETO PROFESSIONAL &#8211; Fibres Capillaires Densifiantes"},"content":{"rendered":"<p>Obtenez instantan\u00e9ment une chevelure plus dense avec les <strong>Fibres Capillaires Densifiantes de LORRETO PROFESSIONAL<\/strong>. Con\u00e7ues pour masquer les zones clairsem\u00e9es, elles s\u2019accrochent naturellement aux cheveux existants pour un effet volumisant imm\u00e9diat et naturel.<\/p>\n<p><strong>Caract\u00e9ristiques :<\/strong><br \/>\n\u2714 <strong>\u00c9paissit instantan\u00e9ment les cheveux clairsem\u00e9s<\/strong><br \/>\n\u2714 <strong>Formule naturelle, sans produits chimiques<\/strong><br \/>\n\u2714 <strong>Effet durable et r\u00e9sistant \u00e0 l\u2019humidit\u00e9<\/strong><br \/>\n\u2714 <strong>Facile \u00e0 appliquer avec un applicateur pr\u00e9cis<\/strong><br \/>\n\u2714 <strong>Teinte : Brun Fonc\u00e9<\/strong><\/p>\n","protected":false},"excerpt":{"rendered":"<p>Obtenez instantan\u00e9ment une chevelure plus dense avec les Fibres Capillaires Densifiantes de LORRETO PROFESSIONAL. Con\u00e7ues pour masquer les zones clairsem\u00e9es, elles s\u2019accrochent naturellement aux cheveux existants pour un effet volumisant imm\u00e9diat et naturel. Caract\u00e9ristiques : \u2714 \u00c9paissit instantan\u00e9ment les cheveux clairsem\u00e9s \u2714 Formule naturelle, sans produits chimiques \u2714 Effet durable et r\u00e9sistant \u00e0 l\u2019humidit\u00e9 \u2714 [&hellip;]<\/p>\n","protected":false},"featured_media":5528,"comment_status":"open","ping_status":"closed","template":"","meta":{"_acf_changed":false,"_seopress_robots_primary_cat":"none","_seopress_titles_title":"LORRETO PROFESSIONAL - Fibres Capillaires Densifiantes","_seopress_titles_desc":"","_seopress_robots_index":""},"product_brand":[],"product_cat":[70],"product_tag":[166,110],"class_list":{"0":"post-5539","1":"product","2":"type-product","3":"status-publish","4":"has-post-thumbnail","6":"product_cat-pommade-soins-pour-peau","7":"product_tag-fibres-capillaires-densifiantes","8":"product_tag-pommade","10":"first","11":"instock","12":"taxable","13":"shipping-taxable","14":"purchasable","15":"product-type-simple"},"acf":[],"_links":{"self":[{"href":"https:\/\/absolutlaprairie.ca\/en\/wp-json\/wp\/v2\/product\/5539","targetHints":{"allow":["GET"]}}],"collection":[{"href":"https:\/\/absolutlaprairie.ca\/en\/wp-json\/wp\/v2\/product"}],"about":[{"href":"https:\/\/absolutlaprairie.ca\/en\/wp-json\/wp\/v2\/types\/product"}],"replies":[{"embeddable":true,"href":"https:\/\/absolutlaprairie.ca\/en\/wp-json\/wp\/v2\/comments?post=5539"}],"wp:featuredmedia":[{"embeddable":true,"href":"https:\/\/absolutlaprairie.ca\/en\/wp-json\/wp\/v2\/media\/5528"}],"wp:attachment":[{"href":"https:\/\/absolutlaprairie.ca\/en\/wp-json\/wp\/v2\/media?parent=5539"}],"wp:term":[{"taxonomy":"product_brand","embeddable":true,"href":"https:\/\/absolutlaprairie.ca\/en\/wp-json\/wp\/v2\/product_brand?post=5539"},{"taxonomy":"product_cat","embeddable":true,"href":"https:\/\/absolutlaprairie.ca\/en\/wp-json\/wp\/v2\/product_cat?post=5539"},{"taxonomy":"product_tag","embeddable":true,"href":"https:\/\/absolutlaprairie.ca\/en\/wp-json\/wp\/v2\/product_tag?post=5539"}],"curies":[{"name":"wp","href":"https:\/\/api.w.org\/{rel}","templated":true}]}}