{"id":5533,"date":"2025-01-25T14:23:46","date_gmt":"2025-01-25T19:23:46","guid":{"rendered":"https:\/\/absolutlaprairie.ca\/?post_type=product&#038;p=5533"},"modified":"2026-02-24T14:16:36","modified_gmt":"2026-02-24T19:16:36","slug":"lorreto-professional-revitalisant-sans-rincage-pour-barbe-cheveux-a-la-keratine-et-huile-damande","status":"publish","type":"product","link":"https:\/\/absolutlaprairie.ca\/en\/product\/lorreto-professional-revitalisant-sans-rincage-pour-barbe-cheveux-a-la-keratine-et-huile-damande\/","title":{"rendered":"LORRETO PROFESSIONAL &#8211; Revitalisant Sans Rin\u00e7age pour Barbe &#038; Cheveux"},"content":{"rendered":"<p>Un soin express pour une barbe et des cheveux bien entretenus ! Sa formule riche en <strong>k\u00e9ratine et huile d&#8217;amande<\/strong> hydrate en profondeur, r\u00e9duit les frisottis et procure une douceur incomparable.<\/p>\n<p><strong>Caract\u00e9ristiques :<\/strong><br \/>\n\u2714 <strong>Revitalisant sans rin\u00e7age ultra-pratique<\/strong><br \/>\n\u2714 <strong>Hydrate et assouplit la barbe et les cheveux<\/strong><br \/>\n\u2714 <strong>Formule enrichie en k\u00e9ratine et huile d\u2019amande<\/strong><br \/>\n\u2714 <strong>Lutte contre la s\u00e9cheresse et les frisottis<\/strong><br \/>\n\u2714 <strong>Format 150 ml facile \u00e0 transporter<\/strong><\/p>\n","protected":false},"excerpt":{"rendered":"<p>Un soin express pour une barbe et des cheveux bien entretenus ! Sa formule riche en <strong>k\u00e9ratine et huile d&#8217;amande<\/strong> hydrate en profondeur, r\u00e9duit les frisottis et procure une douceur incomparable.<\/p>\n<p><strong>Caract\u00e9ristiques :<\/strong><br \/>\n\u2714 <strong>Revitalisant sans rin\u00e7age ultra-pratique<\/strong><br \/>\n\u2714 <strong>Hydrate et assouplit la barbe et les cheveux<\/strong><br \/>\n\u2714 <strong>Formule enrichie en k\u00e9ratine et huile d\u2019amande<\/strong><br \/>\n\u2714 <strong>Lutte contre la s\u00e9cheresse et les frisottis<\/strong><br \/>\n\u2714 <strong>Format 150 ml facile \u00e0 transporter<\/strong><\/p>\n","protected":false},"featured_media":5524,"comment_status":"open","ping_status":"closed","template":"","meta":{"_acf_changed":false,"_seopress_robots_primary_cat":"none","_seopress_titles_title":"LORRETO PROFESSIONAL - Revitalisant Sans Rin\u00e7age pour Barbe & Cheveux \u00e0 la K\u00e9ratine et Huile d'Amande","_seopress_titles_desc":"","_seopress_robots_index":""},"product_brand":[],"product_cat":[70],"product_tag":[113,110,168],"class_list":{"0":"post-5533","1":"product","2":"type-product","3":"status-publish","4":"has-post-thumbnail","6":"product_cat-pommade-soins-pour-peau","7":"product_tag-huile-a-barbe","8":"product_tag-pommade","9":"product_tag-revitalisant-sans-rincage-pour-barbe-cheveux","11":"first","12":"instock","13":"taxable","14":"shipping-taxable","15":"purchasable","16":"product-type-simple"},"acf":[],"_links":{"self":[{"href":"https:\/\/absolutlaprairie.ca\/en\/wp-json\/wp\/v2\/product\/5533","targetHints":{"allow":["GET"]}}],"collection":[{"href":"https:\/\/absolutlaprairie.ca\/en\/wp-json\/wp\/v2\/product"}],"about":[{"href":"https:\/\/absolutlaprairie.ca\/en\/wp-json\/wp\/v2\/types\/product"}],"replies":[{"embeddable":true,"href":"https:\/\/absolutlaprairie.ca\/en\/wp-json\/wp\/v2\/comments?post=5533"}],"wp:featuredmedia":[{"embeddable":true,"href":"https:\/\/absolutlaprairie.ca\/en\/wp-json\/wp\/v2\/media\/5524"}],"wp:attachment":[{"href":"https:\/\/absolutlaprairie.ca\/en\/wp-json\/wp\/v2\/media?parent=5533"}],"wp:term":[{"taxonomy":"product_brand","embeddable":true,"href":"https:\/\/absolutlaprairie.ca\/en\/wp-json\/wp\/v2\/product_brand?post=5533"},{"taxonomy":"product_cat","embeddable":true,"href":"https:\/\/absolutlaprairie.ca\/en\/wp-json\/wp\/v2\/product_cat?post=5533"},{"taxonomy":"product_tag","embeddable":true,"href":"https:\/\/absolutlaprairie.ca\/en\/wp-json\/wp\/v2\/product_tag?post=5533"}],"curies":[{"name":"wp","href":"https:\/\/api.w.org\/{rel}","templated":true}]}}